


{"id":983,"date":"2024-07-04T11:00:28","date_gmt":"2024-07-04T09:00:28","guid":{"rendered":"https:\/\/pepr-cloud.fr\/fr\/?page_id=983"},"modified":"2025-04-14T11:30:37","modified_gmt":"2025-04-14T09:30:37","slug":"983-2","status":"publish","type":"page","link":"https:\/\/pepr-cloud.fr\/fr\/les-projets-du-pepr-cloud\/","title":{"rendered":"Les projets du PEPR Cloud"},"content":{"rendered":"<div class=\"wp-block-cover banner banner-medium animate__animated animate__fadeInDown\"><span aria-hidden=\"true\" class=\"has-background-dim-0 wp-block-cover__gradient-background has-background-dim\"><\/span><img loading=\"lazy\" decoding=\"async\" width=\"3628\" height=\"1206\" class=\"wp-block-cover__image-background wp-image-2496\" alt=\"\" src=\"https:\/\/pepr-cloud.fr\/files\/2024\/10\/pixelcut-export-12.png\" data-object-fit=\"cover\" srcset=\"https:\/\/pepr-cloud.fr\/files\/2024\/10\/pixelcut-export-12.png 3628w, https:\/\/pepr-cloud.fr\/files\/2024\/10\/pixelcut-export-12-300x100.png 300w, https:\/\/pepr-cloud.fr\/files\/2024\/10\/pixelcut-export-12-1024x340.png 1024w, https:\/\/pepr-cloud.fr\/files\/2024\/10\/pixelcut-export-12-768x255.png 768w, https:\/\/pepr-cloud.fr\/files\/2024\/10\/pixelcut-export-12-1536x511.png 1536w, https:\/\/pepr-cloud.fr\/files\/2024\/10\/pixelcut-export-12-2048x681.png 2048w, https:\/\/pepr-cloud.fr\/files\/2024\/10\/pixelcut-export-12-150x50.png 150w\" sizes=\"auto, (max-width: 3628px) 100vw, 3628px\" \/><div class=\"wp-block-cover__inner-container is-layout-flow wp-block-cover-is-layout-flow\">\n<p class=\"has-text-align-center has-large-font-size\"><\/p>\n<\/div><\/div>\n\n\n\n<div style=\"height:100px\" aria-hidden=\"true\" class=\"wp-block-spacer\"><\/div>\n\n\n\n<div class=\"wp-block-columns alignwide is-layout-flex wp-container-core-columns-is-layout-829b1d53 wp-block-columns-is-layout-flex\" style=\"margin-bottom:0\">\n<div class=\"wp-block-column hvr-float animate__animated animation-on-viewport viewport:fadeIn has-text-color has-link-color wp-elements-9be47b9f56c2510ecdba3e50d258c767 is-layout-flow wp-block-column-is-layout-flow\" style=\"color:#000000;padding-top:2em;padding-right:2em;padding-bottom:2em;padding-left:2em\">\n<figure class=\"wp-block-image size-full background-card-home\"><img loading=\"lazy\" decoding=\"async\" width=\"1024\" height=\"683\" src=\"https:\/\/pepr-cloud.fr\/files\/2024\/07\/Archi-CESAM-Inria-0287-050-2.jpg\" alt=\"\" class=\"wp-image-768\" srcset=\"https:\/\/pepr-cloud.fr\/files\/2024\/07\/Archi-CESAM-Inria-0287-050-2.jpg 1024w, https:\/\/pepr-cloud.fr\/files\/2024\/07\/Archi-CESAM-Inria-0287-050-2-300x200.jpg 300w, https:\/\/pepr-cloud.fr\/files\/2024\/07\/Archi-CESAM-Inria-0287-050-2-768x512.jpg 768w, https:\/\/pepr-cloud.fr\/files\/2024\/07\/Archi-CESAM-Inria-0287-050-2-150x100.jpg 150w\" sizes=\"auto, (max-width: 1024px) 100vw, 1024px\" \/><\/figure>\n\n\n\n<div class=\"wp-block-group text-card-home\"><div class=\"wp-block-group__inner-container is-layout-flow wp-block-group-is-layout-flow\">\n<h2 class=\"has-text-align-center wp-block-heading has-black-color has-text-color\" id=\"family\" style=\"font-size:40px\"><strong>Archi-CESAM<\/strong><\/h2>\n\n\n\n<div style=\"height:20px\" aria-hidden=\"true\" class=\"wp-block-spacer\"><\/div>\n\n\n\n<p class=\"has-text-align-center has-normal-font-size\" style=\"line-height:1.5\">Architecture converg\u00e9e, efficace et s\u00fbre \u00e0 base d\u2019acc\u00e9l\u00e9rateurs proches de la m\u00e9moire \/ Archi-CESAM<\/p>\n\n\n\n<div style=\"height:20px\" aria-hidden=\"true\" class=\"wp-block-spacer\"><\/div>\n\n\n\n<div class=\"wp-block-buttons alignfull is-horizontal is-content-justification-center is-layout-flex wp-container-core-buttons-is-layout-499968f5 wp-block-buttons-is-layout-flex\">\n<div class=\"wp-block-button has-custom-width wp-block-button__width-100 has-custom-font-size is-style-fill\" style=\"font-size:17px\"><a class=\"wp-block-button__link has-black-color has-white-background-color has-text-color has-background\" href=\"https:\/\/pepr-cloud.fr\/fr\/projet-archi-cesam\/\"><strong>En savoir plus<\/strong><\/a><\/div>\n<\/div>\n<\/div><\/div>\n<\/div>\n\n\n\n<div class=\"wp-block-column hvr-float animate__animated animation-on-viewport viewport:fadeIn has-text-color has-link-color wp-elements-eaea0a6ffdcb509c822c0518eb5125c5 is-layout-flow wp-block-column-is-layout-flow\" style=\"color:#000000;padding-top:2em;padding-right:2em;padding-bottom:2em;padding-left:2em\">\n<figure class=\"wp-block-image size-large background-card-home\"><img loading=\"lazy\" decoding=\"async\" width=\"1024\" height=\"768\" src=\"https:\/\/pepr-cloud.fr\/files\/2024\/07\/CareCloud-Inria-1024x768.jpg\" alt=\"\" class=\"wp-image-765\" srcset=\"https:\/\/pepr-cloud.fr\/files\/2024\/07\/CareCloud-Inria-1024x768.jpg 1024w, https:\/\/pepr-cloud.fr\/files\/2024\/07\/CareCloud-Inria-300x225.jpg 300w, https:\/\/pepr-cloud.fr\/files\/2024\/07\/CareCloud-Inria-768x576.jpg 768w, https:\/\/pepr-cloud.fr\/files\/2024\/07\/CareCloud-Inria-1536x1152.jpg 1536w, https:\/\/pepr-cloud.fr\/files\/2024\/07\/CareCloud-Inria-150x113.jpg 150w, https:\/\/pepr-cloud.fr\/files\/2024\/07\/CareCloud-Inria.jpg 2016w\" sizes=\"auto, (max-width: 1024px) 100vw, 1024px\" \/><\/figure>\n\n\n\n<div class=\"wp-block-group text-card-home\"><div class=\"wp-block-group__inner-container is-layout-flow wp-block-group-is-layout-flow\">\n<h2 class=\"has-text-align-center wp-block-heading has-black-color has-text-color\" id=\"single\" style=\"font-size:40px\"><strong>CARECloud<\/strong><\/h2>\n\n\n\n<div style=\"height:20px\" aria-hidden=\"true\" class=\"wp-block-spacer\"><\/div>\n\n\n\n<p class=\"has-text-align-center has-black-color has-text-color\" style=\"font-size:16px;line-height:1.5\">Comprendre, am\u00e9liorer, r\u00e9duire les impacts environnementaux du Cloud computing<\/p>\n\n\n\n<div style=\"height:20px\" aria-hidden=\"true\" class=\"wp-block-spacer\"><\/div>\n\n\n\n<div class=\"wp-block-buttons alignfull is-horizontal is-content-justification-center is-layout-flex wp-container-core-buttons-is-layout-499968f5 wp-block-buttons-is-layout-flex\">\n<div class=\"wp-block-button has-custom-width wp-block-button__width-100 has-custom-font-size is-style-fill\" style=\"font-size:17px\"><a class=\"wp-block-button__link has-black-color has-white-background-color has-text-color has-background\" href=\"https:\/\/pepr-cloud.fr\/fr\/projet-carecloud\/\" style=\"border-radius:15px\"><strong>En savoir plus<\/strong><\/a><\/div>\n<\/div>\n<\/div><\/div>\n<\/div>\n\n\n\n<div class=\"wp-block-column hvr-float animate__animated animation-on-viewport viewport:fadeIn has-text-color has-link-color wp-elements-a55207e329760b6c7b713857c1af4e2c is-layout-flow wp-block-column-is-layout-flow\" style=\"color:#000000;padding-top:2em;padding-right:2em;padding-bottom:2em;padding-left:2em\">\n<figure class=\"wp-block-image size-full background-card-home\"><img loading=\"lazy\" decoding=\"async\" width=\"1024\" height=\"683\" src=\"https:\/\/pepr-cloud.fr\/files\/2024\/07\/Diva-Inria-0356-235.jpg\" alt=\"\" class=\"wp-image-771\" title=\"\" srcset=\"https:\/\/pepr-cloud.fr\/files\/2024\/07\/Diva-Inria-0356-235.jpg 1024w, https:\/\/pepr-cloud.fr\/files\/2024\/07\/Diva-Inria-0356-235-300x200.jpg 300w, https:\/\/pepr-cloud.fr\/files\/2024\/07\/Diva-Inria-0356-235-768x512.jpg 768w, https:\/\/pepr-cloud.fr\/files\/2024\/07\/Diva-Inria-0356-235-150x100.jpg 150w\" sizes=\"auto, (max-width: 1024px) 100vw, 1024px\" \/><\/figure>\n\n\n\n<div class=\"wp-block-group text-card-home\"><div class=\"wp-block-group__inner-container is-layout-flow wp-block-group-is-layout-flow\">\n<h2 class=\"has-text-align-center wp-block-heading has-black-color has-text-color\" id=\"patron\" style=\"font-size:40px\"><strong>DiVa<\/strong><\/h2>\n\n\n\n<div style=\"height:40px\" aria-hidden=\"true\" class=\"wp-block-spacer\"><\/div>\n\n\n\n<p class=\"has-text-align-center has-normal-font-size\">D\u00e9sagr\u00e9gation virtualis\u00e9e<strong><strong>&nbsp;<\/strong><\/strong><\/p>\n\n\n\n<div style=\"height:40px\" aria-hidden=\"true\" class=\"wp-block-spacer\"><\/div>\n\n\n\n<div class=\"wp-block-buttons alignfull is-horizontal is-content-justification-center is-layout-flex wp-container-core-buttons-is-layout-499968f5 wp-block-buttons-is-layout-flex\">\n<div class=\"wp-block-button has-custom-width wp-block-button__width-100 has-custom-font-size\" style=\"font-size:17px\"><a class=\"wp-block-button__link has-black-color has-white-background-color has-text-color has-background\" href=\"https:\/\/pepr-cloud.fr\/fr\/projet-diva\/\"><strong>En savoir plus<\/strong><\/a><\/div>\n<\/div>\n<\/div><\/div>\n<\/div>\n<\/div>\n\n\n\n<div style=\"height:30px\" aria-hidden=\"true\" class=\"wp-block-spacer\"><\/div>\n\n\n\n<div class=\"wp-block-columns alignwide is-layout-flex wp-container-core-columns-is-layout-829b1d53 wp-block-columns-is-layout-flex\" style=\"margin-bottom:0\">\n<div class=\"wp-block-column hvr-float animate__animated animation-on-viewport viewport:fadeIn has-text-color has-link-color wp-elements-81651e9270c30dda815dd0552054be71 is-layout-flow wp-block-column-is-layout-flow\" style=\"color:#000000;padding-top:2em;padding-right:2em;padding-bottom:2em;padding-left:2em\">\n<figure class=\"wp-block-image size-full background-card-home\"><img loading=\"lazy\" decoding=\"async\" width=\"1024\" height=\"683\" src=\"https:\/\/pepr-cloud.fr\/files\/2024\/07\/Silecs-Inria-0356-242.jpg\" alt=\"\" class=\"wp-image-791\" srcset=\"https:\/\/pepr-cloud.fr\/files\/2024\/07\/Silecs-Inria-0356-242.jpg 1024w, https:\/\/pepr-cloud.fr\/files\/2024\/07\/Silecs-Inria-0356-242-300x200.jpg 300w, https:\/\/pepr-cloud.fr\/files\/2024\/07\/Silecs-Inria-0356-242-768x512.jpg 768w, https:\/\/pepr-cloud.fr\/files\/2024\/07\/Silecs-Inria-0356-242-150x100.jpg 150w\" sizes=\"auto, (max-width: 1024px) 100vw, 1024px\" \/><\/figure>\n\n\n\n<div class=\"wp-block-group text-card-home\"><div class=\"wp-block-group__inner-container is-layout-flow wp-block-group-is-layout-flow\">\n<h2 class=\"has-text-align-center wp-block-heading has-black-color has-text-color\" id=\"family\" style=\"font-size:40px\"><strong>SILECS<\/strong><\/h2>\n\n\n\n<div style=\"height:30px\" aria-hidden=\"true\" class=\"wp-block-spacer\"><\/div>\n\n\n\n<p class=\"has-text-align-center has-normal-font-size\" style=\"line-height:1.5\">Super Infrastructure for Large-Scale&nbsp;Experimental&nbsp;Computer Science for Cloud\/Edge\/IoT<\/p>\n\n\n\n<div style=\"height:40px\" aria-hidden=\"true\" class=\"wp-block-spacer\"><\/div>\n\n\n\n<div class=\"wp-block-buttons alignfull is-horizontal is-content-justification-center is-layout-flex wp-container-core-buttons-is-layout-499968f5 wp-block-buttons-is-layout-flex\">\n<div class=\"wp-block-button has-custom-width wp-block-button__width-100 has-custom-font-size is-style-fill\" style=\"font-size:17px\"><a class=\"wp-block-button__link has-black-color has-white-background-color has-text-color has-background\" href=\"https:\/\/pepr-cloud.fr\/fr\/projet-silecs\/\"><strong>En savoir plus<\/strong><\/a><\/div>\n<\/div>\n<\/div><\/div>\n<\/div>\n\n\n\n<div class=\"wp-block-column has-text-color has-link-color wp-elements-992aafd931bbfcf6ca1b53f3b7db8b08 is-layout-flow wp-block-column-is-layout-flow\" style=\"color:#000000;padding-top:2em;padding-right:2em;padding-bottom:2em;padding-left:2em\">\n<div class=\"wp-block-group\"><div class=\"wp-block-group__inner-container is-layout-flow wp-block-group-is-layout-flow\">\n<h2 class=\"has-text-align-center has-black-color has-text-color wp-block-heading\" id=\"family\" style=\"font-size:50px\">Les <strong>projets <\/strong>du PEPR Cloud<\/h2>\n\n\n\n<div style=\"height:40px\" aria-hidden=\"true\" class=\"wp-block-spacer\"><\/div>\n<\/div><\/div>\n<\/div>\n\n\n\n<div class=\"wp-block-column hvr-float animate__animated animation-on-viewport viewport:fadeIn has-text-color has-link-color wp-elements-9f9467c86a5c701de44af51aa9338a99 is-layout-flow wp-block-column-is-layout-flow\" style=\"color:#000000;padding-top:2em;padding-right:2em;padding-bottom:2em;padding-left:2em\">\n<figure class=\"wp-block-image size-full background-card-home\"><img loading=\"lazy\" decoding=\"async\" width=\"1024\" height=\"683\" src=\"https:\/\/pepr-cloud.fr\/files\/2024\/07\/Spirec-INRIA.jpg\" alt=\"\" class=\"wp-image-793\" srcset=\"https:\/\/pepr-cloud.fr\/files\/2024\/07\/Spirec-INRIA.jpg 1024w, https:\/\/pepr-cloud.fr\/files\/2024\/07\/Spirec-INRIA-300x200.jpg 300w, https:\/\/pepr-cloud.fr\/files\/2024\/07\/Spirec-INRIA-768x512.jpg 768w, https:\/\/pepr-cloud.fr\/files\/2024\/07\/Spirec-INRIA-150x100.jpg 150w\" sizes=\"auto, (max-width: 1024px) 100vw, 1024px\" \/><\/figure>\n\n\n\n<div class=\"wp-block-group text-card-home\"><div class=\"wp-block-group__inner-container is-layout-flow wp-block-group-is-layout-flow\">\n<h2 class=\"has-text-align-center wp-block-heading has-black-color has-text-color\" id=\"patron\" style=\"font-size:40px\"><strong>SPIREC<\/strong><\/h2>\n\n\n\n<div style=\"height:20px\" aria-hidden=\"true\" class=\"wp-block-spacer\"><\/div>\n\n\n\n<p class=\"has-text-align-center has-normal-font-size\">Supervision et pr\u00e9diction multi-niveaux pour Infrastructures&nbsp;g\u00e9o-distribu\u00e9es et h\u00e9t\u00e9rog\u00e8nes dans le continuum Cloud\/Edge\/IoT<\/p>\n\n\n\n<div style=\"height:10px\" aria-hidden=\"true\" class=\"wp-block-spacer\"><\/div>\n\n\n\n<div class=\"wp-block-buttons alignfull is-horizontal is-content-justification-center is-layout-flex wp-container-core-buttons-is-layout-499968f5 wp-block-buttons-is-layout-flex\">\n<div class=\"wp-block-button has-custom-width wp-block-button__width-100 has-custom-font-size\" style=\"font-size:17px\"><a class=\"wp-block-button__link has-black-color has-white-background-color has-text-color has-background\" href=\"https:\/\/pepr-cloud.fr\/fr\/projet-spirec\/\"><strong>En savoir plus<\/strong><\/a><\/div>\n<\/div>\n<\/div><\/div>\n<\/div>\n<\/div>\n\n\n\n<div style=\"height:30px\" aria-hidden=\"true\" class=\"wp-block-spacer\"><\/div>\n\n\n\n<div class=\"wp-block-columns alignwide is-layout-flex wp-container-core-columns-is-layout-829b1d53 wp-block-columns-is-layout-flex\" style=\"margin-bottom:0\">\n<div class=\"wp-block-column hvr-float animate__animated animation-on-viewport viewport:fadeIn has-text-color has-link-color wp-elements-7df009071b0994462e541d3576eb5db5 is-layout-flow wp-block-column-is-layout-flow\" style=\"color:#000000;padding-top:2em;padding-right:2em;padding-bottom:2em;padding-left:2em\">\n<figure class=\"wp-block-image size-full background-card-home\"><img loading=\"lazy\" decoding=\"async\" width=\"681\" height=\"1024\" src=\"https:\/\/pepr-cloud.fr\/files\/2024\/07\/Steel-INRIA-CDR0040-1983.jpg\" alt=\"\" class=\"wp-image-795\" srcset=\"https:\/\/pepr-cloud.fr\/files\/2024\/07\/Steel-INRIA-CDR0040-1983.jpg 681w, https:\/\/pepr-cloud.fr\/files\/2024\/07\/Steel-INRIA-CDR0040-1983-200x300.jpg 200w, https:\/\/pepr-cloud.fr\/files\/2024\/07\/Steel-INRIA-CDR0040-1983-100x150.jpg 100w\" sizes=\"auto, (max-width: 681px) 100vw, 681px\" \/><\/figure>\n\n\n\n<div class=\"wp-block-group text-card-home\"><div class=\"wp-block-group__inner-container is-layout-flow wp-block-group-is-layout-flow\">\n<h2 class=\"has-text-align-center wp-block-heading has-black-color has-text-color\" id=\"single\" style=\"font-size:40px\"><strong>STEEL<\/strong><\/h2>\n\n\n\n<div style=\"height:35px\" aria-hidden=\"true\" class=\"wp-block-spacer\"><\/div>\n\n\n\n<p class=\"has-text-align-center has-normal-font-size\" style=\"line-height:1.5\">Stockage et traitement efficace et s\u00e9curise\u0301 des donne\u0301es sur des infrastructures a\u0300 base de Cloud<\/p>\n\n\n\n<div style=\"height:35px\" aria-hidden=\"true\" class=\"wp-block-spacer\"><\/div>\n\n\n\n<div class=\"wp-block-buttons alignfull is-horizontal is-content-justification-center is-layout-flex wp-container-core-buttons-is-layout-499968f5 wp-block-buttons-is-layout-flex\">\n<div class=\"wp-block-button has-custom-width wp-block-button__width-100 has-custom-font-size\" style=\"font-size:17px\"><a class=\"wp-block-button__link has-black-color has-white-background-color has-text-color has-background\" href=\"https:\/\/pepr-cloud.fr\/fr\/projet-steel\/\"><strong>En savoir plus<\/strong><\/a><\/div>\n<\/div>\n<\/div><\/div>\n<\/div>\n\n\n\n<div class=\"wp-block-column hvr-float animate__animated animation-on-viewport viewport:fadeIn has-text-color has-link-color wp-elements-c2efab801832cababd95d0c668f93a5c is-layout-flow wp-block-column-is-layout-flow\" style=\"color:#000000;padding-top:2em;padding-right:2em;padding-bottom:2em;padding-left:2em\">\n<figure class=\"wp-block-image size-full background-card-home\"><img loading=\"lazy\" decoding=\"async\" width=\"1024\" height=\"683\" src=\"https:\/\/pepr-cloud.fr\/files\/2024\/07\/Taranis-INRIA.jpg\" alt=\"\" class=\"wp-image-786\" srcset=\"https:\/\/pepr-cloud.fr\/files\/2024\/07\/Taranis-INRIA.jpg 1024w, https:\/\/pepr-cloud.fr\/files\/2024\/07\/Taranis-INRIA-300x200.jpg 300w, https:\/\/pepr-cloud.fr\/files\/2024\/07\/Taranis-INRIA-768x512.jpg 768w, https:\/\/pepr-cloud.fr\/files\/2024\/07\/Taranis-INRIA-150x100.jpg 150w\" sizes=\"auto, (max-width: 1024px) 100vw, 1024px\" \/><\/figure>\n\n\n\n<div class=\"wp-block-group text-card-home\"><div class=\"wp-block-group__inner-container is-layout-flow wp-block-group-is-layout-flow\">\n<h2 class=\"has-text-align-center wp-block-heading has-black-color has-text-color\" id=\"single\" style=\"font-size:40px\"><strong>TARANIS<\/strong><\/h2>\n\n\n\n<div style=\"height:30px\" aria-hidden=\"true\" class=\"wp-block-spacer\"><\/div>\n\n\n\n<p class=\"has-text-align-center has-normal-font-size\" style=\"line-height:1.5\">Mod\u00e9liser, d\u00e9ployer, orchestrer et optimiser les applications et les infrastructures du Cloud<\/p>\n\n\n\n<div style=\"height:40px\" aria-hidden=\"true\" class=\"wp-block-spacer\"><\/div>\n\n\n\n<div class=\"wp-block-buttons alignfull is-horizontal is-content-justification-center is-layout-flex wp-container-core-buttons-is-layout-499968f5 wp-block-buttons-is-layout-flex\">\n<div class=\"wp-block-button has-custom-width wp-block-button__width-100 has-custom-font-size\" style=\"font-size:17px\"><a class=\"wp-block-button__link has-black-color has-white-background-color has-text-color has-background\" href=\"https:\/\/pepr-cloud.fr\/fr\/projet-taranis\/\"><strong>En savoir plus<\/strong><\/a><\/div>\n<\/div>\n<\/div><\/div>\n<\/div>\n\n\n\n<div class=\"wp-block-column hvr-float animate__animated animation-on-viewport viewport:fadeIn has-text-color has-link-color wp-elements-e6662fcc82525582ee797a18a6b21182 is-layout-flow wp-block-column-is-layout-flow\" style=\"color:#000000;padding-top:2em;padding-right:2em;padding-bottom:2em;padding-left:2em\">\n<figure class=\"wp-block-image size-full background-card-home\"><a href=\"https:\/\/pepr-cloud.fr\/files\/2024\/09\/TRUSTINCloudS.jpg\"><img loading=\"lazy\" decoding=\"async\" width=\"1024\" height=\"683\" src=\"https:\/\/pepr-cloud.fr\/files\/2024\/09\/TRUSTINCloudS.jpg\" alt=\"\" class=\"wp-image-1767\" srcset=\"https:\/\/pepr-cloud.fr\/files\/2024\/09\/TRUSTINCloudS.jpg 1024w, https:\/\/pepr-cloud.fr\/files\/2024\/09\/TRUSTINCloudS-300x200.jpg 300w, https:\/\/pepr-cloud.fr\/files\/2024\/09\/TRUSTINCloudS-768x512.jpg 768w, https:\/\/pepr-cloud.fr\/files\/2024\/09\/TRUSTINCloudS-150x100.jpg 150w\" sizes=\"auto, (max-width: 1024px) 100vw, 1024px\" \/><\/a><\/figure>\n\n\n\n<div class=\"wp-block-group text-card-home\"><div class=\"wp-block-group__inner-container is-layout-flow wp-block-group-is-layout-flow\">\n<h2 class=\"has-text-align-center wp-block-heading has-black-color has-text-color\" id=\"family\" style=\"font-size:40px\"><strong>TrustinCloudS<\/strong><\/h2>\n\n\n\n<div style=\"height:60px\" aria-hidden=\"true\" class=\"wp-block-spacer\"><\/div>\n\n\n\n<p class=\"has-text-align-center has-normal-font-size\" style=\"line-height:1.5\">S\u00e9curit\u00e9 des infrastructures Cloud<\/p>\n\n\n\n<div style=\"height:60px\" aria-hidden=\"true\" class=\"wp-block-spacer\"><\/div>\n\n\n\n<div class=\"wp-block-buttons alignfull is-horizontal is-content-justification-center is-layout-flex wp-container-core-buttons-is-layout-499968f5 wp-block-buttons-is-layout-flex\">\n<div class=\"wp-block-button has-custom-width wp-block-button__width-100 has-custom-font-size is-style-fill\" style=\"font-size:17px\"><a class=\"wp-block-button__link has-black-color has-white-background-color has-text-color has-background\" href=\"https:\/\/pepr-cloud.fr\/fr\/projet-trustinclouds\/\"><strong>En savoir plus<\/strong><\/a><\/div>\n<\/div>\n<\/div><\/div>\n<\/div>\n<\/div>","protected":false},"excerpt":{"rendered":"<p>Archi-CESAM Architecture converg\u00e9e, efficace et s\u00fbre \u00e0 base d\u2019acc\u00e9l\u00e9rateurs proches de la m\u00e9moire \/ Archi-CESAM CARECloud Comprendre, am\u00e9liorer, r\u00e9duire les impacts environnementaux du Cloud computing DiVa D\u00e9sagr\u00e9gation virtualis\u00e9e&nbsp; SILECS Super Infrastructure for Large-Scale&nbsp;Experimental&nbsp;Computer Science for Cloud\/Edge\/IoT Les projets du PEPR Cloud SPIREC Supervision et pr\u00e9diction multi-niveaux pour Infrastructures&nbsp;g\u00e9o-distribu\u00e9es et h\u00e9t\u00e9rog\u00e8nes\u2026<\/p>\n<p> <a class=\"continue-reading-link\" href=\"https:\/\/pepr-cloud.fr\/fr\/les-projets-du-pepr-cloud\/\"><span>Continuer la lecture<\/span><i class=\"crycon-right-dir\"><\/i><\/a> <\/p>\n","protected":false},"author":2468,"featured_media":0,"parent":0,"menu_order":0,"comment_status":"closed","ping_status":"closed","template":"","meta":{"_mc_calendar":[],"footnotes":""},"class_list":["post-983","page","type-page","status-publish","hentry"],"_links":{"self":[{"href":"https:\/\/pepr-cloud.fr\/fr\/wp-json\/wp\/v2\/pages\/983","targetHints":{"allow":["GET"]}}],"collection":[{"href":"https:\/\/pepr-cloud.fr\/fr\/wp-json\/wp\/v2\/pages"}],"about":[{"href":"https:\/\/pepr-cloud.fr\/fr\/wp-json\/wp\/v2\/types\/page"}],"author":[{"embeddable":true,"href":"https:\/\/pepr-cloud.fr\/fr\/wp-json\/wp\/v2\/users\/2468"}],"replies":[{"embeddable":true,"href":"https:\/\/pepr-cloud.fr\/fr\/wp-json\/wp\/v2\/comments?post=983"}],"version-history":[{"count":34,"href":"https:\/\/pepr-cloud.fr\/fr\/wp-json\/wp\/v2\/pages\/983\/revisions"}],"predecessor-version":[{"id":4686,"href":"https:\/\/pepr-cloud.fr\/fr\/wp-json\/wp\/v2\/pages\/983\/revisions\/4686"}],"wp:attachment":[{"href":"https:\/\/pepr-cloud.fr\/fr\/wp-json\/wp\/v2\/media?parent=983"}],"curies":[{"name":"wp","href":"https:\/\/api.w.org\/{rel}","templated":true}]}}