


{"id":71,"date":"2024-02-07T14:47:57","date_gmt":"2024-02-07T13:47:57","guid":{"rendered":"https:\/\/project.inria.fr\/peprcloud\/?page_id=71"},"modified":"2025-03-19T15:30:42","modified_gmt":"2025-03-19T14:30:42","slug":"francais-contact","status":"publish","type":"page","link":"https:\/\/pepr-cloud.fr\/fr\/contact\/","title":{"rendered":"Contact"},"content":{"rendered":"<div class=\"wpcf7 no-js\" id=\"wpcf7-f70-o1\" lang=\"fr-FR\" dir=\"ltr\" data-wpcf7-id=\"70\"><form action=\"\/fr\/wp-json\/wp\/v2\/pages\/71#wpcf7-f70-o1\" method=\"post\" class=\"wpcf7-form init\" novalidate=\"novalidate\" data-status=\"init\">\n<div style=\"display: none;\">\n<input type=\"hidden\" name=\"_wpcf7\" value=\"70\" \/>\n<input type=\"hidden\" name=\"_wpcf7_version\" value=\"6.0.6\" \/>\n<input type=\"hidden\" name=\"_wpcf7_locale\" value=\"fr_FR\" \/>\n<input type=\"hidden\" name=\"_wpcf7_unit_tag\" value=\"wpcf7-f70-o1\" \/>\n<input type=\"hidden\" name=\"_wpcf7_container_post\" value=\"0\" \/>\n<input type=\"hidden\" name=\"_wpcf7_posted_data_hash\" value=\"\" \/>\n<\/div>\n<p><label> Nom (Obligatoire)<br \/>\n<span class=\"wpcf7-form-control-wrap\" data-name=\"your-name\"><input class=\"wpcf7-form-control wpcf7-text wpcf7-validates-as-required\" aria-required=\"true\" aria-invalid=\"false\" value=\"\" type=\"text\" name=\"your-name\" \/><\/span> <\/label>\n<\/p>\n<p><label> Pr\u00e9nom (Obligatoire)<br \/>\n<span class=\"wpcf7-form-control-wrap\" data-name=\"your-name\"><input class=\"wpcf7-form-control wpcf7-text wpcf7-validates-as-required\" aria-required=\"true\" aria-invalid=\"false\" value=\"\" type=\"text\" name=\"your-name\" \/><\/span> <\/label>\n<\/p>\n<p><label> E-mail (Obligatoire)<br \/>\n<span class=\"wpcf7-form-control-wrap\" data-name=\"your-email\"><input class=\"wpcf7-form-control wpcf7-email wpcf7-validates-as-required wpcf7-text wpcf7-validates-as-email\" aria-required=\"true\" aria-invalid=\"false\" value=\"\" type=\"email\" name=\"your-email\" \/><\/span> <\/label>\n<\/p>\n<p><label> Profil (Obligatoire)<br \/>\n<span class=\"wpcf7-form-control-wrap\" data-name=\"Profil\"><select class=\"wpcf7-form-control wpcf7-select wpcf7-validates-as-required\" aria-required=\"true\" aria-invalid=\"false\" name=\"Profil\"><option value=\"\">&#8212;Veuillez choisir une option&#8212;<\/option><option value=\"Presse\">Presse<\/option><option value=\"Recherche Publique Industriel\">Recherche Publique Industriel<\/option><option value=\"Association\">Association<\/option><option value=\"Institutionnel ou \u00e9tatique\">Institutionnel ou \u00e9tatique<\/option><option value=\"Acteur de la formation Organisme de certification et de labellisation\">Acteur de la formation Organisme de certification et de labellisation<\/option><option value=\"Etudiant\">Etudiant<\/option><option value=\"Autre\">Autre<\/option><\/select><\/span> <\/label>\n<\/p>\n<p><label> Sujet du message<br \/>\n<span class=\"wpcf7-form-control-wrap\" data-name=\"your-subject\"><input class=\"wpcf7-form-control wpcf7-text wpcf7-validates-as-required\" aria-required=\"true\" aria-invalid=\"false\" value=\"\" type=\"text\" name=\"your-subject\" \/><\/span> <\/label>\n<\/p>\n<p><label> Votre message<br \/>\n<span class=\"wpcf7-form-control-wrap\" data-name=\"your-message\"><textarea cols=\"40\" rows=\"10\" class=\"wpcf7-form-control wpcf7-textarea\" aria-invalid=\"false\" name=\"your-message\"><\/textarea><\/span> <\/label>\n<\/p>\n<p><label> Consentement \u00e0 l'envoi du formulaire (Obligatoire)<br \/>\n<span class=\"wpcf7-form-control-wrap\" data-name=\"Consentementlenvoiduformulaire\"><span class=\"wpcf7-form-control wpcf7-checkbox wpcf7-validates-as-required wpcf7-exclusive-checkbox\"><span class=\"wpcf7-list-item first last\"><input type=\"checkbox\" name=\"Consentementlenvoiduformulaire\" value=\"En soumettant ce formulaire, j\u2019accepte que les informations saisies soient utilis\u00e9es pour permettre de me recontacter.\" id=\"checkbox-1\" \/><span class=\"wpcf7-list-item-label\">En soumettant ce formulaire, j\u2019accepte que les informations saisies soient utilis\u00e9es pour permettre de me recontacter.<\/span><\/span><\/span><\/span><\/label>\n<\/p>\n<p><label> Politique de confidentialit\u00e9 (Obligatoire)<br \/>\n<span class=\"wpcf7-form-control-wrap\" data-name=\"Politiquedeconfidentialit\"><span class=\"wpcf7-form-control wpcf7-checkbox wpcf7-validates-as-required\"><span class=\"wpcf7-list-item first last\"><input type=\"checkbox\" name=\"Politiquedeconfidentialit[]\" value=\"J\u2019accepte la politique de confidentialit\u00e9\" id=\"checkbox-2\" \/><span class=\"wpcf7-list-item-label\">J\u2019accepte la politique de confidentialit\u00e9<\/span><\/span><\/span><\/span> <\/label>\n<\/p>\n<p><label>V\u00e9rification de s\u00e9curit\u00e9<br \/>\n<input type=\"hidden\" name=\"_wpcf7_captcha_challenge_captcha-ultra-secure\" value=\"3957752378\" \/><img loading=\"lazy\" decoding=\"async\" class=\"wpcf7-form-control wpcf7-captchac wpcf7-captcha-captcha-ultra-secure\" width=\"84\" height=\"28\" alt=\"captcha\" src=\"https:\/\/pepr-cloud.fr\/files\/wpcf7_captcha\/3957752378.png\" \/><br \/>\n<span class=\"wpcf7-form-control-wrap\" data-name=\"captcha-ultra-secure\"><input class=\"wpcf7-form-control wpcf7-captchar security-input\" autocomplete=\"off\" aria-invalid=\"false\" placeholder=\"Entrez le code\" value=\"\" type=\"text\" name=\"captcha-ultra-secure\" \/><\/span><\/label>\n<\/p>\n<p><input class=\"wpcf7-form-control wpcf7-submit has-spinner\" type=\"submit\" value=\"Envoyer\" \/>\n<\/p><p style=\"display: none !important;\" class=\"akismet-fields-container\" data-prefix=\"_wpcf7_ak_\"><label>&#916;<textarea name=\"_wpcf7_ak_hp_textarea\" cols=\"45\" rows=\"8\" maxlength=\"100\"><\/textarea><\/label><input type=\"hidden\" id=\"ak_js_1\" name=\"_wpcf7_ak_js\" value=\"99\"\/><script>document.getElementById( \"ak_js_1\" ).setAttribute( \"value\", ( new Date() ).getTime() );<\/script><\/p><div class=\"wpcf7-response-output\" tabindex=\"-1\"><\/div>\n<\/form>\n<\/div>\n\n\n\n\n<p><\/p>","protected":false},"excerpt":{"rendered":"<p> <a class=\"continue-reading-link\" href=\"https:\/\/pepr-cloud.fr\/fr\/contact\/\"><span>Continuer la lecture<\/span><i class=\"crycon-right-dir\"><\/i><\/a> <\/p>\n","protected":false},"author":2502,"featured_media":0,"parent":0,"menu_order":0,"comment_status":"closed","ping_status":"closed","template":"","meta":{"_mc_calendar":[],"footnotes":""},"class_list":["post-71","page","type-page","status-publish","hentry"],"_links":{"self":[{"href":"https:\/\/pepr-cloud.fr\/fr\/wp-json\/wp\/v2\/pages\/71","targetHints":{"allow":["GET"]}}],"collection":[{"href":"https:\/\/pepr-cloud.fr\/fr\/wp-json\/wp\/v2\/pages"}],"about":[{"href":"https:\/\/pepr-cloud.fr\/fr\/wp-json\/wp\/v2\/types\/page"}],"author":[{"embeddable":true,"href":"https:\/\/pepr-cloud.fr\/fr\/wp-json\/wp\/v2\/users\/2502"}],"replies":[{"embeddable":true,"href":"https:\/\/pepr-cloud.fr\/fr\/wp-json\/wp\/v2\/comments?post=71"}],"version-history":[{"count":7,"href":"https:\/\/pepr-cloud.fr\/fr\/wp-json\/wp\/v2\/pages\/71\/revisions"}],"predecessor-version":[{"id":4400,"href":"https:\/\/pepr-cloud.fr\/fr\/wp-json\/wp\/v2\/pages\/71\/revisions\/4400"}],"wp:attachment":[{"href":"https:\/\/pepr-cloud.fr\/fr\/wp-json\/wp\/v2\/media?parent=71"}],"curies":[{"name":"wp","href":"https:\/\/api.w.org\/{rel}","templated":true}]}}