


{"id":5276,"date":"2025-10-08T15:37:32","date_gmt":"2025-10-08T13:37:32","guid":{"rendered":"https:\/\/pepr-cloud.fr\/fr\/?page_id=5276"},"modified":"2025-10-21T14:36:14","modified_gmt":"2025-10-21T12:36:14","slug":"conception-rigoureuse-de-circuits-basee-sur-les-methodes-formelles","status":"publish","type":"page","link":"https:\/\/pepr-cloud.fr\/fr\/conception-rigoureuse-de-circuits-basee-sur-les-methodes-formelles\/","title":{"rendered":"Conception rigoureuse de circuits bas\u00e9e sur les m\u00e9thodes formelles"},"content":{"rendered":"<div class=\"wp-block-cover is-light banner banner-medium animate__animated animate__fadeInDown\" style=\"min-height:300px;aspect-ratio:unset;\"><img loading=\"lazy\" decoding=\"async\" width=\"1024\" height=\"683\" class=\"wp-block-cover__image-background wp-image-768 size-full\" alt=\"\" src=\"https:\/\/pepr-cloud.fr\/files\/2024\/07\/Archi-CESAM-Inria-0287-050-2.jpg\" data-object-fit=\"cover\" srcset=\"https:\/\/pepr-cloud.fr\/files\/2024\/07\/Archi-CESAM-Inria-0287-050-2.jpg 1024w, https:\/\/pepr-cloud.fr\/files\/2024\/07\/Archi-CESAM-Inria-0287-050-2-300x200.jpg 300w, https:\/\/pepr-cloud.fr\/files\/2024\/07\/Archi-CESAM-Inria-0287-050-2-768x512.jpg 768w, https:\/\/pepr-cloud.fr\/files\/2024\/07\/Archi-CESAM-Inria-0287-050-2-150x100.jpg 150w\" sizes=\"auto, (max-width: 1024px) 100vw, 1024px\" \/><span aria-hidden=\"true\" class=\"wp-block-cover__background has-background-dim-0 has-background-dim\"><\/span><div class=\"wp-block-cover__inner-container is-layout-flow wp-block-cover-is-layout-flow\">\n<p class=\"has-text-align-center has-white-color has-text-color has-link-color wp-elements-3ba864ee7eaa70452abaf77c17919525\" style=\"font-size:40px\"><\/p>\n<\/div><\/div>\n\n\n\n<div style=\"height:50px\" aria-hidden=\"true\" class=\"wp-block-spacer\"><\/div>\n\n\n\n<h2 class=\"wp-block-heading has-text-align-left has-text-color has-link-color wp-elements-06bfdd6f60ce6b0d1724492dc2a3adc2\" style=\"color:#37352f;font-size:47px\"><strong>Conception rigoureuse de circuits bas\u00e9e sur les m\u00e9thodes formelles<\/strong><\/h2>\n\n\n\n<div style=\"height:100px\" aria-hidden=\"true\" class=\"wp-block-spacer\"><\/div>\n\n\n\n<div class=\"wp-block-columns are-vertically-aligned-center is-layout-flex wp-container-core-columns-is-layout-9d6595d7 wp-block-columns-is-layout-flex\">\n<div class=\"wp-block-column is-vertically-aligned-center is-layout-flow wp-block-column-is-layout-flow\" style=\"flex-basis:33.33%\"><div class=\"wp-block-image is-style-rounded\">\n<figure class=\"aligncenter size-full is-resized\"><img loading=\"lazy\" decoding=\"async\" width=\"795\" height=\"795\" src=\"https:\/\/pepr-cloud.fr\/files\/2025\/10\/1643306131417.jpg\" alt=\"\" class=\"wp-image-5508\" style=\"object-fit:cover;width:210px;height:210px\" srcset=\"https:\/\/pepr-cloud.fr\/files\/2025\/10\/1643306131417.jpg 795w, https:\/\/pepr-cloud.fr\/files\/2025\/10\/1643306131417-300x300.jpg 300w, https:\/\/pepr-cloud.fr\/files\/2025\/10\/1643306131417-150x150.jpg 150w, https:\/\/pepr-cloud.fr\/files\/2025\/10\/1643306131417-768x768.jpg 768w\" sizes=\"auto, (max-width: 795px) 100vw, 795px\" \/><\/figure><\/div><\/div>\n\n\n\n<div class=\"wp-block-column is-vertically-aligned-center is-layout-flow wp-block-column-is-layout-flow\" style=\"flex-basis:66.66%\">\n<p><strong>Zachary ASSOUMANI <\/strong><br><strong>D\u00e9but<\/strong> : 01\/10\/2024<br><strong>Fin<\/strong> : 01\/10\/2027<br><strong>Laboratoire<\/strong> : CONVECS<br><strong>Projet<\/strong> : <a href=\"https:\/\/pepr-cloud.fr\/fr\/projet-archi-cesam\/\">Archi-CESAM<\/a><br><strong>Mots-Cl\u00e9s<\/strong> : <em>M\u00e9thodes formelles\u00a0; Architecture mat\u00e9rielle\u00a0; Cloud computing<\/em><br><strong>Type de contrat<\/strong> : <kbd><mark style=\"background-color:rgba(0, 0, 0, 0)\" class=\"has-inline-color has-vivid-green-cyan-color\"><strong>Doctorat<\/strong><\/mark><\/kbd><\/p>\n<\/div>\n<\/div>\n\n\n\n<div style=\"height:50px\" aria-hidden=\"true\" class=\"wp-block-spacer\"><\/div>\n\n\n\n<h1 class=\"wp-block-heading has-large-font-size\"><strong>Pr\u00e9sentation du sujet <\/strong><\/h1>\n\n\n\n<div style=\"height:50px\" aria-hidden=\"true\" class=\"wp-block-spacer\"><\/div>\n\n\n\n<p>Dans un premier temps, le travail consistera \u00e0 \u00e9tudier HPDcache, un cache de donn\u00e9es L1 hautes performances compatible avec les processeurs RISC-V. HPDcache est utilis\u00e9 dans l&rsquo;impl\u00e9mentation CVA6 du RISC-V utilis\u00e9 par plusieurs industriels. Il s&rsquo;agit d&rsquo;un cache hautement configurable, avec ex\u00e9cution dans le d\u00e9sordre (out-of-order) et reex\u00e9cution (replay), muni d&rsquo;interfaces compatibles avec AMBA AXI5 et RISC-V. L&rsquo;\u00e9tude du HPDcache sera faite en construisant un mod\u00e8le formel de son architecture, qui comporte un pipeline \u00e0 trois \u00e9tages, permettant de traiter environ 10 transactions simultan\u00e9es. Plusieurs configurations seront consid\u00e9r\u00e9es, en fonction des diff\u00e9rentes fonctionnalit\u00e9s activ\u00e9es du HPDcache. Ce mod\u00e8le formel servira de base pour v\u00e9rifier des propri\u00e9t\u00e9s de correction (absence de livelocks et de deadlocks, respect du mod\u00e8le de coh\u00e9rence du processeur, etc.), pour g\u00e9n\u00e9rer des tests de conformit\u00e9 et pour estimer les performances du cache. Dans un deuxi\u00e8me temps, le travail consistera \u00e0 proposer des extensions de la m\u00e9thodologie de conception des circuits avec des m\u00e9thodes formelles (mod\u00e9lisation, v\u00e9rification, test de conformit\u00e9), notamment en consid\u00e9rant les architectures \u00e0 composants communicants (chiplets). Une partie int\u00e9ressante de cette m\u00e9thodologie pourrait \u00eatre des passerelles entre les langages de description de ces circuits et de leurs protocoles de communication sous-jacents et les langages formels utilis\u00e9s pour la v\u00e9rification.<\/p>","protected":false},"excerpt":{"rendered":"<p>Conception rigoureuse de circuits bas\u00e9e sur les m\u00e9thodes formelles Zachary ASSOUMANI D\u00e9but : 01\/10\/2024Fin : 01\/10\/2027Laboratoire : CONVECSProjet : Archi-CESAMMots-Cl\u00e9s : M\u00e9thodes formelles\u00a0; Architecture mat\u00e9rielle\u00a0; Cloud computingType de contrat : Doctorat Pr\u00e9sentation du sujet Dans un premier temps, le travail consistera \u00e0 \u00e9tudier HPDcache, un cache de donn\u00e9es L1 hautes\u2026<\/p>\n<p> <a class=\"continue-reading-link\" href=\"https:\/\/pepr-cloud.fr\/fr\/conception-rigoureuse-de-circuits-basee-sur-les-methodes-formelles\/\"><span>Continuer la lecture<\/span><i class=\"crycon-right-dir\"><\/i><\/a> <\/p>\n","protected":false},"author":2468,"featured_media":0,"parent":0,"menu_order":0,"comment_status":"closed","ping_status":"closed","template":"","meta":{"_mc_calendar":[],"footnotes":""},"class_list":["post-5276","page","type-page","status-publish","hentry"],"_links":{"self":[{"href":"https:\/\/pepr-cloud.fr\/fr\/wp-json\/wp\/v2\/pages\/5276","targetHints":{"allow":["GET"]}}],"collection":[{"href":"https:\/\/pepr-cloud.fr\/fr\/wp-json\/wp\/v2\/pages"}],"about":[{"href":"https:\/\/pepr-cloud.fr\/fr\/wp-json\/wp\/v2\/types\/page"}],"author":[{"embeddable":true,"href":"https:\/\/pepr-cloud.fr\/fr\/wp-json\/wp\/v2\/users\/2468"}],"replies":[{"embeddable":true,"href":"https:\/\/pepr-cloud.fr\/fr\/wp-json\/wp\/v2\/comments?post=5276"}],"version-history":[{"count":32,"href":"https:\/\/pepr-cloud.fr\/fr\/wp-json\/wp\/v2\/pages\/5276\/revisions"}],"predecessor-version":[{"id":5655,"href":"https:\/\/pepr-cloud.fr\/fr\/wp-json\/wp\/v2\/pages\/5276\/revisions\/5655"}],"wp:attachment":[{"href":"https:\/\/pepr-cloud.fr\/fr\/wp-json\/wp\/v2\/media?parent=5276"}],"curies":[{"name":"wp","href":"https:\/\/api.w.org\/{rel}","templated":true}]}}