


{"id":3659,"date":"2024-11-27T16:40:43","date_gmt":"2024-11-27T15:40:43","guid":{"rendered":"https:\/\/pepr-cloud.fr\/fr\/?page_id=3659"},"modified":"2025-01-07T14:42:17","modified_gmt":"2025-01-07T13:42:17","slug":"3659-2","status":"publish","type":"page","link":"https:\/\/pepr-cloud.fr\/fr\/3659-2\/","title":{"rendered":"Programme d\u00e9taill\u00e9 Forum Synergie"},"content":{"rendered":"<div class=\"wp-block-columns are-vertically-aligned-center is-layout-flex wp-container-core-columns-is-layout-9d6595d7 wp-block-columns-is-layout-flex\">\n<div class=\"wp-block-column is-vertically-aligned-center is-layout-flow wp-block-column-is-layout-flow\" style=\"flex-basis:25%\">\n<figure class=\"wp-block-image size-full is-resized\"><img loading=\"lazy\" decoding=\"async\" src=\"https:\/\/pepr-cloud.fr\/files\/2024\/10\/Republique_Francaise_PEPR.png\" alt=\"\" class=\"wp-image-3209\" width=\"200\" height=\"159\" srcset=\"https:\/\/pepr-cloud.fr\/files\/2024\/10\/Republique_Francaise_PEPR.png 798w, https:\/\/pepr-cloud.fr\/files\/2024\/10\/Republique_Francaise_PEPR-300x239.png 300w, https:\/\/pepr-cloud.fr\/files\/2024\/10\/Republique_Francaise_PEPR-768x611.png 768w, https:\/\/pepr-cloud.fr\/files\/2024\/10\/Republique_Francaise_PEPR-150x119.png 150w\" sizes=\"auto, (max-width: 200px) 100vw, 200px\" \/><\/figure>\n<\/div>\n\n\n\n<div class=\"wp-block-column is-vertically-aligned-center is-layout-flow wp-block-column-is-layout-flow\" style=\"flex-basis:50%\">\n<p><\/p>\n<\/div>\n\n\n\n<div class=\"wp-block-column is-vertically-aligned-center is-layout-flow wp-block-column-is-layout-flow\" style=\"flex-basis:25%\">\n<figure class=\"wp-block-image size-full\"><img loading=\"lazy\" decoding=\"async\" width=\"236\" height=\"131\" src=\"https:\/\/pepr-cloud.fr\/files\/2024\/10\/cropped-FR2030_Cloud_Couleur.jpg\" alt=\"\" class=\"wp-image-3210\" srcset=\"https:\/\/pepr-cloud.fr\/files\/2024\/10\/cropped-FR2030_Cloud_Couleur.jpg 236w, https:\/\/pepr-cloud.fr\/files\/2024\/10\/cropped-FR2030_Cloud_Couleur-150x83.jpg 150w\" sizes=\"auto, (max-width: 236px) 100vw, 236px\" \/><\/figure>\n<\/div>\n<\/div>\n\n\n\n<p class=\"has-text-align-center has-text-color\" style=\"color:#223cb0;font-size:40px\"><strong>Forum Synergie PEPR Cloud<\/strong><br>Programme d\u00e9taill\u00e9<\/p>\n\n\n\n<p class=\"has-text-align-center has-vivid-red-color has-text-color\" style=\"font-size:25px;font-style:normal;font-weight:400\"><strong>Mercredi 4 d\u00e9cembre 2024<\/strong><\/p>\n\n\n\n<p class=\"has-text-align-center\" style=\"font-size:17px\">Centre Inria de l&rsquo;Universit\u00e9 de Grenoble Alpes <br>655 Av. de l&rsquo;Europe, 38330 Montbonnot-Saint-Martin<br><a href=\"https:\/\/www.inria.fr\/fr\/comment-venir-au-centre-inria-de-luniversite-grenoble-alpes\" data-type=\"URL\" data-id=\"https:\/\/www.inria.fr\/fr\/comment-venir-au-centre-inria-de-luniversite-grenoble-alpes\">Comment venir au centre Inria de l&rsquo;Universit\u00e9 Grenoble Alpes<\/a><\/p>\n\n\n\n<div style=\"height:50px\" aria-hidden=\"true\" class=\"wp-block-spacer\"><\/div>\n\n\n\n<p>L\u2019objectif de cette journ\u00e9e est de favoriser les \u00e9changes entre partenaires acad\u00e9miques et industriels \u00e0 travers des pr\u00e9sentations et des discussions. Nous aborderons les actions possibles permettant de renforcer les synergies et de faciliter le transfert des contributions acad\u00e9miques vers l\u2019industrie, comme les actions collaboratives, les logiciels open-source et les laboratoires communs. Nous discuterons \u00e9galement de la mani\u00e8re dont le monde acad\u00e9mique peut soutenir les industriels face \u00e0 leurs d\u00e9fis.<\/p>\n\n\n\n<hr class=\"wp-block-separator is-style-default\"\/>\n\n\n\n<div class=\"wp-block-columns is-layout-flex wp-container-core-columns-is-layout-9d6595d7 wp-block-columns-is-layout-flex\">\n<div class=\"wp-block-column is-layout-flow wp-block-column-is-layout-flow\" style=\"flex-basis:33.33%\">\n<p class=\"has-text-align-center has-vivid-red-color has-text-color\"><em>8h45 &#8211; 9h00<\/em><\/p>\n<\/div>\n\n\n\n<div class=\"wp-block-column is-layout-flow wp-block-column-is-layout-flow\" style=\"flex-basis:66.66%\">\n<p><em><em>Accueil caf\u00e9<\/em><\/em><\/p>\n<\/div>\n<\/div>\n\n\n\n<div class=\"wp-block-columns is-layout-flex wp-container-core-columns-is-layout-9d6595d7 wp-block-columns-is-layout-flex\">\n<div class=\"wp-block-column is-layout-flow wp-block-column-is-layout-flow\" style=\"flex-basis:33.33%\">\n<p class=\"has-text-align-center has-vivid-red-color has-text-color\">9h00 &#8211; 9h30<\/p>\n<\/div>\n\n\n\n<div class=\"wp-block-column is-layout-flow wp-block-column-is-layout-flow\" style=\"flex-basis:66.66%\">\n<p><strong>Mot d&rsquo;accueil \/<\/strong> <strong>Introduction et objectifs de la journ\u00e9e<\/strong><\/p>\n\n\n\n<p>Fr\u00e9d\u00e9ric Desprez, Directeur du Centre Inria de l&rsquo;Universit\u00e9 Grenoble Alpes<br>Adrien Lebre, Inria \/ Jean Noel Patillon, CEA List<br>Adrien Laroche, Coordinateur de la strat\u00e9gie cloud<\/p>\n<\/div>\n<\/div>\n\n\n\n<div class=\"wp-block-columns is-layout-flex wp-container-core-columns-is-layout-9d6595d7 wp-block-columns-is-layout-flex\">\n<div class=\"wp-block-column is-layout-flow wp-block-column-is-layout-flow\" style=\"flex-basis:33.33%\">\n<p class=\"has-text-align-center has-vivid-red-color has-text-color\">9h30 -10h15<\/p>\n<\/div>\n\n\n\n<div class=\"wp-block-column is-layout-flow wp-block-column-is-layout-flow\" style=\"flex-basis:66.66%\">\n<p><strong>Mobiliser les ressources inexploit\u00e9es pour le stockage, le calcul et l&rsquo;IA distribu\u00e9s<\/strong><\/p>\n\n\n\n<p>Alexandru Dobrilla, Hivenet &#8211; est dipl\u00f4m\u00e9 d&rsquo;un doctorat obtenu en 2011 au Laboratoire Informatique de Franche-Comt\u00e9 dans le domaine des syst\u00e8mes distribu\u00e9s et plus particuli\u00e8rement l&rsquo;ordonnance et la tol\u00e9rance aux pannes. Il occupe actuellement le poste de Research Manager chez Hive Computing Services en charge des sujets technologie et recherche en partenariat avec INRIA. Avant de rejoindre Hive, il a \u00e9t\u00e9 administrateur de baie de stockage, responsable de r\u00e9seau LAN Datacenter et responsable d&rsquo;\u00e9quipes de d\u00e9veloppement logiciels chez Stellantis.<br><br>Olivier Beaumont, Inria &#8211; est Directeur de Recherche Inria dans le centre Inria de l\u2019universit\u00e9 de Bordeaux depuis 2008, apr\u00e8s avoir obtenu sa th\u00e8se \u00e0 l\u2019Universit\u00e9 de Rennes en 2000 et son Habilitation \u00e0 diriger des Recherches de l\u2019Universit\u00e9 de Bordeaux en 2004. Il est responsable de l\u2019\u00e9quipe projet Topal (10 permanents) qui s\u2019int\u00e9resse au d\u00e9veloppement d\u2019outils logiciels et algorithmiques pour le passage \u00e0 l\u2019\u00e9chelle des applications scientifiques et de l\u2019apprentissage et est en charge du montage de la proposition de d\u00e9fi Cupseli avec Hive sur la partie calcul.<br><\/p>\n\n\n\n<p>R\u00e9sum\u00e9 : Hive propose un cloud distribu\u00e9 qui utilise les ressources de stockage inexploit\u00e9es des utilisateurs afin de proposer une alternative aux clouds centralis\u00e9s dans les Datacenters. Pour r\u00e9pondre aux d\u00e9fis techniques que repr\u00e9sentent un r\u00e9seau de stockage pair-\u00e0-pair, le d\u00e9fi INRIA ALVEARIUM a \u00e9t\u00e9 lanc\u00e9 en d\u00e9cembre 2022. Il s&rsquo;articule autour de 4 axes : placement des donn\u00e9es, gestion des donn\u00e9es mutables, gestion des n\u0153uds Byzantins et m\u00e9canismes de s\u00e9curit\u00e9 dans un r\u00e9seau pair-\u00e0-pair. Aujourd&rsquo;hui le cloud distribu\u00e9 Hive-disk compte 450K utilisateurs dans le monde entier.<\/p>\n\n\n\n<p>Le succ\u00e8s du stockage nous permet d&rsquo;engager la seconde \u00e9tape : le calcul et l&rsquo;IA distribu\u00e9s toujours bas\u00e9s sur le c\u0153ur de l&rsquo;activit\u00e9 de Hive, l&rsquo;utilisation de ressources inexploit\u00e9es. Pour traiter les d\u00e9fis techniques inh\u00e9rents \u00e0 l&rsquo;utilisation de ressources de calcul massivement distribu\u00e9es un nouveau d\u00e9fi INRIA nomm\u00e9 CUPSELI est en cours d&rsquo;\u00e9laboration.&nbsp;<\/p>\n<\/div>\n<\/div>\n\n\n\n<div class=\"wp-block-columns is-layout-flex wp-container-core-columns-is-layout-9d6595d7 wp-block-columns-is-layout-flex\">\n<div class=\"wp-block-column is-layout-flow wp-block-column-is-layout-flow\" style=\"flex-basis:33.33%\">\n<p class=\"has-text-align-center has-vivid-red-color has-text-color\">10h15 &#8211; 10h45<\/p>\n<\/div>\n\n\n\n<div class=\"wp-block-column is-layout-flow wp-block-column-is-layout-flow\" style=\"flex-basis:66.66%\">\n<p><strong>Sylva : solution (telco) cloud 100% open source<\/strong> <\/p>\n\n\n\n<p>Nicolas Homo (Orange)<\/p>\n<\/div>\n<\/div>\n\n\n\n<div class=\"wp-block-columns is-layout-flex wp-container-core-columns-is-layout-9d6595d7 wp-block-columns-is-layout-flex\">\n<div class=\"wp-block-column is-layout-flow wp-block-column-is-layout-flow\" style=\"flex-basis:33.33%\">\n<p class=\"has-text-align-center has-vivid-red-color has-text-color\"><em>10h45 &#8211; 11h15<\/em><\/p>\n<\/div>\n\n\n\n<div class=\"wp-block-column is-layout-flow wp-block-column-is-layout-flow\" style=\"flex-basis:66.66%\">\n<p><em>Pause caf\u00e9<\/em><\/p>\n<\/div>\n<\/div>\n\n\n\n<div class=\"wp-block-columns is-layout-flex wp-container-core-columns-is-layout-9d6595d7 wp-block-columns-is-layout-flex\">\n<div class=\"wp-block-column is-layout-flow wp-block-column-is-layout-flow\" style=\"flex-basis:33.33%\">\n<p class=\"has-text-align-center has-vivid-red-color has-text-color\">11h15 &#8211; 12h00<\/p>\n<\/div>\n\n\n\n<div class=\"wp-block-column is-layout-flow wp-block-column-is-layout-flow\" style=\"flex-basis:66.66%\">\n<p><strong>Convergence de services IT et OT au niveau Edge<\/strong><\/p>\n\n\n\n<p>Tsukassa Levy, Collaborative Project Officer (Schneider Electric)<\/p>\n<\/div>\n<\/div>\n\n\n\n<div class=\"wp-block-columns is-layout-flex wp-container-core-columns-is-layout-9d6595d7 wp-block-columns-is-layout-flex\">\n<div class=\"wp-block-column is-layout-flow wp-block-column-is-layout-flow\" style=\"flex-basis:33.33%\">\n<p class=\"has-text-align-center has-vivid-red-color has-text-color\">12h00 &#8211; 12h30<\/p>\n<\/div>\n\n\n\n<div class=\"wp-block-column is-layout-flow wp-block-column-is-layout-flow\" style=\"flex-basis:66.66%\">\n<p><strong>Projet Hyperscaleway&nbsp;&#8211; Inventer un cloud public pour l\u2019IA : puissant, scalable, ind\u00e9pendant, comp\u00e9titif, green et secure<\/strong><br><strong>Projet France 2030 en collaboration scientifique avec INRIA<\/strong><\/p>\n\n\n\n<p>Loic Martinez Varizat, Head of Data &amp; Managed Services&nbsp;(Scaleway)<br>David Argelli\u00e8s, CTO Office (Scaleway)<\/p>\n<\/div>\n<\/div>\n\n\n\n<div class=\"wp-block-columns are-vertically-aligned-center is-layout-flex wp-container-core-columns-is-layout-9d6595d7 wp-block-columns-is-layout-flex\">\n<div class=\"wp-block-column is-vertically-aligned-center is-layout-flow wp-block-column-is-layout-flow\" style=\"flex-basis:33.33%\">\n<p class=\"has-text-align-center has-vivid-red-color has-text-color\"><em><em>12h30 &#8211; 13h45<\/em><\/em><\/p>\n<\/div>\n\n\n\n<div class=\"wp-block-column is-vertically-aligned-center is-layout-flow wp-block-column-is-layout-flow\" style=\"flex-basis:66.66%\">\n<p><em>Cocktail d\u00e9jeunatoire<\/em><\/p>\n<\/div>\n<\/div>\n\n\n\n<div class=\"wp-block-columns is-layout-flex wp-container-core-columns-is-layout-9d6595d7 wp-block-columns-is-layout-flex\">\n<div class=\"wp-block-column is-layout-flow wp-block-column-is-layout-flow\" style=\"flex-basis:33.33%\">\n<p class=\"has-text-align-center has-vivid-red-color has-text-color\">13h45 &#8211; 14h15<\/p>\n<\/div>\n\n\n\n<div class=\"wp-block-column is-layout-flow wp-block-column-is-layout-flow\" style=\"flex-basis:66.66%\">\n<p><strong>Les enjeux de recherche de la r\u00e9utilisation de la chaleur fatale informatique pour un Cloud Service Provider<\/strong><\/p>\n\n\n\n<p>R\u00e9mi Bouzel,&nbsp;&nbsp;Directeur Scientifique (Qarnot Computing)<br><\/p>\n\n\n\n<p>Resum\u00e9:&nbsp;&nbsp;Qarnot est un cloud service provider HPC qui r\u00e9utilise la chaleur g\u00e9n\u00e9r\u00e9e par ses serveurs. Cette approche innovante permet de consid\u00e9rablement r\u00e9duire l\u2019empreinte environnementale des services cloud, mais elle oblige \u00e0 repenser le paradigme actuel du cloud, notamment son syst\u00e8me de refroidissement et sa centralisation dans les datacenters. Cette nouvelle approche donne lieu \u00e0 des sujets de recherche originaux qui portent d\u2019une part sur l\u2019\u00e9valuation et la mesure environnementale, d\u2019autre part sur l\u2019efficacit\u00e9 environnementale du cloud, et qui sont trait\u00e9s dans le cadre du d\u00e9fi PULSE (PUshing Low-carbon Services towards the Edge) mont\u00e9 avec l\u2019INRIA et l\u2019ADEME.<\/p>\n\n\n\n<p>Cette pr\u00e9sentation mettra en avant l\u2019approche port\u00e9e par Qarnot, les d\u00e9fis qu\u2019elle soul\u00e8ve, et les diff\u00e9rents projets mis en \u0153uvre via PULSE pour y r\u00e9pondre.<\/p>\n<\/div>\n<\/div>\n\n\n\n<div class=\"wp-block-columns is-layout-flex wp-container-core-columns-is-layout-9d6595d7 wp-block-columns-is-layout-flex\">\n<div class=\"wp-block-column is-layout-flow wp-block-column-is-layout-flow\" style=\"flex-basis:33.33%\">\n<p class=\"has-text-align-center has-vivid-red-color has-text-color\">14h15 &#8211; 15h00<\/p>\n<\/div>\n\n\n\n<div class=\"wp-block-column is-layout-flow wp-block-column-is-layout-flow\" style=\"flex-basis:66.66%\">\n<p><strong>Retour et perspectives&nbsp;le projet ASCEND&nbsp;(Advanced&nbsp;Space&nbsp;Cloud for European Net zero emission and&nbsp;Data&nbsp;sovereignty)<\/strong><\/p>\n\n\n\n<p>Damien&nbsp;Dumestier (Thales Alenia Space) &#8211; travaille chez Thales Alenia Space depuis 2010 au sein de la Division Observation et Sciences, d\u2019abord \u00e0 Cannes en tant qu\u2019ing\u00e9nieur Optronique sur les chaines des d\u00e9tection des satellites Meteosat Third Generation (MTG), puis depuis 2017 sur le site de Toulouse en tant qu\u2019architecte syst\u00e8me bout-en-bout pour les missions spatiales d\u2019observations scientifiques. Damien participe \u00e0 des \u00e9tudes avant-projets pour des missions futures, sur l\u2019observation de la terre, la gestion des d\u00e9bris en orbite et sur le d\u00e9ploiement de grandes infrastructures spatiales. Damien est responsable de l\u2019\u00e9tude ASCEND \u00e9tudiant la faisabilit\u00e9 du d\u00e9ploiement de grands centres de donn\u00e9es dans l\u2019espace, financ\u00e9e par la commission Europ\u00e9enne.<\/p>\n<\/div>\n<\/div>\n\n\n\n<div class=\"wp-block-columns is-layout-flex wp-container-core-columns-is-layout-9d6595d7 wp-block-columns-is-layout-flex\">\n<div class=\"wp-block-column is-layout-flow wp-block-column-is-layout-flow\" style=\"flex-basis:33.33%\">\n<p class=\"has-text-align-center has-vivid-red-color has-text-color\">15h00 &#8211; 15h30<\/p>\n<\/div>\n\n\n\n<div class=\"wp-block-column is-layout-flow wp-block-column-is-layout-flow\" style=\"flex-basis:66.66%\">\n<p><strong>Comment d\u00e9ployer sa plateforme cloud edge computing avec OpenStack ?<\/strong><\/p>\n\n\n\n<p>Vivien Boucher, Responsable du p\u00f4le projets (Exaion)<\/p>\n<\/div>\n<\/div>\n\n\n\n<div class=\"wp-block-columns is-layout-flex wp-container-core-columns-is-layout-9d6595d7 wp-block-columns-is-layout-flex\">\n<div class=\"wp-block-column is-layout-flow wp-block-column-is-layout-flow\" style=\"flex-basis:33.33%\">\n<p class=\"has-text-align-center has-vivid-red-color has-text-color\">15h30 &#8211; 16h00<\/p>\n<\/div>\n\n\n\n<div class=\"wp-block-column is-layout-flow wp-block-column-is-layout-flow\" style=\"flex-basis:66.66%\">\n<p><strong>Les espaces de donn\u00e9es, vecteur de comp\u00e9titivit\u00e9 pour les acteurs de l\u2019industrie<\/strong><\/p>\n\n\n\n<p>Laurent Lafaye, co-CEO (Dawex) &#8211; <\/p>\n\n\n\n<p>Entrepreneur fran\u00e7ais, co-CEO de Dawex, Laurent Lafaye a un parcours reconnu dans le domaine de l&rsquo;\u00c9conomie de la donn\u00e9e et intervient r\u00e9guli\u00e8rement aupr\u00e8s de d\u00e9cideurs sur la cr\u00e9ation d\u2019\u00e9cosyst\u00e8mes de donn\u00e9es et les enjeux li\u00e9s \u00e0 leur circulation, du data trading au d\u00e9veloppement d&rsquo;Industry Data Spaces, Corporate Data Hubs et Data Marketplaces.<br><br>Co-cr\u00e9\u00e9e en 2015 avec Fabrice Tocco, Dawex est le leader technologique de solutions d\u2019\u00e9change de donn\u00e9es pour partager et distribuer des data products, en toute confiance, selon les exigences de s\u00e9curit\u00e9, de tra\u00e7abilit\u00e9 et de conformit\u00e9 aux r\u00e9glementations sur les donn\u00e9es. Les organisations cr\u00e9ent ainsi des data spaces et des \u00e9cosyst\u00e8mes de donn\u00e9es, supportant tous les cas d\u2019usage et adressant les enjeux \u00e9conomiques, environnementaux et d\u2019IA. En 2020, Dawex est nomm\u00e9 Tech Pioneer par le Forum \u00c9conomique Mondial, devient membre du Global Future Council Data Policy et intervient \u00e0 Davos en 2022 sur cr\u00e9er la confiance dans les \u00e9changes de donn\u00e9es. Dawex est \u00e9galement \u00e0 l\u2019initiative d\u2019un programme international de standardisation Trusted Data Transaction.<\/p>\n\n\n\n<p><\/p>\n\n\n\n<p>R\u00e9sum\u00e9&nbsp;:&nbsp;La mise en place d\u2019espaces de donn\u00e9es industriels cr\u00e9e les conditions pour des \u00e9changes de donn\u00e9es ma\u00eetris\u00e9s, s\u00e9curis\u00e9s et de confiance au sein et entre organisations de l\u2019industrie. Au travers d\u2019exemples concrets tels que Data4Industry-X, la solution d\u2019\u00e9change de donn\u00e9es de confiance pour l\u2019industrie, et projet phare de l\u2019initiative Manufacturing-X, cette pr\u00e9sentation abordera les enjeux et les opportunit\u00e9s issus de la cr\u00e9ation d\u2019espaces de donn\u00e9es de confiance, pour les industriels en recherche de plus de comp\u00e9titivit\u00e9, de transition \u00e9cologique et d\u2019innovations.&nbsp;<\/p>\n<\/div>\n<\/div>\n\n\n\n<div class=\"wp-block-columns is-layout-flex wp-container-core-columns-is-layout-9d6595d7 wp-block-columns-is-layout-flex\">\n<div class=\"wp-block-column is-layout-flow wp-block-column-is-layout-flow\" style=\"flex-basis:33.33%\">\n<p class=\"has-text-align-center has-vivid-red-color has-text-color\">16h00 &#8211; 16h15<\/p>\n<\/div>\n\n\n\n<div class=\"wp-block-column is-layout-flow wp-block-column-is-layout-flow\" style=\"flex-basis:66.66%\">\n<p><em>Pause caf\u00e9<\/em><\/p>\n<\/div>\n<\/div>\n\n\n\n<div class=\"wp-block-columns is-layout-flex wp-container-core-columns-is-layout-9d6595d7 wp-block-columns-is-layout-flex\">\n<div class=\"wp-block-column is-layout-flow wp-block-column-is-layout-flow\" style=\"flex-basis:33.33%\">\n<p class=\"has-text-align-center has-vivid-red-color has-text-color\">16h15 &#8211; 17h00<\/p>\n<\/div>\n\n\n\n<div class=\"wp-block-column is-layout-flow wp-block-column-is-layout-flow\" style=\"flex-basis:66.66%\">\n<p><strong>Discussions ouvertes : Favoriser les collaborations et le transfert des contributions scientifiques et techniques entre les deux communaut\u00e9s<\/strong><\/p>\n\n\n\n<p>Acad\u00e9miques et industriels<\/p>\n<\/div>\n<\/div>\n\n\n\n<div class=\"wp-block-columns is-layout-flex wp-container-core-columns-is-layout-9d6595d7 wp-block-columns-is-layout-flex\">\n<div class=\"wp-block-column is-layout-flow wp-block-column-is-layout-flow\" style=\"flex-basis:33.33%\">\n<p class=\"has-text-align-center has-vivid-red-color has-text-color\">17h00 &#8211; 17h15<\/p>\n<\/div>\n\n\n\n<div class=\"wp-block-column is-layout-flow wp-block-column-is-layout-flow\" style=\"flex-basis:66.66%\">\n<p><strong>Conclusion : Synth\u00e8se de la journ\u00e9e et mot de la fin<\/strong><\/p>\n<\/div>\n<\/div>\n\n\n\n<div class=\"wp-block-columns is-layout-flex wp-container-core-columns-is-layout-9d6595d7 wp-block-columns-is-layout-flex\">\n<div class=\"wp-block-column is-layout-flow wp-block-column-is-layout-flow\" style=\"flex-basis:33.33%\">\n<p class=\"has-text-align-center has-vivid-red-color has-text-color\"><em>17h15<\/em><\/p>\n<\/div>\n\n\n\n<div class=\"wp-block-column is-layout-flow wp-block-column-is-layout-flow\" style=\"flex-basis:66.66%\">\n<p><em>Cl\u00f4ture de la journ\u00e9e<\/em><\/p>\n<\/div>\n<\/div>\n\n\n\n<hr class=\"wp-block-separator is-style-default\"\/>\n\n\n\n<p class=\"has-text-align-center has-text-color\" style=\"color:#223cb0\"><strong>Programme \u00e0 t\u00e9l\u00e9charger<\/strong> <a href=\"https:\/\/pepr-cloud.fr\/files\/2024\/11\/Programme-Forum-Synergie-PEPR-Cloud.pdf\" data-type=\"URL\" data-id=\"https:\/\/pepr-cloud.fr\/files\/2024\/11\/Programme-Forum-Synergie-PEPR-Cloud.pdf\">ici <\/a><\/p>\n\n\n\n<p><\/p>\n\n\n\n<div style=\"height:100px\" aria-hidden=\"true\" class=\"wp-block-spacer\"><\/div>\n\n\n\n<div class=\"wp-block-columns are-vertically-aligned-center is-layout-flex wp-container-core-columns-is-layout-9d6595d7 wp-block-columns-is-layout-flex\">\n<div class=\"wp-block-column is-vertically-aligned-center is-layout-flow wp-block-column-is-layout-flow\">\n<div class=\"wp-block-image\"><figure class=\"alignleft size-full is-resized\"><img loading=\"lazy\" decoding=\"async\" src=\"https:\/\/pepr-cloud.fr\/files\/2024\/10\/logo_inria-CEA-1.png\" alt=\"\" class=\"wp-image-3219\" width=\"207\" height=\"74\" srcset=\"https:\/\/pepr-cloud.fr\/files\/2024\/10\/logo_inria-CEA-1.png 276w, https:\/\/pepr-cloud.fr\/files\/2024\/10\/logo_inria-CEA-1-150x53.png 150w\" sizes=\"auto, (max-width: 207px) 100vw, 207px\" \/><\/figure><\/div>\n<\/div>\n\n\n\n<div class=\"wp-block-column is-vertically-aligned-center is-layout-flow wp-block-column-is-layout-flow\">\n<p><\/p>\n<\/div>\n\n\n\n<div class=\"wp-block-column is-vertically-aligned-center is-layout-flow wp-block-column-is-layout-flow\">\n<div class=\"wp-block-image\"><figure class=\"alignright size-full is-resized\"><img loading=\"lazy\" decoding=\"async\" src=\"https:\/\/pepr-cloud.fr\/files\/2024\/10\/logo-finance-anr-1.png\" alt=\"\" class=\"wp-image-3221\" width=\"238\" height=\"92\" srcset=\"https:\/\/pepr-cloud.fr\/files\/2024\/10\/logo-finance-anr-1.png 317w, https:\/\/pepr-cloud.fr\/files\/2024\/10\/logo-finance-anr-1-300x116.png 300w, https:\/\/pepr-cloud.fr\/files\/2024\/10\/logo-finance-anr-1-150x58.png 150w\" sizes=\"auto, (max-width: 238px) 100vw, 238px\" \/><\/figure><\/div>\n<\/div>\n<\/div>","protected":false},"excerpt":{"rendered":"<p>Forum Synergie PEPR CloudProgramme d\u00e9taill\u00e9 Mercredi 4 d\u00e9cembre 2024 Centre Inria de l&rsquo;Universit\u00e9 de Grenoble Alpes 655 Av. de l&rsquo;Europe, 38330 Montbonnot-Saint-MartinComment venir au centre Inria de l&rsquo;Universit\u00e9 Grenoble Alpes L\u2019objectif de cette journ\u00e9e est de favoriser les \u00e9changes entre partenaires acad\u00e9miques et industriels \u00e0 travers des pr\u00e9sentations et des\u2026<\/p>\n<p> <a class=\"continue-reading-link\" href=\"https:\/\/pepr-cloud.fr\/fr\/3659-2\/\"><span>Continuer la lecture<\/span><i class=\"crycon-right-dir\"><\/i><\/a> <\/p>\n","protected":false},"author":2468,"featured_media":0,"parent":0,"menu_order":0,"comment_status":"closed","ping_status":"closed","template":"","meta":{"_mc_calendar":[],"footnotes":""},"class_list":["post-3659","page","type-page","status-publish","hentry"],"_links":{"self":[{"href":"https:\/\/pepr-cloud.fr\/fr\/wp-json\/wp\/v2\/pages\/3659","targetHints":{"allow":["GET"]}}],"collection":[{"href":"https:\/\/pepr-cloud.fr\/fr\/wp-json\/wp\/v2\/pages"}],"about":[{"href":"https:\/\/pepr-cloud.fr\/fr\/wp-json\/wp\/v2\/types\/page"}],"author":[{"embeddable":true,"href":"https:\/\/pepr-cloud.fr\/fr\/wp-json\/wp\/v2\/users\/2468"}],"replies":[{"embeddable":true,"href":"https:\/\/pepr-cloud.fr\/fr\/wp-json\/wp\/v2\/comments?post=3659"}],"version-history":[{"count":10,"href":"https:\/\/pepr-cloud.fr\/fr\/wp-json\/wp\/v2\/pages\/3659\/revisions"}],"predecessor-version":[{"id":3816,"href":"https:\/\/pepr-cloud.fr\/fr\/wp-json\/wp\/v2\/pages\/3659\/revisions\/3816"}],"wp:attachment":[{"href":"https:\/\/pepr-cloud.fr\/fr\/wp-json\/wp\/v2\/media?parent=3659"}],"curies":[{"name":"wp","href":"https:\/\/api.w.org\/{rel}","templated":true}]}}