


{"id":3184,"date":"2024-11-08T15:35:26","date_gmt":"2024-11-08T14:35:26","guid":{"rendered":"https:\/\/pepr-cloud.fr\/fr\/?page_id=3184"},"modified":"2024-12-02T18:24:07","modified_gmt":"2024-12-02T17:24:07","slug":"programme-forum-synergie-pepr-cloud","status":"publish","type":"page","link":"https:\/\/pepr-cloud.fr\/fr\/programme-forum-synergie-pepr-cloud\/","title":{"rendered":"Programme Forum Synergie PEPR Cloud"},"content":{"rendered":"<div class=\"wp-block-columns are-vertically-aligned-center is-layout-flex wp-container-core-columns-is-layout-9d6595d7 wp-block-columns-is-layout-flex\">\n<div class=\"wp-block-column is-vertically-aligned-center is-layout-flow wp-block-column-is-layout-flow\" style=\"flex-basis:25%\">\n<figure class=\"wp-block-image size-full is-resized\"><img loading=\"lazy\" decoding=\"async\" src=\"https:\/\/pepr-cloud.fr\/files\/2024\/10\/Republique_Francaise_PEPR.png\" alt=\"\" class=\"wp-image-3209\" width=\"200\" height=\"159\" srcset=\"https:\/\/pepr-cloud.fr\/files\/2024\/10\/Republique_Francaise_PEPR.png 798w, https:\/\/pepr-cloud.fr\/files\/2024\/10\/Republique_Francaise_PEPR-300x239.png 300w, https:\/\/pepr-cloud.fr\/files\/2024\/10\/Republique_Francaise_PEPR-768x611.png 768w, https:\/\/pepr-cloud.fr\/files\/2024\/10\/Republique_Francaise_PEPR-150x119.png 150w\" sizes=\"auto, (max-width: 200px) 100vw, 200px\" \/><\/figure>\n<\/div>\n\n\n\n<div class=\"wp-block-column is-vertically-aligned-center is-layout-flow wp-block-column-is-layout-flow\" style=\"flex-basis:50%\">\n<p><\/p>\n<\/div>\n\n\n\n<div class=\"wp-block-column is-vertically-aligned-center is-layout-flow wp-block-column-is-layout-flow\" style=\"flex-basis:25%\">\n<figure class=\"wp-block-image size-full\"><img loading=\"lazy\" decoding=\"async\" width=\"236\" height=\"131\" src=\"https:\/\/pepr-cloud.fr\/files\/2024\/10\/cropped-FR2030_Cloud_Couleur.jpg\" alt=\"\" class=\"wp-image-3210\" srcset=\"https:\/\/pepr-cloud.fr\/files\/2024\/10\/cropped-FR2030_Cloud_Couleur.jpg 236w, https:\/\/pepr-cloud.fr\/files\/2024\/10\/cropped-FR2030_Cloud_Couleur-150x83.jpg 150w\" sizes=\"auto, (max-width: 236px) 100vw, 236px\" \/><\/figure>\n<\/div>\n<\/div>\n\n\n\n<p class=\"has-text-align-center has-text-color\" style=\"color:#223cb0;font-size:40px\"><strong>Forum Synergie PEPR Cloud<\/strong><br>Programme<\/p>\n\n\n\n<p class=\"has-text-align-center has-vivid-red-color has-text-color\" style=\"font-size:25px;font-style:normal;font-weight:400\"><strong>Mercredi 4 d\u00e9cembre 2024<\/strong><\/p>\n\n\n\n<p class=\"has-text-align-center\" style=\"font-size:17px\">Centre Inria de l&rsquo;Universit\u00e9 de Grenoble Alpes <br>655 Av. de l&rsquo;Europe, 38330 Montbonnot-Saint-Martin<br><a href=\"https:\/\/www.inria.fr\/fr\/comment-venir-au-centre-inria-de-luniversite-grenoble-alpes\" data-type=\"URL\" data-id=\"https:\/\/www.inria.fr\/fr\/comment-venir-au-centre-inria-de-luniversite-grenoble-alpes\">Comment venir au centre Inria de l&rsquo;Universit\u00e9 Grenoble Alpes<\/a><\/p>\n\n\n\n<div style=\"height:50px\" aria-hidden=\"true\" class=\"wp-block-spacer\"><\/div>\n\n\n\n<p>L\u2019objectif de cette journ\u00e9e est de favoriser les \u00e9changes entre partenaires acad\u00e9miques et industriels \u00e0 travers des pr\u00e9sentations et des discussions. Nous aborderons les actions possibles permettant de renforcer les synergies et de faciliter le transfert des contributions acad\u00e9miques vers l\u2019industrie, comme les actions collaboratives, les logiciels open-source et les laboratoires communs. Nous discuterons \u00e9galement de la mani\u00e8re dont le monde acad\u00e9mique peut soutenir les industriels face \u00e0 leurs d\u00e9fis.<\/p>\n\n\n\n<p><\/p>\n\n\n\n<p class=\"has-text-align-center\"><strong>Retransmission en direct du Forum Synergie PEPR Cloud<\/strong><\/p>\n\n\n<div style=\"padding: 56.25% 0 0 0; position: relative;\"><iframe style=\"position: absolute; top: 0; left: 0; width: 100%; height: 100%;\" src=\"https:\/\/vimeo.com\/event\/4759363\/embed\/interaction\" frameborder=\"0\" allowfullscreen=\"allowfullscreen\"><\/iframe><\/div>\n\n\n<p><\/p>\n\n\n\n<hr class=\"wp-block-separator is-style-default\"\/>\n\n\n\n<div class=\"wp-block-columns is-layout-flex wp-container-core-columns-is-layout-9d6595d7 wp-block-columns-is-layout-flex\">\n<div class=\"wp-block-column is-layout-flow wp-block-column-is-layout-flow\" style=\"flex-basis:33.33%\">\n<p class=\"has-text-align-center has-vivid-red-color has-text-color\"><em>8h45 &#8211; 9h00<\/em><\/p>\n<\/div>\n\n\n\n<div class=\"wp-block-column is-layout-flow wp-block-column-is-layout-flow\" style=\"flex-basis:66.66%\">\n<p><em><em>Accueil caf\u00e9<\/em><\/em><\/p>\n<\/div>\n<\/div>\n\n\n\n<div class=\"wp-block-columns is-layout-flex wp-container-core-columns-is-layout-9d6595d7 wp-block-columns-is-layout-flex\">\n<div class=\"wp-block-column is-layout-flow wp-block-column-is-layout-flow\" style=\"flex-basis:33.33%\">\n<p class=\"has-text-align-center has-vivid-red-color has-text-color\">9h00 &#8211; 9h30<\/p>\n<\/div>\n\n\n\n<div class=\"wp-block-column is-layout-flow wp-block-column-is-layout-flow\" style=\"flex-basis:66.66%\">\n<p><strong>Mot d&rsquo;accueil \/<\/strong> <strong>Introduction et objectifs de la journ\u00e9e<\/strong><\/p>\n\n\n\n<p>Fr\u00e9d\u00e9ric Desprez, Directeur du Centre Inria de l&rsquo;Universit\u00e9 Grenoble Alpes <br>Adrien Lebre, Inria \/ Jean Noel Patillon, CEA List<br>Adrien Laroche, Coordinateur de la strat\u00e9gie cloud<\/p>\n<\/div>\n<\/div>\n\n\n\n<div class=\"wp-block-columns is-layout-flex wp-container-core-columns-is-layout-9d6595d7 wp-block-columns-is-layout-flex\">\n<div class=\"wp-block-column is-layout-flow wp-block-column-is-layout-flow\" style=\"flex-basis:33.33%\">\n<p class=\"has-text-align-center has-vivid-red-color has-text-color\">9h30 -10h15<\/p>\n<\/div>\n\n\n\n<div class=\"wp-block-column is-layout-flow wp-block-column-is-layout-flow\" style=\"flex-basis:66.66%\">\n<p><strong>Mobiliser les ressources inexploit\u00e9es pour le stockage, le calcul et l&rsquo;IA distribu\u00e9s<\/strong><\/p>\n\n\n\n<p>Alexandru Dobrilla, Hivenet \/ Olivier Beaumont, Inria<\/p>\n<\/div>\n<\/div>\n\n\n\n<div class=\"wp-block-columns is-layout-flex wp-container-core-columns-is-layout-9d6595d7 wp-block-columns-is-layout-flex\">\n<div class=\"wp-block-column is-layout-flow wp-block-column-is-layout-flow\" style=\"flex-basis:33.33%\">\n<p class=\"has-text-align-center has-vivid-red-color has-text-color\">10h15 &#8211; 10h45<\/p>\n<\/div>\n\n\n\n<div class=\"wp-block-column is-layout-flow wp-block-column-is-layout-flow\" style=\"flex-basis:66.66%\">\n<p><strong>Sylva : solution (telco) cloud 100% open source<\/strong> <\/p>\n\n\n\n<p>Nicolas Homo (Orange)<\/p>\n<\/div>\n<\/div>\n\n\n\n<div class=\"wp-block-columns is-layout-flex wp-container-core-columns-is-layout-9d6595d7 wp-block-columns-is-layout-flex\">\n<div class=\"wp-block-column is-layout-flow wp-block-column-is-layout-flow\" style=\"flex-basis:33.33%\">\n<p class=\"has-text-align-center has-vivid-red-color has-text-color\"><em>10h45 &#8211; 11h15<\/em><\/p>\n<\/div>\n\n\n\n<div class=\"wp-block-column is-layout-flow wp-block-column-is-layout-flow\" style=\"flex-basis:66.66%\">\n<p><em>Pause caf\u00e9<\/em><\/p>\n<\/div>\n<\/div>\n\n\n\n<div class=\"wp-block-columns is-layout-flex wp-container-core-columns-is-layout-9d6595d7 wp-block-columns-is-layout-flex\">\n<div class=\"wp-block-column is-layout-flow wp-block-column-is-layout-flow\" style=\"flex-basis:33.33%\">\n<p class=\"has-text-align-center has-vivid-red-color has-text-color\">11h15 &#8211; 12h00<\/p>\n<\/div>\n\n\n\n<div class=\"wp-block-column is-layout-flow wp-block-column-is-layout-flow\" style=\"flex-basis:66.66%\">\n<p><strong>Convergence de services IT et OT au niveau Edge<\/strong><\/p>\n\n\n\n<p>Tsukassa Levy, Collaborative Project Officer (Schneider Electric)<\/p>\n<\/div>\n<\/div>\n\n\n\n<div class=\"wp-block-columns is-layout-flex wp-container-core-columns-is-layout-9d6595d7 wp-block-columns-is-layout-flex\">\n<div class=\"wp-block-column is-layout-flow wp-block-column-is-layout-flow\" style=\"flex-basis:33.33%\">\n<p class=\"has-text-align-center has-vivid-red-color has-text-color\">12h00 &#8211; 12h30<\/p>\n<\/div>\n\n\n\n<div class=\"wp-block-column is-layout-flow wp-block-column-is-layout-flow\" style=\"flex-basis:66.66%\">\n<p><strong>Projet Hyperscaleway&nbsp;&#8211; Inventer un cloud public pour l\u2019IA : puissant, scalable, ind\u00e9pendant, comp\u00e9titif, green et secure<\/strong><br><strong>Projet France 2030 en collaboration scientifique avec INRIA<\/strong><\/p>\n\n\n\n<p>Loic Martinez Varizat, Head of Data &amp; Managed Services&nbsp;(Scaleway)<br>David Argelli\u00e8s, CTO Office (Scaleway)<\/p>\n<\/div>\n<\/div>\n\n\n\n<div class=\"wp-block-columns are-vertically-aligned-center is-layout-flex wp-container-core-columns-is-layout-9d6595d7 wp-block-columns-is-layout-flex\">\n<div class=\"wp-block-column is-vertically-aligned-center is-layout-flow wp-block-column-is-layout-flow\" style=\"flex-basis:33.33%\">\n<p class=\"has-text-align-center has-vivid-red-color has-text-color\"><em><em>12h30 &#8211; 13h45<\/em><\/em><\/p>\n<\/div>\n\n\n\n<div class=\"wp-block-column is-vertically-aligned-center is-layout-flow wp-block-column-is-layout-flow\" style=\"flex-basis:66.66%\">\n<p><em>Cocktail d\u00e9jeunatoire<\/em><\/p>\n<\/div>\n<\/div>\n\n\n\n<div class=\"wp-block-columns is-layout-flex wp-container-core-columns-is-layout-9d6595d7 wp-block-columns-is-layout-flex\">\n<div class=\"wp-block-column is-layout-flow wp-block-column-is-layout-flow\" style=\"flex-basis:33.33%\">\n<p class=\"has-text-align-center has-vivid-red-color has-text-color\">13h45 &#8211; 14h15<\/p>\n<\/div>\n\n\n\n<div class=\"wp-block-column is-layout-flow wp-block-column-is-layout-flow\" style=\"flex-basis:66.66%\">\n<p><strong>Les enjeux de recherche de la r\u00e9utilisation de la chaleur fatale informatique pour un Cloud Service Provider<\/strong><\/p>\n\n\n\n<p>R\u00e9mi Bouzel,&nbsp;&nbsp;Directeur Scientifique (Qarnot Computing)<\/p>\n<\/div>\n<\/div>\n\n\n\n<div class=\"wp-block-columns is-layout-flex wp-container-core-columns-is-layout-9d6595d7 wp-block-columns-is-layout-flex\">\n<div class=\"wp-block-column is-layout-flow wp-block-column-is-layout-flow\" style=\"flex-basis:33.33%\">\n<p class=\"has-text-align-center has-vivid-red-color has-text-color\">14h15 &#8211; 15h00<\/p>\n<\/div>\n\n\n\n<div class=\"wp-block-column is-layout-flow wp-block-column-is-layout-flow\" style=\"flex-basis:66.66%\">\n<p><strong>Retour et perspectives&nbsp;le projet ASCEND&nbsp;(Advanced&nbsp;Space&nbsp;Cloud for European Net zero emission and&nbsp;Data&nbsp;sovereignty)<\/strong><\/p>\n\n\n\n<p>Damien&nbsp;Dumestier (Thales Alenia Space)<\/p>\n<\/div>\n<\/div>\n\n\n\n<div class=\"wp-block-columns is-layout-flex wp-container-core-columns-is-layout-9d6595d7 wp-block-columns-is-layout-flex\">\n<div class=\"wp-block-column is-layout-flow wp-block-column-is-layout-flow\" style=\"flex-basis:33.33%\">\n<p class=\"has-text-align-center has-vivid-red-color has-text-color\">15h00 &#8211; 15h30<\/p>\n<\/div>\n\n\n\n<div class=\"wp-block-column is-layout-flow wp-block-column-is-layout-flow\" style=\"flex-basis:66.66%\">\n<p><strong>Comment d\u00e9ployer sa plateforme cloud edge computing avec OpenStack ?<\/strong><\/p>\n\n\n\n<p>Vivien Boucher, Responsable du p\u00f4le projets (Exaion)<\/p>\n<\/div>\n<\/div>\n\n\n\n<div class=\"wp-block-columns is-layout-flex wp-container-core-columns-is-layout-9d6595d7 wp-block-columns-is-layout-flex\">\n<div class=\"wp-block-column is-layout-flow wp-block-column-is-layout-flow\" style=\"flex-basis:33.33%\">\n<p class=\"has-text-align-center has-vivid-red-color has-text-color\">15h30 &#8211; 16h00<\/p>\n<\/div>\n\n\n\n<div class=\"wp-block-column is-layout-flow wp-block-column-is-layout-flow\" style=\"flex-basis:66.66%\">\n<p><strong>Les espaces de donn\u00e9es, vecteur de comp\u00e9titivit\u00e9 pour les acteurs de l\u2019industrie<\/strong><\/p>\n\n\n\n<p>Laurent Lafaye, co-CEO (Dawex)<\/p>\n<\/div>\n<\/div>\n\n\n\n<div class=\"wp-block-columns is-layout-flex wp-container-core-columns-is-layout-9d6595d7 wp-block-columns-is-layout-flex\">\n<div class=\"wp-block-column is-layout-flow wp-block-column-is-layout-flow\" style=\"flex-basis:33.33%\">\n<p class=\"has-text-align-center has-vivid-red-color has-text-color\">16h00 &#8211; 16h15<\/p>\n<\/div>\n\n\n\n<div class=\"wp-block-column is-layout-flow wp-block-column-is-layout-flow\" style=\"flex-basis:66.66%\">\n<p><em>Pause caf\u00e9<\/em><\/p>\n<\/div>\n<\/div>\n\n\n\n<div class=\"wp-block-columns is-layout-flex wp-container-core-columns-is-layout-9d6595d7 wp-block-columns-is-layout-flex\">\n<div class=\"wp-block-column is-layout-flow wp-block-column-is-layout-flow\" style=\"flex-basis:33.33%\">\n<p class=\"has-text-align-center has-vivid-red-color has-text-color\">16h15 &#8211; 17h00<\/p>\n<\/div>\n\n\n\n<div class=\"wp-block-column is-layout-flow wp-block-column-is-layout-flow\" style=\"flex-basis:66.66%\">\n<p><strong>Discussions ouvertes : Favoriser les collaborations et le transfert des contributions scientifiques et techniques entre les deux communaut\u00e9s<\/strong><\/p>\n\n\n\n<p>Acad\u00e9miques et industriels<\/p>\n<\/div>\n<\/div>\n\n\n\n<div class=\"wp-block-columns is-layout-flex wp-container-core-columns-is-layout-9d6595d7 wp-block-columns-is-layout-flex\">\n<div class=\"wp-block-column is-layout-flow wp-block-column-is-layout-flow\" style=\"flex-basis:33.33%\">\n<p class=\"has-text-align-center has-vivid-red-color has-text-color\">17h00 &#8211; 17h15<\/p>\n<\/div>\n\n\n\n<div class=\"wp-block-column is-layout-flow wp-block-column-is-layout-flow\" style=\"flex-basis:66.66%\">\n<p><strong>Conclusion : Synth\u00e8se de la journ\u00e9e et mot de la fin<\/strong><\/p>\n<\/div>\n<\/div>\n\n\n\n<div class=\"wp-block-columns is-layout-flex wp-container-core-columns-is-layout-9d6595d7 wp-block-columns-is-layout-flex\">\n<div class=\"wp-block-column is-layout-flow wp-block-column-is-layout-flow\" style=\"flex-basis:33.33%\">\n<p class=\"has-text-align-center has-vivid-red-color has-text-color\"><em>17h15<\/em><\/p>\n<\/div>\n\n\n\n<div class=\"wp-block-column is-layout-flow wp-block-column-is-layout-flow\" style=\"flex-basis:66.66%\">\n<p><em>Cl\u00f4ture de la journ\u00e9e<\/em><\/p>\n<\/div>\n<\/div>\n\n\n\n<hr class=\"wp-block-separator is-style-default\"\/>\n\n\n\n<p class=\"has-text-align-center has-text-color\" style=\"color:#223cb0\"><strong>Programme \u00e0 t\u00e9l\u00e9charger<\/strong> <a href=\"https:\/\/pepr-cloud.fr\/files\/2024\/12\/Programme-forum-synergie-PEPR-Cloud.pdf\" data-type=\"URL\" data-id=\"https:\/\/pepr-cloud.fr\/files\/2024\/12\/Programme-forum-synergie-PEPR-Cloud.pdf\">ici <\/a><\/p>\n\n\n\n<p class=\"has-text-align-center\"><a href=\"https:\/\/pepr-cloud.fr\/fr\/3659-2\/\" data-type=\"URL\" data-id=\"https:\/\/pepr-cloud.fr\/fr\/3659-2\/\"><strong>En savoir plus<\/strong><\/a><\/p>\n\n\n\n<div style=\"height:100px\" aria-hidden=\"true\" class=\"wp-block-spacer\"><\/div>\n\n\n\n<div class=\"wp-block-columns are-vertically-aligned-center is-layout-flex wp-container-core-columns-is-layout-9d6595d7 wp-block-columns-is-layout-flex\">\n<div class=\"wp-block-column is-vertically-aligned-center is-layout-flow wp-block-column-is-layout-flow\">\n<div class=\"wp-block-image\"><figure class=\"alignleft size-full is-resized\"><img loading=\"lazy\" decoding=\"async\" src=\"https:\/\/pepr-cloud.fr\/files\/2024\/10\/logo_inria-CEA-1.png\" alt=\"\" class=\"wp-image-3219\" width=\"207\" height=\"74\" srcset=\"https:\/\/pepr-cloud.fr\/files\/2024\/10\/logo_inria-CEA-1.png 276w, https:\/\/pepr-cloud.fr\/files\/2024\/10\/logo_inria-CEA-1-150x53.png 150w\" sizes=\"auto, (max-width: 207px) 100vw, 207px\" \/><\/figure><\/div>\n<\/div>\n\n\n\n<div class=\"wp-block-column is-vertically-aligned-center is-layout-flow wp-block-column-is-layout-flow\">\n<p><\/p>\n<\/div>\n\n\n\n<div class=\"wp-block-column is-vertically-aligned-center is-layout-flow wp-block-column-is-layout-flow\">\n<div class=\"wp-block-image\"><figure class=\"alignright size-full is-resized\"><img loading=\"lazy\" decoding=\"async\" src=\"https:\/\/pepr-cloud.fr\/files\/2024\/10\/logo-finance-anr-1.png\" alt=\"\" class=\"wp-image-3221\" width=\"238\" height=\"92\" srcset=\"https:\/\/pepr-cloud.fr\/files\/2024\/10\/logo-finance-anr-1.png 317w, https:\/\/pepr-cloud.fr\/files\/2024\/10\/logo-finance-anr-1-300x116.png 300w, https:\/\/pepr-cloud.fr\/files\/2024\/10\/logo-finance-anr-1-150x58.png 150w\" sizes=\"auto, (max-width: 238px) 100vw, 238px\" \/><\/figure><\/div>\n<\/div>\n<\/div>","protected":false},"excerpt":{"rendered":"<p>Forum Synergie PEPR CloudProgramme Mercredi 4 d\u00e9cembre 2024 Centre Inria de l&rsquo;Universit\u00e9 de Grenoble Alpes 655 Av. de l&rsquo;Europe, 38330 Montbonnot-Saint-MartinComment venir au centre Inria de l&rsquo;Universit\u00e9 Grenoble Alpes L\u2019objectif de cette journ\u00e9e est de favoriser les \u00e9changes entre partenaires acad\u00e9miques et industriels \u00e0 travers des pr\u00e9sentations et des discussions.\u2026<\/p>\n<p> <a class=\"continue-reading-link\" href=\"https:\/\/pepr-cloud.fr\/fr\/programme-forum-synergie-pepr-cloud\/\"><span>Continuer la lecture<\/span><i class=\"crycon-right-dir\"><\/i><\/a> <\/p>\n","protected":false},"author":2468,"featured_media":0,"parent":0,"menu_order":0,"comment_status":"closed","ping_status":"closed","template":"","meta":{"_mc_calendar":[],"footnotes":""},"class_list":["post-3184","page","type-page","status-publish","hentry"],"_links":{"self":[{"href":"https:\/\/pepr-cloud.fr\/fr\/wp-json\/wp\/v2\/pages\/3184","targetHints":{"allow":["GET"]}}],"collection":[{"href":"https:\/\/pepr-cloud.fr\/fr\/wp-json\/wp\/v2\/pages"}],"about":[{"href":"https:\/\/pepr-cloud.fr\/fr\/wp-json\/wp\/v2\/types\/page"}],"author":[{"embeddable":true,"href":"https:\/\/pepr-cloud.fr\/fr\/wp-json\/wp\/v2\/users\/2468"}],"replies":[{"embeddable":true,"href":"https:\/\/pepr-cloud.fr\/fr\/wp-json\/wp\/v2\/comments?post=3184"}],"version-history":[{"count":119,"href":"https:\/\/pepr-cloud.fr\/fr\/wp-json\/wp\/v2\/pages\/3184\/revisions"}],"predecessor-version":[{"id":3697,"href":"https:\/\/pepr-cloud.fr\/fr\/wp-json\/wp\/v2\/pages\/3184\/revisions\/3697"}],"wp:attachment":[{"href":"https:\/\/pepr-cloud.fr\/fr\/wp-json\/wp\/v2\/media?parent=3184"}],"curies":[{"name":"wp","href":"https:\/\/api.w.org\/{rel}","templated":true}]}}