


{"id":1998,"date":"2024-09-20T15:24:52","date_gmt":"2024-09-20T13:24:52","guid":{"rendered":"https:\/\/pepr-cloud.fr\/fr\/?page_id=1998"},"modified":"2025-02-19T11:14:52","modified_gmt":"2025-02-19T10:14:52","slug":"1998-2","status":"publish","type":"page","link":"https:\/\/pepr-cloud.fr\/fr\/protection-des-donnees-personnelles\/","title":{"rendered":"Protection des donn\u00e9es personnelles"},"content":{"rendered":"<div class=\"wp-block-cover animate__animated animate__fadeInDown\"><span aria-hidden=\"true\" class=\"has-background-dim-0 wp-block-cover__gradient-background has-background-dim\"><\/span><img loading=\"lazy\" decoding=\"async\" width=\"2449\" height=\"815\" class=\"wp-block-cover__image-background wp-image-1999\" alt=\"\" src=\"https:\/\/pepr-cloud.fr\/files\/2024\/09\/Banniere-Protection-des-donnees.png\" data-object-fit=\"cover\" srcset=\"https:\/\/pepr-cloud.fr\/files\/2024\/09\/Banniere-Protection-des-donnees.png 2449w, https:\/\/pepr-cloud.fr\/files\/2024\/09\/Banniere-Protection-des-donnees-300x100.png 300w, https:\/\/pepr-cloud.fr\/files\/2024\/09\/Banniere-Protection-des-donnees-1024x341.png 1024w, https:\/\/pepr-cloud.fr\/files\/2024\/09\/Banniere-Protection-des-donnees-768x256.png 768w, https:\/\/pepr-cloud.fr\/files\/2024\/09\/Banniere-Protection-des-donnees-1536x511.png 1536w, https:\/\/pepr-cloud.fr\/files\/2024\/09\/Banniere-Protection-des-donnees-2048x682.png 2048w, https:\/\/pepr-cloud.fr\/files\/2024\/09\/Banniere-Protection-des-donnees-150x50.png 150w\" sizes=\"auto, (max-width: 2449px) 100vw, 2449px\" \/><div class=\"wp-block-cover__inner-container is-layout-flow wp-block-cover-is-layout-flow\">\n<p class=\"has-text-align-center has-large-font-size\"><\/p>\n<\/div><\/div>\n\n\n\n<div style=\"height:50px\" aria-hidden=\"true\" class=\"wp-block-spacer\"><\/div>\n\n\n\n<p>Inria, situ\u00e9 Domaine de Voluceau, Le Chesnay Rocquencourt, B.P. 105 78153 Cedex \u2013\u00a0France, vous informe que des donn\u00e9es personnelles font l\u2019objet d\u2019un traitement mis en \u0153uvre par les pilotes du PEPR Cloud. Lorsque certaines informations sont obligatoires pour acc\u00e9der \u00e0 des fonctionnalit\u00e9s sp\u00e9cifiques du site, ce caract\u00e8re obligatoire est indiqu\u00e9 au moment de la collecte de la saisie des donn\u00e9es. En cas de refus de votre part de fournir des informations obligatoires, vous pourriez ne pas avoir acc\u00e8s \u00e0 certains services.<\/p>\n\n\n\n<h2 class=\"wp-block-heading\" style=\"font-size:30px\">&#8212; <strong>Donn\u00e9es \u00e0 caract\u00e8re personnel enregistr\u00e9es<\/strong><\/h2>\n\n\n\n<div style=\"height:20px\" aria-hidden=\"true\" class=\"wp-block-spacer\"><\/div>\n\n\n\n<p>Des donn\u00e9es \u00e0 caract\u00e8re personnel sont susceptibles d\u2019\u00eatre collect\u00e9es par Inria, Domaine de Voluceau, Le Chesnay Rocquencourt, B.P. 105 78153 Cedex \u2013 France, pour le PEPR Cloud.<\/p>\n\n\n\n<p>Les adresses IP recueillies \u00e0 des fins statistiques par le logiciel MATOMO sont anonymis\u00e9es, c\u2019est-\u00e0-dire que l\u2019on conservera les deux premiers octets d\u2019une adresse IP. Ce processus emp\u00eache de remonter \u00e0 une personne physique.<\/p>\n\n\n\n<p>Types de donn\u00e9es collect\u00e9es&nbsp;:<\/p>\n\n\n\n<ul class=\"wp-block-list\"><li>Nom<\/li><li>Pr\u00e9nom<\/li><li>Adresse e-mail<\/li><\/ul>\n\n\n\n<p>Sont susceptibles d\u2019\u00eatre dans le cadre :<br>      &#8211; des \u00e9changes via le formulaire de contact<\/p>\n\n\n\n<h2 class=\"wp-block-heading\" style=\"font-size:30px\">&#8212; <strong>Destinataires des donn\u00e9es<\/strong><\/h2>\n\n\n\n<div style=\"height:20px\" aria-hidden=\"true\" class=\"wp-block-spacer\"><\/div>\n\n\n\n<p>Ces donn\u00e9es sont accessibles par&nbsp;:<\/p>\n\n\n\n<ul class=\"wp-block-list\"><li>Webmestres, administrateurs de ce site ;<\/li><li>Les administrateurs du site (y compris les prestataires ext\u00e9rieurs) pourront \u00eatre amen\u00e9s \u00e0 consulter ces donn\u00e9es pour des raisons techniques et de fonctionnement du site .<\/li><\/ul>\n\n\n\n<h2 class=\"wp-block-heading\" style=\"font-size:30px\">&#8212; <strong>Dur\u00e9e de conservation des donn\u00e9es<\/strong><\/h2>\n\n\n\n<div style=\"height:20px\" aria-hidden=\"true\" class=\"wp-block-spacer\"><\/div>\n\n\n\n<p>Afin d\u2019assurer le traitement des demandes, les donn\u00e9es collect\u00e9es sont conserv\u00e9es pour une dur\u00e9e de 1 an.<\/p>\n\n\n\n<h2 class=\"wp-block-heading\" style=\"font-size:30px\">&#8212; <strong>Transfert des donn\u00e9es hors de l\u2019Union Europ\u00e9enne<\/strong><\/h2>\n\n\n\n<div style=\"height:20px\" aria-hidden=\"true\" class=\"wp-block-spacer\"><\/div>\n\n\n\n<p>Aucun transfert des donn\u00e9es hors de l\u2019Union Europ\u00e9enne n\u2019est r\u00e9alis\u00e9.<\/p>\n\n\n\n<h2 class=\"wp-block-heading\" style=\"font-size:30px\">&#8212; <strong>Droit des personnes<\/strong><\/h2>\n\n\n\n<div style=\"height:20px\" aria-hidden=\"true\" class=\"wp-block-spacer\"><\/div>\n\n\n\n<p>Conform\u00e9ment aux dispositions l\u00e9gales et r\u00e8glementaires applicables, en particulier la loi n\u00b0 78-17 du 6 janvier modifi\u00e9e relative \u00e0 l\u2019informatique, aux fichiers et aux libert\u00e9s et le r\u00e8glement europ\u00e9en n\u00b0 2016\/679\/UE du 27 avril 2016 (applicable depuis le 25 mai 2018), vous disposez des droits suivants&nbsp;:<\/p>\n\n\n\n<ul class=\"wp-block-list\"><li>droit d\u2019acc\u00e8s, pour conna\u00eetre les donn\u00e9es personnelles qui vous concernent ;<\/li><li>mise \u00e0 jour de vos donn\u00e9es, si elles sont inexactes ;<\/li><li>portabilit\u00e9 ou suppression de vos donn\u00e9es ;<\/li><li>limitation du traitement de vos donn\u00e9es ;<\/li><li>opposition, pour des motifs l\u00e9gitimes, au traitement de vos donn\u00e9es ;<\/li><li>retrait de votre consentement au traitement de vos donn\u00e9es.<\/li><\/ul>\n\n\n\n<h2 class=\"wp-block-heading\" style=\"font-size:30px\">&#8212; <strong>Pour exercer ces droits<\/strong><\/h2>\n\n\n\n<div style=\"height:20px\" aria-hidden=\"true\" class=\"wp-block-spacer\"><\/div>\n\n\n\n<p>Remplissez le <a href=\"https:\/\/pepr-cloud.fr\/fr\/contact\/\" data-type=\"URL\" data-id=\"https:\/\/pepr-cloud.fr\/fr\/contact\/\">formulaire de contact<\/a> de ce site.<\/p>\n\n\n\n<p>Vous pouvez \u00e9galement contacter la d\u00e9l\u00e9gu\u00e9e \u00e0 la protection des donn\u00e9es (DPO) d\u2019Inria :<\/p>\n\n\n\n<ul class=\"wp-block-list\"><li>par voie \u00e9lectronique : dpo@inria.fr<\/li><li>par courrier postal : La d\u00e9l\u00e9gu\u00e9e \u00e0 la protection des donn\u00e9es \u2013&nbsp; Inria, 2004 route des Lucioles, BP 93, 06902 Sophia-Antipolis Cedex<\/li><\/ul>\n\n\n\n<h2 class=\"wp-block-heading\" style=\"font-size:30px\">&#8212; <strong>Droit d\u2019introduire une r\u00e9clamation<\/strong><\/h2>\n\n\n\n<div style=\"height:20px\" aria-hidden=\"true\" class=\"wp-block-spacer\"><\/div>\n\n\n\n<p>Si vous estimez, apr\u00e8s nous avoir contact\u00e9s, que vos droits Informatique et Libert\u00e9s ne sont pas respect\u00e9s, vous avez la possibilit\u00e9 d\u2019introduire une r\u00e9clamation en ligne aupr\u00e8s de la CNIL ou par courrier postal.<\/p>\n\n\n\n<p>Commission Nationale de l\u2019Informatique et des Libert\u00e9s (CNIL)<br>3 Place de Fontenoy<br>TSA 80715<br>75334 PARIS CEDEX 07<br>Site web : https:\/\/www.cnil.fr<\/p>","protected":false},"excerpt":{"rendered":"<p>Inria, situ\u00e9 Domaine de Voluceau, Le Chesnay Rocquencourt, B.P. 105 78153 Cedex \u2013\u00a0France, vous informe que des donn\u00e9es personnelles font l\u2019objet d\u2019un traitement mis en \u0153uvre par les pilotes du PEPR Cloud. Lorsque certaines informations sont obligatoires pour acc\u00e9der \u00e0 des fonctionnalit\u00e9s sp\u00e9cifiques du site, ce caract\u00e8re obligatoire est indiqu\u00e9\u2026<\/p>\n<p> <a class=\"continue-reading-link\" href=\"https:\/\/pepr-cloud.fr\/fr\/protection-des-donnees-personnelles\/\"><span>Continuer la lecture<\/span><i class=\"crycon-right-dir\"><\/i><\/a> <\/p>\n","protected":false},"author":2468,"featured_media":0,"parent":0,"menu_order":0,"comment_status":"closed","ping_status":"closed","template":"","meta":{"_mc_calendar":[],"footnotes":""},"class_list":["post-1998","page","type-page","status-publish","hentry"],"_links":{"self":[{"href":"https:\/\/pepr-cloud.fr\/fr\/wp-json\/wp\/v2\/pages\/1998","targetHints":{"allow":["GET"]}}],"collection":[{"href":"https:\/\/pepr-cloud.fr\/fr\/wp-json\/wp\/v2\/pages"}],"about":[{"href":"https:\/\/pepr-cloud.fr\/fr\/wp-json\/wp\/v2\/types\/page"}],"author":[{"embeddable":true,"href":"https:\/\/pepr-cloud.fr\/fr\/wp-json\/wp\/v2\/users\/2468"}],"replies":[{"embeddable":true,"href":"https:\/\/pepr-cloud.fr\/fr\/wp-json\/wp\/v2\/comments?post=1998"}],"version-history":[{"count":21,"href":"https:\/\/pepr-cloud.fr\/fr\/wp-json\/wp\/v2\/pages\/1998\/revisions"}],"predecessor-version":[{"id":4180,"href":"https:\/\/pepr-cloud.fr\/fr\/wp-json\/wp\/v2\/pages\/1998\/revisions\/4180"}],"wp:attachment":[{"href":"https:\/\/pepr-cloud.fr\/fr\/wp-json\/wp\/v2\/media?parent=1998"}],"curies":[{"name":"wp","href":"https:\/\/api.w.org\/{rel}","templated":true}]}}