


{"id":1607,"date":"2024-07-24T09:25:43","date_gmt":"2024-07-24T07:25:43","guid":{"rendered":"https:\/\/pepr-cloud.fr\/fr\/?page_id=1607"},"modified":"2024-10-29T09:57:16","modified_gmt":"2024-10-29T08:57:16","slug":"mentions-legales-brouillon","status":"publish","type":"page","link":"https:\/\/pepr-cloud.fr\/fr\/mentions-legales\/","title":{"rendered":"Mentions l\u00e9gales"},"content":{"rendered":"<div class=\"wp-block-cover animate__animated animate__fadeInDown\"><span aria-hidden=\"true\" class=\"has-background-dim-0 wp-block-cover__gradient-background has-background-dim\"><\/span><img loading=\"lazy\" decoding=\"async\" width=\"1343\" height=\"448\" class=\"wp-block-cover__image-background wp-image-1608\" alt=\"\" src=\"https:\/\/pepr-cloud.fr\/files\/2024\/07\/Banniere-mentions-legales.png\" data-object-fit=\"cover\" srcset=\"https:\/\/pepr-cloud.fr\/files\/2024\/07\/Banniere-mentions-legales.png 1343w, https:\/\/pepr-cloud.fr\/files\/2024\/07\/Banniere-mentions-legales-300x100.png 300w, https:\/\/pepr-cloud.fr\/files\/2024\/07\/Banniere-mentions-legales-1024x342.png 1024w, https:\/\/pepr-cloud.fr\/files\/2024\/07\/Banniere-mentions-legales-768x256.png 768w, https:\/\/pepr-cloud.fr\/files\/2024\/07\/Banniere-mentions-legales-150x50.png 150w\" sizes=\"auto, (max-width: 1343px) 100vw, 1343px\" \/><div class=\"wp-block-cover__inner-container is-layout-flow wp-block-cover-is-layout-flow\">\n<p class=\"has-text-align-center has-large-font-size\"><\/p>\n<\/div><\/div>\n\n\n\n<div style=\"height:50px\" aria-hidden=\"true\" class=\"wp-block-spacer\"><\/div>\n\n\n\n<p>En naviguant sur le site www.pepr-cloud.fr, vous reconnaissez avoir pris connaissance et accept\u00e9 les pr\u00e9sentes mentions l\u00e9gales.<\/p>\n\n\n\n<p>Le PEPR Cloud est pilot\u00e9 par le CEA et Inria. L\u2019administration de ce site web a \u00e9t\u00e9 confi\u00e9e \u00e0&nbsp;:<\/p>\n\n\n\n<p class=\"has-large-font-size\"><strong>Inria \u2013 Institut national de recherche en sciences et technologies du num\u00e9rique&nbsp;<\/strong><\/p>\n\n\n\n<p>Domaine de Voluceau&nbsp;<br>Le Chesnay Rocquencourt<br>B.P. 105 78153 Cedex&nbsp;<br>France&nbsp;<\/p>\n\n\n\n<p>T\u00e9l\u00e9phone : <a href=\"about:blank\">+33 1 39 63 55 11<\/a><\/p>\n\n\n\n<p>Site web : <a href=\"https:\/\/www.inria.fr\/fr\">www.inria.fr<\/a><\/p>\n\n\n\n<p>Et au<\/p>\n\n\n\n<p class=\"has-large-font-size\"><strong>CEA \u2013 Commissariat \u00e0 l\u2019\u00c9nergie Atomique et aux \u00c9nergies Alternatives<\/strong><\/p>\n\n\n\n<p>B\u00e2timent Le ponant D<\/p>\n\n\n\n<p>25 rue Leblanc<\/p>\n\n\n\n<p>75015 Paris<br>France<\/p>\n\n\n\n<p>T\u00e9l\u00e9phone : <a href=\"about:blank\">01 64 50 20 59<\/a><\/p>\n\n\n\n<p>Site web : <a href=\"https:\/\/www.cea.fr\/\">www.cea.fr<\/a><\/p>\n\n\n\n<p><strong>Directeur de la publication<\/strong> : Bruno Sportisse (pr\u00e9sident-directeur g\u00e9n\u00e9ral, Inria)<\/p>\n\n\n\n<p><strong>Directeurs de la r\u00e9daction<\/strong> : Jean-No\u00ebl Patillon (CEA), Adrien Lebre (Inria)<\/p>\n\n\n\n<p class=\"has-large-font-size\"><strong>H\u00e9bergeur<\/strong><\/p>\n\n\n\n<p>Inria<br>Domaine de Voluceau<br>Rocquencourt &#8211; B.P. 105<br>78153 Le Chesnay Cedex &#8211; France<br>T\u00e9l\u00e9phone : +33 1 39 63 55 11<\/p>\n\n\n\n<p class=\"has-large-font-size\"><strong>Donn\u00e9es personnelles<\/strong><\/p>\n\n\n\n<p>Les informations sur la protection des donn\u00e9es personnelles dans le cadre du pr\u00e9sent site figurent \u00e0 la page \u00ab <a href=\"https:\/\/pepr-cloud.fr\/fr\/protection-des-donnees-personnelles\/\" data-type=\"URL\" data-id=\"https:\/\/pepr-cloud.fr\/fr\/protection-des-donnees-personnelles\/\">Protection des donn\u00e9es personnelles<\/a> \u00bb.<\/p>\n\n\n\n<p class=\"has-large-font-size\"><strong>Cookies<\/strong><\/p>\n\n\n\n<p>Les informations sur les cookies du pr\u00e9sent site figurent \u00e0 la page <a href=\"https:\/\/pepr-cloud.fr\/fr\/gestion-des-cookies\/\" data-type=\"URL\" data-id=\"https:\/\/pepr-cloud.fr\/fr\/gestion-des-cookies\/\">\u00ab Politique d\u2019utilisation des cookies \u00bb<\/a>.<\/p>\n\n\n\n<p class=\"has-large-font-size\"><strong>Clause de non-responsabilit\u00e9<\/strong><\/p>\n\n\n\n<p>La responsabilit\u00e9 du CEA et d\u2019Inria ne peut, en aucune mani\u00e8re, \u00eatre engag\u00e9e quant au contenu des informations figurant sur ce site ou aux cons\u00e9quences pouvant r\u00e9sulter de leur utilisation ou interpr\u00e9tation.<\/p>\n\n\n\n<p class=\"has-large-font-size\"><strong>Propri\u00e9t\u00e9&nbsp;intellectuelle<\/strong><\/p>\n\n\n\n<p>Les contenus, les textes, y compris les vid\u00e9os, les marques, les logos et les images qui apparaissent ou sont disponibles sur le site, sont prot\u00e9g\u00e9s par le droit de la propri\u00e9t\u00e9 intellectuelle.<\/p>\n\n\n\n<p>\u00c0 ce titre, vous vous engagez \u00e0 ne pas utiliser, extraire, copier, traduire, reproduire, vendre, publier, exploiter et diffuser des contenus du site prot\u00e9g\u00e9s par le droit de la propri\u00e9t\u00e9 intellectuelle, sans autorisation pr\u00e9alable et \u00e9crite du CEA et d\u2019Inria.<\/p>\n\n\n\n<p>Le sigle \u00ab&nbsp;CEA&nbsp;\u00bb, la mention \u00ab&nbsp;Commissariat \u00e0 l\u2019\u00c9nergie Atomique et aux \u00c9nergies Alternatives&nbsp;\u00bb et le logo du CEA&nbsp;; le nom \u00ab&nbsp;Inria&nbsp;\u00bb et le logo d\u2019Inria sont d\u00e9pos\u00e9s \u00e0 titre de marque. Dans ce cadre, il est interdit de faire r\u00e9f\u00e9rence aux d\u00e9nominations sociales ou aux marques du CEA ou d\u2019Inria \u00e0 quelque fin que ce soit, sans autorisation pr\u00e9alable, expresse et \u00e9crite du CEA ou d\u2019Inria. Toute reproduction totale ou partielle de ces marques ou de ces logos effectu\u00e9e \u00e0 partir des \u00e9l\u00e9ments du site sans autorisation expresse de ces entit\u00e9s est prohib\u00e9e, au sens des articles L.713-2 et suivants du Code de la propri\u00e9t\u00e9 intellectuelle. Par ailleurs, l\u2019usage non autoris\u00e9 des d\u00e9nominations sociales du CEA ou d\u2019Inria ou de leurs noms est constitutif d\u2019une faute au sens des articles 1240 et 1241 du code civil.<\/p>\n\n\n\n<p class=\"has-large-font-size\"><strong>Liens&nbsp;hypertextes<\/strong><\/p>\n\n\n\n<p>La reproduction d\u2019un lien de ce site vers un site \u00e9dit\u00e9 par un tiers ne constitue en aucun cas une validation de ce site ou de son contenu de la part &nbsp;du CEA ou d\u2019Inria.<\/p>\n\n\n\n<p>Le CEA ou Inria ne saurait \u00eatre tenu responsable des contenus produits sur un site \u00e9dit\u00e9 par un tiers vers lesquels des liens sont \u00e9tablis, ou de toute autre information publi\u00e9e sur ce site, ainsi que des cons\u00e9quences de leur utilisation.<\/p>\n\n\n\n<p>La mise en place de liens hypertextes par des tiers vers des pages ou des documents diffus\u00e9s sur le site du&nbsp;PEPR Cloud&nbsp;est autoris\u00e9e sous r\u00e9serve que les liens ne contreviennent pas aux int\u00e9r\u00eats du&nbsp;PEPR Cloud&nbsp;et qu\u2019ils garantissent la possibilit\u00e9 pour l\u2019utilisateur d\u2019identifier l\u2019origine et l\u2019auteur du document. Il est pr\u00e9cis\u00e9 que la mise en place de tels liens hypertextes \u00e0 des fins de promotion commerciale des produits ou services propos\u00e9s par un tiers est interdite.<\/p>\n\n\n\n<p class=\"has-large-font-size\"><strong>Signalement&nbsp;de contenus illicites<\/strong><\/p>\n\n\n\n<p>Si vous estimez qu\u2019un contenu est illicite au sens de&nbsp;<a href=\"https:\/\/www.legifrance.gouv.fr\/loda\/article_lc\/LEGIARTI000042038977\/2020-06-26\/\">l\u2019art. 6-I de la loi n\u00b0 2004-575 du 21 juin 2004 pour la confiance dans&nbsp;l\u2019\u00e9conomie num\u00e9rique,<\/a>&nbsp;vous pouvez le porter \u00e0 la connaissance de l\u2019administrateur sur la page \u00ab&nbsp;<a href=\"https:\/\/www.pepr-ia.fr\/contact\/\">Contact<\/a> \u00bb.&nbsp;<\/p>\n\n\n\n<p class=\"has-large-font-size\"><strong>Signalement de fausses informations<\/strong><\/p>\n\n\n\n<p>Si vous estimez que des informations inexactes sont susceptibles de troubler l\u2019ordre public ou d\u2019alt\u00e9rer la sinc\u00e9rit\u00e9 d\u2019un des scrutins \u00e9lectoraux au sens de&nbsp;<a href=\"https:\/\/www.legifrance.gouv.fr\/jorf\/id\/JORFTEXT000037847559\" target=\"_blank\" rel=\"noreferrer noopener\">la loi n\u00b0 2018-1202 du 22 d\u00e9cembre 2018 relative \u00e0 la lutte contre la manipulation de l\u2019information<\/a><a href=\"https:\/\/www.legifrance.gouv.fr\/loda\/article_lc\/LEGIARTI000042038977\/2020-06-26\/\">,<\/a>&nbsp;vous pouvez le porter \u00e0 la connaissance de l\u2019administrateur sur la page \u00ab <a href=\"https:\/\/www.pepr-ia.fr\/contact\/\">Contact<\/a> \u00bb.<\/p>","protected":false},"excerpt":{"rendered":"<p>En naviguant sur le site www.pepr-cloud.fr, vous reconnaissez avoir pris connaissance et accept\u00e9 les pr\u00e9sentes mentions l\u00e9gales. Le PEPR Cloud est pilot\u00e9 par le CEA et Inria. L\u2019administration de ce site web a \u00e9t\u00e9 confi\u00e9e \u00e0&nbsp;: Inria \u2013 Institut national de recherche en sciences et technologies du num\u00e9rique&nbsp; Domaine de\u2026<\/p>\n<p> <a class=\"continue-reading-link\" href=\"https:\/\/pepr-cloud.fr\/fr\/mentions-legales\/\"><span>Continuer la lecture<\/span><i class=\"crycon-right-dir\"><\/i><\/a> <\/p>\n","protected":false},"author":2468,"featured_media":0,"parent":0,"menu_order":0,"comment_status":"closed","ping_status":"closed","template":"","meta":{"_mc_calendar":[],"footnotes":""},"class_list":["post-1607","page","type-page","status-publish","hentry"],"_links":{"self":[{"href":"https:\/\/pepr-cloud.fr\/fr\/wp-json\/wp\/v2\/pages\/1607","targetHints":{"allow":["GET"]}}],"collection":[{"href":"https:\/\/pepr-cloud.fr\/fr\/wp-json\/wp\/v2\/pages"}],"about":[{"href":"https:\/\/pepr-cloud.fr\/fr\/wp-json\/wp\/v2\/types\/page"}],"author":[{"embeddable":true,"href":"https:\/\/pepr-cloud.fr\/fr\/wp-json\/wp\/v2\/users\/2468"}],"replies":[{"embeddable":true,"href":"https:\/\/pepr-cloud.fr\/fr\/wp-json\/wp\/v2\/comments?post=1607"}],"version-history":[{"count":9,"href":"https:\/\/pepr-cloud.fr\/fr\/wp-json\/wp\/v2\/pages\/1607\/revisions"}],"predecessor-version":[{"id":3351,"href":"https:\/\/pepr-cloud.fr\/fr\/wp-json\/wp\/v2\/pages\/1607\/revisions\/3351"}],"wp:attachment":[{"href":"https:\/\/pepr-cloud.fr\/fr\/wp-json\/wp\/v2\/media?parent=1607"}],"curies":[{"name":"wp","href":"https:\/\/api.w.org\/{rel}","templated":true}]}}