


{"id":1584,"date":"2024-07-23T15:21:39","date_gmt":"2024-07-23T13:21:39","guid":{"rendered":"https:\/\/pepr-cloud.fr\/fr\/?page_id=1584"},"modified":"2024-10-14T11:26:58","modified_gmt":"2024-10-14T09:26:58","slug":"politique-utilisation-cookies-brouillon","status":"publish","type":"page","link":"https:\/\/pepr-cloud.fr\/fr\/gestion-des-cookies\/","title":{"rendered":"Politique utilisation cookies"},"content":{"rendered":"<div class=\"wp-block-cover animate__animated animate__fadeInDown\"><span aria-hidden=\"true\" class=\"has-background-dim-0 wp-block-cover__gradient-background has-background-dim\"><\/span><img loading=\"lazy\" decoding=\"async\" width=\"1369\" height=\"455\" class=\"wp-block-cover__image-background wp-image-1586\" alt=\"\" src=\"https:\/\/pepr-cloud.fr\/files\/2024\/07\/Banniere-cookies-1.png\" data-object-fit=\"cover\" srcset=\"https:\/\/pepr-cloud.fr\/files\/2024\/07\/Banniere-cookies-1.png 1369w, https:\/\/pepr-cloud.fr\/files\/2024\/07\/Banniere-cookies-1-300x100.png 300w, https:\/\/pepr-cloud.fr\/files\/2024\/07\/Banniere-cookies-1-1024x340.png 1024w, https:\/\/pepr-cloud.fr\/files\/2024\/07\/Banniere-cookies-1-768x255.png 768w, https:\/\/pepr-cloud.fr\/files\/2024\/07\/Banniere-cookies-1-150x50.png 150w\" sizes=\"auto, (max-width: 1369px) 100vw, 1369px\" \/><div class=\"wp-block-cover__inner-container is-layout-flow wp-block-cover-is-layout-flow\">\n<p class=\"has-text-align-center has-large-font-size\"><\/p>\n<\/div><\/div>\n\n\n\n<div style=\"height:50px\" aria-hidden=\"true\" class=\"wp-block-spacer\"><\/div>\n\n\n\n<p><strong>Lors de la consultation de ce site web, des informations sont susceptibles d\u2019\u00eatre enregistr\u00e9es dans des fichiers \u00ab Cookies \u00bb d\u00e9pos\u00e9s dans le navigateur de votre terminal (ordinateur, tablette ou t\u00e9l\u00e9phone mobile). Cette page permet de comprendre ce qu\u2019est un cookie, \u00e0 quoi il sert et comment vous pouvez accepter ou refuser ceux non indispensables au fonctionnement et \u00e0 la gestion du site.<\/strong><\/p>\n\n\n\n<h2 class=\"has-large-font-size wp-block-heading\">&#8212; Qu\u2019est-ce qu\u2019un cookie ?<\/h2>\n\n\n\n<div style=\"height:20px\" aria-hidden=\"true\" class=\"wp-block-spacer\"><\/div>\n\n\n\n<p>Un <strong>cookie<\/strong> est un petit fichier texte contenant de faibles quantit\u00e9s d\u2019informations (notamment un identifiant sous forme de num\u00e9ro,(une session par exemple, un choix de langue, un code visant \u00e0 prot\u00e9ger votre navigation, le nom du serveur qui l\u2019a d\u00e9pos\u00e9 et \u00e9ventuellement une date d\u2019expiration) et susceptible d\u2019\u00eatre enregistr\u00e9 temporairement, sous r\u00e9serve de vos choix pour les cookies non n\u00e9cessaires au fonctionnement du site, sur le disque dur de votre terminal \u00e0 l\u2019occasion de la consultation d\u2019un site web gr\u00e2ce \u00e0 votre logiciel de navigation. Les cookies sont g\u00e9r\u00e9s par votre navigateur internet et l\u2019utilisateur peut les lire en faisant un click droit sur la page web et \u201cInspecter le code\u201d.<\/p>\n\n\n\n<p>Seul l\u2019\u00e9metteur d\u2019un cookie est susceptible de modifier les informations qui y sont contenues.Un cookie peut \u00eatre soit un <strong>cookie de session<\/strong>, soit un <strong>cookie permanent<\/strong> (ou persistant).<\/p>\n\n\n\n<p>Un cookie de session ne persiste que durant la session de navigation, il est supprim\u00e9 lors de la fermeture du navigateur. Un cookie permanent est install\u00e9 pour une dur\u00e9e d\u00e9termin\u00e9e. Ce type de cookie reste dans le terminal jusqu\u2019\u00e0 leur expiration ou jusqu\u2019\u00e0 ce qu\u2019ils soient supprim\u00e9s de l\u2019ordinateur via les param\u00e8tres ou extensions du navigateur.<\/p>\n\n\n\n<p>Le cookie ne vous identifie pas personnellement, mais uniquement le navigateur de votre terminal. Certains cookies n\u00e9cessitent votre consentement pr\u00e9alable avant d\u2019\u00eatre install\u00e9s sur votre terminal.<\/p>\n\n\n\n<h2 class=\"has-large-font-size wp-block-heading\">&#8212; \u00c0 quoi servent les cookies ?<\/h2>\n\n\n\n<h3 class=\"wp-block-heading\" style=\"font-size:30px\"><em>Les diff\u00e9rents types de cookies<\/em><\/h3>\n\n\n\n<div style=\"height:20px\" aria-hidden=\"true\" class=\"wp-block-spacer\"><\/div>\n\n\n\n<p><strong>Les cookies obligatoires<\/strong> Il s\u2019agit des cookies exclusivement d\u00e9pos\u00e9s par l\u2019\u00e9diteur du site. Ils sont indispensables \u00e0 la navigation sur le site. Ces cookies ne peuvent pas \u00eatre d\u00e9sactiv\u00e9s ou param\u00e9tr\u00e9s sous peine de ne plus pouvoir acc\u00e9der au site, aux services du site et\/ou d\u2019en alt\u00e9rer l\u2019affichage. Ils vous permettent d\u2019utiliser les principales fonctionnalit\u00e9s du site et de s\u00e9curiser votre connexion. Ainsi le d\u00e9p\u00f4t de ces cookies ne requiert pas votre consentement pr\u00e9alable. Leur dur\u00e9e de vie ne d\u00e9passe g\u00e9n\u00e9ralement pas la dur\u00e9e de la session.<\/p>\n\n\n\n<p><strong>Les cookies fonctionnels<\/strong> Ces cookies sont n\u00e9cessaires au fonctionnement du site. Le d\u00e9p\u00f4t de ces cookies ne requiert pas votre consentement pr\u00e9alable. Ces cookies permettent :<\/p>\n\n\n\n<ul class=\"wp-block-list\"><li>D\u2019\u00e9tablir des statistiques anonymes de fr\u00e9quentation et d\u2019utilisation des divers \u00e9l\u00e9ments composant du site pour permettre \u00e0 son \u00e9diteur d\u2019administrer et d\u2019am\u00e9liorer le dit site.<\/li><li>D\u2019adapter la pr\u00e9sentation du site aux pr\u00e9f\u00e9rences d\u2019affichage de votre terminal (langue utilis\u00e9e, r\u00e9solution d\u2019affichage, syst\u00e8me d\u2019exploitation utilis\u00e9, etc.) lors de vos visites sur le site, selon les mat\u00e9riels et les logiciels de visualisation ou de lecture que votre terminal comporte.<\/li><\/ul>\n\n\n\n<p>Ce site utilise l\u2019outil d\u2019analyse Web <a href=\"https:\/\/fr.matomo.org\/\" target=\"_blank\" rel=\"noreferrer noopener\"><strong>Matomo<\/strong><\/a> (ex Piwik) conforme aux sp\u00e9cifications du <strong>RGPD<\/strong>. L\u2019outil Matomo peut d\u00e9poser plusieurs cookies d\u2019une dur\u00e9e de vie allant du temps de session ou de quelques dizaines de minutes \u00e0 11 mois.<\/p>\n\n\n\n<p>Les cookies fonctionnels d\u00e9pos\u00e9s :<\/p>\n\n\n\n<figure class=\"wp-block-table is-style-stripes\"><table><tbody><tr><td><strong>Nom<\/strong><\/td><td><strong>Service fourni<\/strong><\/td><td><strong>Finalit\u00e9<\/strong><\/td><td><strong>Dur\u00e9e de conservation<\/strong><\/td><\/tr><tr><td>FGT Server<\/td><td><\/td><td>S\u00e9curit\u00e9 et distribution de contenu<\/td><td>1 heure<\/td><\/tr><tr><td>_pk_ses<\/td><td>Statistiques de fr\u00e9quentation ; MATOMO (Piwik)<\/td><td>Session<\/td><td>30 minutes<\/td><\/tr><tr><td>_pk_id<\/td><td>Statistiques de fr\u00e9quentation ; MATOMO (Piwik)<\/td><td>Statistiques des pages vues par l\u2019internaute<\/td><td>11 mois<\/td><\/tr><tr><td>_pk_testcookie<\/td><td>Statistiques de fr\u00e9quentation ; MATOMO (Piwik)<\/td><td>V\u00e9rifie si le navigateur accepte les cookies<\/td><td>Session<\/td><\/tr><tr><td>MATOMO_SESSID<\/td><td>Statistiques de fr\u00e9quentation ; MATOMO (Piwik)<\/td><td>S\u00e9curit\u00e9<\/td><td>Session<\/td><\/tr><\/tbody><\/table><\/figure>\n\n\n\n<p><strong>Les cookies de \u201cTiers\u201d ou \u201cTierce partie\u201d<\/strong> Certains sites sont susceptibles d\u2019inclure des applications informatiques \u00e9manant de tiers qui peuvent d\u00e9poser des cookies \u00ab sociaux \u00bb et publicitaires, de ciblage et de tra\u00e7abilit\u00e9. En particulier les services :<\/p>\n\n\n\n<ul class=\"wp-block-list\"><li>De consentement ou de refus de d\u00e9p\u00f4t de cookies de l\u2019outil Complianz, retenue pour la gestion des cookies<\/li><li>De visualisation de contenu par des h\u00e9bergeurs comme YouTube, Dailymotion etc pour les vid\u00e9os.<\/li><li>De partage d\u2019information sur les r\u00e9seaux sociaux qui vous permettent de partager des contenus du site avec d\u2019autres personnes ou de faire conna\u00eetre \u00e0 ces autres personnes votre consultation ou votre opinion concernant un contenu de notre site.<\/li><\/ul>\n\n\n\n<p>Les cookies d\u00e9pos\u00e9s par ces tierces parties peuvent m\u00e9moriser les pages et les sites internet que vous avez visit\u00e9s et peuvent collecter des donn\u00e9es personnelles telles que l\u2019adresse IP et les partager avec des tiers. Ces cookies permettent notamment aux r\u00e9gies publicitaires de vous pr\u00e9senter des publicit\u00e9s cibl\u00e9es et personnalis\u00e9es. Leur dur\u00e9e de vie est variable allant du temps de session ou de quelques dizaines de minutes \u00e0 plusieurs ann\u00e9es. Ce site n\u2019a aucun contr\u00f4le sur le processus employ\u00e9 par les h\u00e9bergeurs de contenu et les r\u00e9seaux sociaux pour collecter des informations relatives \u00e0 votre navigation, et associ\u00e9es aux donn\u00e9es personnelles dont ils disposent. Il vous est possible de g\u00e9rer le d\u00e9p\u00f4t de ces cookies. Pour visualiser certains contenus, vous devrez pr\u00e9alablement accepter les cookies de ces tiers.<\/p>\n\n\n\n<h3 class=\"wp-block-heading\" style=\"font-size:30px\"><em>Comment g\u00e9rer les cookies d\u00e9pos\u00e9s ?<\/em><\/h3>\n\n\n\n<div style=\"height:20px\" aria-hidden=\"true\" class=\"wp-block-spacer\"><\/div>\n\n\n\n<p>Les cookies n\u2019ayant pas pour finalit\u00e9 exclusive de permettre ou faciliter une communication par voie \u00e9lectronique ou n\u2019\u00e9tant pas strictement n\u00e9cessaires \u00e0 la fourniture d\u2019un service de communication en ligne \u00e0 la demande expresse de l\u2019utilisateur n\u00e9cessitent le consentement pr\u00e9alable de l\u2019internaute.<\/p>\n\n\n\n<p>Les traceurs dont la finalit\u00e9 se limite \u00e0 la mesure de l\u2019audience anonyme du site ou de l\u2019application, pour r\u00e9pondre \u00e0 diff\u00e9rents besoins n\u00e9cessaires au fonctionnement et aux op\u00e9rations d\u2019administration courante d\u2019un site web ne sont pas soumis au consentement.<\/p>\n\n\n\n<p>Pour <strong>g\u00e9rer les cookies d\u00e9pos\u00e9s, <\/strong>vous avez donc plusieurs possibilit\u00e9s qui se compl\u00e8tent :<\/p>\n\n\n\n<ul class=\"wp-block-list\"><li><strong>Accepter ou refuser les cookies<\/strong> non n\u00e9cessaires ou non fonctionnels avec l\u2019outil de consentement certifi\u00e9 Complianz qui est propos\u00e9. Un bouton widget \u201cGestion de cookies\u201d vous permet d\u2019accepter ou refuser les cookies n\u00e9cessitant un consentement en particulier ceux de soci\u00e9t\u00e9s tierces. Une information sur les finalit\u00e9s de ces cookies est propos\u00e9e par le widget et un lien vers leur politique de protection de la vie priv\u00e9e via un \u201c<em>?<\/em>\u201c<\/li><li><strong>Exercer vos choix aupr\u00e8s des soci\u00e9t\u00e9 tierces<\/strong> en consultant leur politique de protection de la vie priv\u00e9e. Vous y retrouverez les finalit\u00e9s d\u2019utilisation, notamment publicitaires, les informations de navigation qu\u2019ils peuvent recueillir gr\u00e2ce aux boutons applicatifs disponibles sur le site consult\u00e9 et vous pourrez en cons\u00e9quence param\u00e9trer vos comptes d\u2019utilisation pour accepter ou refuser les traceurs d\u00e9pos\u00e9s par ces soci\u00e9t\u00e9s.<\/li><li><strong>Contr\u00f4ler les cookies \u00e0 l\u2019aide des param\u00e8tres de votre navigateur<\/strong>. La plupart de ces traceurs peuvent-\u00eatre d\u00e9sactiv\u00e9s en param\u00e9trant votre navigateur pour qu\u2019il n\u2019accepte que les traceurs en provenance des sites visit\u00e9s (refuser les \u201csites tiers\u201d, cocher la case <strong><em>Ne pas me pister<\/em><\/strong> sur la plupart des navigateurs) dans les pr\u00e9f\u00e9rences de votre logiciel de navigation. En mode \u201cNavigation priv\u00e9e\u201d les cookies ne dispara\u00eetront qu\u2019\u00e0 la fermeture des fen\u00eatres de navigation sur le site.<\/li><\/ul>\n\n\n\n<h2 class=\"has-large-font-size wp-block-heading\">&#8212; Comment param\u00e9trer les navigateurs ?<\/h2>\n\n\n\n<h3 class=\"wp-block-heading\" style=\"font-size:30px\"><em>Param\u00e9trage du navigateur<\/em><\/h3>\n\n\n\n<div style=\"height:20px\" aria-hidden=\"true\" class=\"wp-block-spacer\"><\/div>\n\n\n\n<p>Afin de g\u00e9rer les cookies au plus pr\u00e8s de vos souhaits, nous vous invitons \u00e0 param\u00e9trer votre navigateur en tenant compte de la finalit\u00e9 des cookies :<\/p>\n\n\n\n<ul class=\"wp-block-list\"><li>Le navigateur internet peut \u00eatre param\u00e9tr\u00e9 pour vous avertir avant qu\u2019un cookie soit install\u00e9.<\/li><li>Le navigateur peut \u00e9galement \u00eatre param\u00e9tr\u00e9 pour refuser tout type de cookies ou seulement les Cookies tiers.<\/li><li>N\u2019importe quel cookie d\u00e9j\u00e0 install\u00e9 sur l\u2019ordinateur peut \u00eatre supprim\u00e9.<\/li><li>Chaque navigateur doit \u00eatre param\u00e9tr\u00e9 distinctement pour refuser les cookies.<\/li><\/ul>\n\n\n\n<h3 class=\"wp-block-heading\" style=\"font-size:30px\"><em>D\u00e9sactiver\/Supprimer les Cookies sur votre navigateur<\/em><\/h3>\n\n\n\n<div style=\"height:20px\" aria-hidden=\"true\" class=\"wp-block-spacer\"><\/div>\n\n\n\n<p>Pour <strong>Internet Explorer\u2122<\/strong> :<br><a href=\"http:\/\/windows.microsoft.com\/fr-FR\/windows-vista\/Block-or-allow-cookies\" target=\"_blank\" rel=\"noreferrer noopener\">http:\/\/windows.microsoft.com\/fr-FR\/windows-vista\/Block-or-allow-cookies<\/a><\/p>\n\n\n\n<p>Pour <strong>Safari\u2122<\/strong> :<br><a href=\"https:\/\/support.apple.com\/en-ie\/guide\/safari\/sfri11471\/mac\" target=\"_blank\" rel=\"noreferrer noopener\">https:\/\/support.apple.com\/en-ie\/guide\/safari\/sfri11471\/mac<\/a><\/p>\n\n\n\n<p>Pour <strong>Safari\u2122mobile<\/strong>&nbsp;:<br><a href=\"https:\/\/support.apple.com\/en-us\/HT201265\">https:\/\/support.apple.com\/en-us\/HT201265<\/a><\/p>\n\n\n\n<p>Pour <strong>Chrome\u2122<\/strong> :<br><a href=\"https:\/\/support.google.com\/chrome\/bin\/answer.py?hl=fr&amp;hlrm=en&amp;answer=95647\" target=\"_blank\" rel=\"noreferrer noopener\">http:\/\/support.google.com\/chrome\/bin\/answer.py?hl=fr&amp;hlrm=en&amp;answer=95647<\/a><\/p>\n\n\n\n<p>Pour <strong>Firefox\u2122<\/strong> :<br><a href=\"https:\/\/support.mozilla.org\/fr\/kb\/activer-desactiver-cookies\" target=\"_blank\" rel=\"noreferrer noopener\">http:\/\/support.mozilla.org\/fr\/kb\/activer-desactiver-cookies<\/a><\/p>\n\n\n\n<p>Pour <strong>Opera\u2122<\/strong> :<br><a href=\"http:\/\/help.opera.com\/Windows\/10.20\/fr\/cookies.html\" target=\"_blank\" rel=\"noreferrer noopener\">http:\/\/help.opera.com\/Windows\/10.20\/fr\/cookies.html<\/a><\/p>\n\n\n\n<p>Pour <strong>Microsoft&nbsp;Edge\u2122<\/strong> :<br><a href=\"https:\/\/privacy.microsoft.com\/fr-fr\/windows-10-microsoft-edge-and-privacy\" target=\"_blank\" rel=\"noreferrer noopener\">https:\/\/privacy.microsoft.com\/fr-fr\/windows-10-microsoft-edge-and-privacy<\/a><\/p>\n\n\n\n<p>Utiliser des <strong>bloqueurs<\/strong> des cookies et autres traceurs via des extensions de votre navigateur comme par exemple&nbsp;:<\/p>\n\n\n\n<ul class=\"wp-block-list\"><li>Privacy Badger de l\u2019Electronic Frontier Foundation pour Edge, Chrome, Fierfox, Opera, Firefox sur Android <a href=\"https:\/\/privacybadger.org\/\" target=\"_blank\" rel=\"noreferrer noopener\">https:\/\/privacybadger.org\/<\/a><\/li><li>EditThisCookie pour les navigateurs Chrome et Opera <a href=\"http:\/\/www.editthiscookie.com\/\" target=\"_blank\" rel=\"noreferrer noopener\">http:\/\/www.editthiscookie.com\/<\/a><\/li><\/ul>\n\n\n\n<p><em>Attention&nbsp;: le blocage de cookies obligatoires ou fonctionnels peut perturber votre navigation et restreindre les services propos\u00e9s.<\/em><\/p>\n\n\n\n<p>G\u00e9rer les<strong> cookies publicitaires<\/strong> de certains annonceurs sur deux plateformes professionnelles et chez Google :<\/p>\n\n\n\n<ul class=\"wp-block-list\"><li><a href=\"https:\/\/www.networkadvertising.org\/choices\/\" target=\"_blank\" rel=\"noreferrer noopener\">http:\/\/www.networkadvertising.org\/choices\/<\/a>(NAI)<\/li><li><a href=\"http:\/\/www.youronlinechoices.com\/fr\/controler-ses-cookies\/\" target=\"_blank\" rel=\"noreferrer noopener\">http:\/\/www.youronlinechoices.com\/fr\/controler-ses-cookies\/<\/a>(EDAA)<\/li><li><a href=\"https:\/\/policies.google.com\/technologies\/ads\">https:\/\/policies.google.com\/technologies\/ads<\/a><\/li><\/ul>\n\n\n\n<h3 class=\"wp-block-heading\" style=\"font-size:30px\"><em>D\u00e9sactiver les Cookies de r\u00e9seaux sociaux<\/em><\/h3>\n\n\n\n<div style=\"height:20px\" aria-hidden=\"true\" class=\"wp-block-spacer\"><\/div>\n\n\n\n<ul class=\"wp-block-list\"><li><strong>Facebook<\/strong> : <a href=\"https:\/\/www.facebook.com\/policies\/cookies\/\" target=\"_blank\" rel=\"noreferrer noopener\">https:\/\/www.facebook.com\/policies\/cookies\/<\/a><\/li><li>T<strong>witter<\/strong> :<ul><li><a href=\"https:\/\/support.twitter.com\/articles\/20170518-utilisation-des-cookies-et-des-technologies-similaires-par-twitter\" target=\"_blank\" rel=\"noreferrer noopener\">https:\/\/support.twitter.com\/articles\/20170518-utilisation-des-cookies-et-des-technologies-similaires-par-twitter<\/a><\/li><li><a href=\"https:\/\/support.twitter.com\/articles\/20170518-utilisation-des-cookies-et-des-technologies-similaires-par-twitter\" target=\"_blank\" rel=\"noreferrer noopener\">https:\/\/support.twitter.com\/articles\/20171379-twitter-prend-en-charge-la-desactivation-du-suivi-dnt#<\/a><\/li><\/ul><\/li><li>L<strong>inkedIn<\/strong> : <a href=\"http:\/\/www.linkedin.com\/legal\/cookie-policy\" target=\"_blank\" rel=\"noreferrer noopener\">http:\/\/www.linkedin.com\/legal\/cookie-policy<\/a><\/li><\/ul>\n\n\n\n<h3 class=\"wp-block-heading\" style=\"font-size:30px\"><em>Param\u00e9trage de votre smartphone<\/em><\/h3>\n\n\n\n<div style=\"height:20px\" aria-hidden=\"true\" class=\"wp-block-spacer\"><\/div>\n\n\n\n<p>Pour<strong> iOS\u2122<\/strong> :&nbsp;<a href=\"https:\/\/support.apple.com\/fr-fr\/HT201265\" target=\"_blank\" rel=\"noreferrer noopener\">https:\/\/support.apple.com\/fr-fr\/HT201265<\/a><\/p>\n\n\n\n<p>Pour <strong>Android\u2122<\/strong> :&nbsp;<a href=\"https:\/\/support.google.com\/accounts\/answer\/32050?hl=fr&amp;co=GENIE.Platform=Android\" target=\"_blank\" rel=\"noreferrer noopener\">https:\/\/support.google.com\/accounts\/answer\/32050?hl=fr&amp;co=GENIE.Platform%3DAndroid<\/a><\/p>\n\n\n\n<p><strong>Autres navigateurs :&nbsp;<\/strong>Pour plus d\u2019information sur comment g\u00e9rer les cookies par l\u2019interm\u00e9diaire d\u2019autres navigateurs, veuillez consulter votre documentation ou des fichiers d\u2019aide en ligne.<\/p>\n\n\n\n<p>Vous pouvez \u00e9galement consulter le site de la <a href=\"https:\/\/www.cnil.fr\"><strong>C<\/strong><\/a><strong><a href=\"https:\/\/www.cnil.fr\" target=\"_blank\" rel=\"noreferrer noopener\">N<\/a><\/strong><a href=\"https:\/\/www.cnil.fr\"><strong>IL <\/strong><\/a>afin d\u2019apprendre \u00e0 param\u00e9trer votre navigateur pour contr\u00f4ler les d\u00e9p\u00f4ts de cookies sur votre terminal.<br><a href=\"https:\/\/www.cnil.fr\/fr\/les-conseils-de-la-cnil-pour-maitriser-votre-navigateur\" target=\"_blank\" rel=\"noreferrer noopener\">https:\/\/www.cnil.fr\/fr\/les-conseils-de-la-cnil-pour-maitriser-votre-navigateur<\/a><\/p>\n\n\n\n<p>Vous avez des interrogations concernant les cookies sur ce site ?<\/p>\n\n\n\n<p>Pour toute question sur la politique de gestion des cookies contactez la D\u00e9l\u00e9gu\u00e9e \u00e0 la protection des donn\u00e9es d\u2019Inria :<\/p>\n\n\n\n<ul class=\"wp-block-list\"><li>par voie \u00e9lectronique : <a href=\"mailto:dpo@inria.fr\">dpo@inria.fr<\/a><\/li><li>par courrier postal : La d\u00e9l\u00e9gu\u00e9e \u00e0 la protection des donn\u00e9es \u2013 Inria, 2004 route des Lucioles, BP 93, 06902 Sophia-Antipolis Cedex<\/li><\/ul>","protected":false},"excerpt":{"rendered":"<p>Lors de la consultation de ce site web, des informations sont susceptibles d\u2019\u00eatre enregistr\u00e9es dans des fichiers \u00ab Cookies \u00bb d\u00e9pos\u00e9s dans le navigateur de votre terminal (ordinateur, tablette ou t\u00e9l\u00e9phone mobile). Cette page permet de comprendre ce qu\u2019est un cookie, \u00e0 quoi il sert et comment vous pouvez accepter\u2026<\/p>\n<p> <a class=\"continue-reading-link\" href=\"https:\/\/pepr-cloud.fr\/fr\/gestion-des-cookies\/\"><span>Continuer la lecture<\/span><i class=\"crycon-right-dir\"><\/i><\/a> <\/p>\n","protected":false},"author":2468,"featured_media":0,"parent":0,"menu_order":0,"comment_status":"closed","ping_status":"closed","template":"","meta":{"_mc_calendar":[],"footnotes":""},"class_list":["post-1584","page","type-page","status-publish","hentry"],"_links":{"self":[{"href":"https:\/\/pepr-cloud.fr\/fr\/wp-json\/wp\/v2\/pages\/1584","targetHints":{"allow":["GET"]}}],"collection":[{"href":"https:\/\/pepr-cloud.fr\/fr\/wp-json\/wp\/v2\/pages"}],"about":[{"href":"https:\/\/pepr-cloud.fr\/fr\/wp-json\/wp\/v2\/types\/page"}],"author":[{"embeddable":true,"href":"https:\/\/pepr-cloud.fr\/fr\/wp-json\/wp\/v2\/users\/2468"}],"replies":[{"embeddable":true,"href":"https:\/\/pepr-cloud.fr\/fr\/wp-json\/wp\/v2\/comments?post=1584"}],"version-history":[{"count":16,"href":"https:\/\/pepr-cloud.fr\/fr\/wp-json\/wp\/v2\/pages\/1584\/revisions"}],"predecessor-version":[{"id":2848,"href":"https:\/\/pepr-cloud.fr\/fr\/wp-json\/wp\/v2\/pages\/1584\/revisions\/2848"}],"wp:attachment":[{"href":"https:\/\/pepr-cloud.fr\/fr\/wp-json\/wp\/v2\/media?parent=1584"}],"curies":[{"name":"wp","href":"https:\/\/api.w.org\/{rel}","templated":true}]}}