


{"id":1575,"date":"2024-07-23T15:28:09","date_gmt":"2024-07-23T13:28:09","guid":{"rendered":"https:\/\/pepr-cloud.fr\/fr\/?page_id=1575"},"modified":"2024-10-14T11:10:27","modified_gmt":"2024-10-14T09:10:27","slug":"accesibilite-brouillon","status":"publish","type":"page","link":"https:\/\/pepr-cloud.fr\/fr\/accessibilite\/","title":{"rendered":"Accessibilit\u00e9"},"content":{"rendered":"<div class=\"wp-block-cover animate__animated animate__fadeInDown\"><span aria-hidden=\"true\" class=\"has-background-dim-0 wp-block-cover__gradient-background has-background-dim\"><\/span><img loading=\"lazy\" decoding=\"async\" width=\"1374\" height=\"457\" class=\"wp-block-cover__image-background wp-image-1759\" alt=\"\" src=\"https:\/\/pepr-cloud.fr\/files\/2024\/09\/Accessibilite.png\" data-object-fit=\"cover\" srcset=\"https:\/\/pepr-cloud.fr\/files\/2024\/09\/Accessibilite.png 1374w, https:\/\/pepr-cloud.fr\/files\/2024\/09\/Accessibilite-300x100.png 300w, https:\/\/pepr-cloud.fr\/files\/2024\/09\/Accessibilite-1024x341.png 1024w, https:\/\/pepr-cloud.fr\/files\/2024\/09\/Accessibilite-768x255.png 768w, https:\/\/pepr-cloud.fr\/files\/2024\/09\/Accessibilite-150x50.png 150w\" sizes=\"auto, (max-width: 1374px) 100vw, 1374px\" \/><div class=\"wp-block-cover__inner-container is-layout-flow wp-block-cover-is-layout-flow\">\n<p class=\"has-text-align-center has-large-font-size\"><\/p>\n<\/div><\/div>\n\n\n\n<div style=\"height:50px\" aria-hidden=\"true\" class=\"wp-block-spacer\"><\/div>\n\n\n\n<h2 class=\"has-large-font-size wp-block-heading\"><strong>\u00c9tat de conformit\u00e9<\/strong><\/h2>\n\n\n\n<p>Le site&nbsp;du PEPR Cloud&nbsp;est&nbsp;non conforme&nbsp;avec le&nbsp;<a rel=\"noreferrer noopener\" href=\"https:\/\/accessibilite.numerique.gouv.fr\/\" target=\"_blank\">r\u00e9f\u00e9rentiel g\u00e9n\u00e9ral d\u2019am\u00e9lioration de l\u2019accessibilit\u00e9 (RGAA)<\/a>&nbsp;et la&nbsp;<a rel=\"noreferrer noopener\" href=\"https:\/\/checklists.opquast.com\/fr\/assurance-qualite-web\/\" target=\"_blank\">checklist Opquast<\/a>.<br>Le PEPR Cloud s\u2019engage \u00e0 rendre son site accessible conform\u00e9ment \u00e0 l\u2019article 47 de la loi n\u00b0 2005-102 du 11 f\u00e9vrier 2005.<br>\u00c0 cette fin, un sch\u00e9ma d\u2019accessibilit\u00e9 num\u00e9rique et son plan d\u2019action devront \u00eatre \u00e9labor\u00e9s.<\/p>\n\n\n\n<h2 class=\"has-large-font-size wp-block-heading\"><strong>Retour d\u2019information et contact<\/strong><\/h2>\n\n\n\n<p>Si vous n\u2019arrivez pas \u00e0 acc\u00e9der \u00e0 un contenu ou \u00e0 un service, vous pouvez contacter le responsable du site internet pour \u00eatre orient\u00e9 vers une alternative accessible ou obtenir le contenu sous une autre forme.<\/p>\n\n\n\n<ul class=\"wp-block-list\"><li>Contactez par voie postale : PEPR Cloud, Inria, 2004 route des Lucioles, BP 93, 06902 Sophia-Antipolis Cedex<\/li><li>Envoyer un message via le <a href=\"https:\/\/pepr-cloud.fr\/fr\/contact\/\" data-type=\"URL\" data-id=\"https:\/\/pepr-cloud.fr\/fr\/contact\/\" target=\"_blank\" rel=\"noreferrer noopener\">formulaire de contact<\/a>.<\/li><\/ul>\n\n\n\n<h3 class=\"has-large-font-size wp-block-heading\"><strong>Voies de recours<\/strong><\/h3>\n\n\n\n<p>Si vous avez signal\u00e9 au responsable du site internet un d\u00e9faut d\u2019accessibilit\u00e9 qui vous emp\u00eache d\u2019acc\u00e9der \u00e0 un contenu ou \u00e0 un des services du portail et que vous n\u2019avez pas obtenu de r\u00e9ponse satisfaisante :<\/p>\n\n\n\n<ul class=\"wp-block-list\"><li>\u00c9crire un message au <a href=\"https:\/\/formulaire.defenseurdesdroits.fr\/formulaire_saisine\/\" data-type=\"URL\" data-id=\"https:\/\/formulaire.defenseurdesdroits.fr\/formulaire_saisine\/\">D\u00e9fenseur des droits<\/a><\/li><li>Contacter le d\u00e9l\u00e9gu\u00e9 du <a href=\"https:\/\/www.defenseurdesdroits.fr\/saisir\/delegues\">D\u00e9fenseur des droits dans votre r\u00e9gion<\/a><\/li><li>Envoyer un courrier par la poste (gratuit, ne pas mettre de timbre)<br>D\u00e9fenseur des droits<br>Libre r\u00e9ponse 71120<br>75342 Paris CEDEX 07<\/li><\/ul>","protected":false},"excerpt":{"rendered":"<p>\u00c9tat de conformit\u00e9 Le site&nbsp;du PEPR Cloud&nbsp;est&nbsp;non conforme&nbsp;avec le&nbsp;r\u00e9f\u00e9rentiel g\u00e9n\u00e9ral d\u2019am\u00e9lioration de l\u2019accessibilit\u00e9 (RGAA)&nbsp;et la&nbsp;checklist Opquast.Le PEPR Cloud s\u2019engage \u00e0 rendre son site accessible conform\u00e9ment \u00e0 l\u2019article 47 de la loi n\u00b0 2005-102 du 11 f\u00e9vrier 2005.\u00c0 cette fin, un sch\u00e9ma d\u2019accessibilit\u00e9 num\u00e9rique et son plan d\u2019action devront \u00eatre \u00e9labor\u00e9s.\u2026<\/p>\n<p> <a class=\"continue-reading-link\" href=\"https:\/\/pepr-cloud.fr\/fr\/accessibilite\/\"><span>Continuer la lecture<\/span><i class=\"crycon-right-dir\"><\/i><\/a> <\/p>\n","protected":false},"author":2468,"featured_media":0,"parent":0,"menu_order":0,"comment_status":"closed","ping_status":"closed","template":"","meta":{"_mc_calendar":[],"footnotes":""},"class_list":["post-1575","page","type-page","status-publish","hentry"],"_links":{"self":[{"href":"https:\/\/pepr-cloud.fr\/fr\/wp-json\/wp\/v2\/pages\/1575","targetHints":{"allow":["GET"]}}],"collection":[{"href":"https:\/\/pepr-cloud.fr\/fr\/wp-json\/wp\/v2\/pages"}],"about":[{"href":"https:\/\/pepr-cloud.fr\/fr\/wp-json\/wp\/v2\/types\/page"}],"author":[{"embeddable":true,"href":"https:\/\/pepr-cloud.fr\/fr\/wp-json\/wp\/v2\/users\/2468"}],"replies":[{"embeddable":true,"href":"https:\/\/pepr-cloud.fr\/fr\/wp-json\/wp\/v2\/comments?post=1575"}],"version-history":[{"count":12,"href":"https:\/\/pepr-cloud.fr\/fr\/wp-json\/wp\/v2\/pages\/1575\/revisions"}],"predecessor-version":[{"id":2841,"href":"https:\/\/pepr-cloud.fr\/fr\/wp-json\/wp\/v2\/pages\/1575\/revisions\/2841"}],"wp:attachment":[{"href":"https:\/\/pepr-cloud.fr\/fr\/wp-json\/wp\/v2\/media?parent=1575"}],"curies":[{"name":"wp","href":"https:\/\/api.w.org\/{rel}","templated":true}]}}