


{"id":1232,"date":"2024-07-23T14:59:58","date_gmt":"2024-07-23T12:59:58","guid":{"rendered":"https:\/\/pepr-cloud.fr\/fr\/?page_id=1232"},"modified":"2026-02-11T10:16:01","modified_gmt":"2026-02-11T09:16:01","slug":"recrutement-brouillon","status":"publish","type":"page","link":"https:\/\/pepr-cloud.fr\/fr\/recrutement\/","title":{"rendered":"Recrutement"},"content":{"rendered":"<div class=\"wp-block-cover is-light banner-medium animate__animated animate__fadeInDown\"><img loading=\"lazy\" decoding=\"async\" width=\"3630\" height=\"1206\" class=\"wp-block-cover__image-background wp-image-2502\" alt=\"\" src=\"https:\/\/pepr-cloud.fr\/files\/2024\/10\/pixelcut-export-13.png\" data-object-fit=\"cover\" srcset=\"https:\/\/pepr-cloud.fr\/files\/2024\/10\/pixelcut-export-13.png 3630w, https:\/\/pepr-cloud.fr\/files\/2024\/10\/pixelcut-export-13-300x100.png 300w, https:\/\/pepr-cloud.fr\/files\/2024\/10\/pixelcut-export-13-1024x340.png 1024w, https:\/\/pepr-cloud.fr\/files\/2024\/10\/pixelcut-export-13-768x255.png 768w, https:\/\/pepr-cloud.fr\/files\/2024\/10\/pixelcut-export-13-1536x510.png 1536w, https:\/\/pepr-cloud.fr\/files\/2024\/10\/pixelcut-export-13-2048x680.png 2048w, https:\/\/pepr-cloud.fr\/files\/2024\/10\/pixelcut-export-13-150x50.png 150w\" sizes=\"auto, (max-width: 3630px) 100vw, 3630px\" \/><span aria-hidden=\"true\" class=\"wp-block-cover__background has-background-dim-0 has-background-dim\"><\/span><div class=\"wp-block-cover__inner-container is-layout-flow wp-block-cover-is-layout-flow\">\n<p class=\"has-text-align-center has-large-font-size\"><\/p>\n<\/div><\/div>\n\n\n\n<div style=\"height:40px\" aria-hidden=\"true\" class=\"wp-block-spacer\"><\/div>\n\n\n\n<p class=\"has-text-color has-large-font-size\" style=\"color:#626676\"><strong>&#8212; Management <\/strong><\/p>\n\n\n\n<div class=\"wp-block-group hvr-float animate__animated animation-on-viewport viewport:fadeInDown is-layout-flex wp-block-group-is-layout-flex\">\n<p><a href=\"https:\/\/jobs.inria.fr\/public\/classic\/fr\/offres\/2025-09502\" data-type=\"link\" data-id=\"https:\/\/jobs.inria.fr\/public\/classic\/fr\/offres\/2025-09502\">Technical manager \u2013 PEPR Cloud Evangelist<\/a><br><a href=\"https:\/\/recrutement.inria.fr\/public\/classic\/fr\/offres\/2025-09092\" data-type=\"URL\" data-id=\"https:\/\/recrutement.inria.fr\/public\/classic\/fr\/offres\/2025-09092\">SLICES-RI &#8211; Directeur\/Directrice technique par int\u00e9rim<\/a><\/p>\n<\/div>\n\n\n\n<p class=\"has-text-color has-large-font-size\" style=\"color:#626676\"><strong>&#8212; Post-doctorat<\/strong><\/p>\n\n\n\n<div class=\"wp-block-group hvr-float animate__animated animation-on-viewport viewport:fadeInDown is-layout-flex wp-block-group-is-layout-flex\">\n<p><a href=\"https:\/\/pepr-cloud.fr\/files\/2025\/06\/JuniorResearcher-position-Steel.pdf\" data-type=\"URL\" data-id=\"https:\/\/pepr-cloud.fr\/files\/2025\/06\/JuniorResearcher-position-Steel.pdf\">Post-Doctoral\/Junior researcher position \u2013 STACK Research Group<\/a><\/p>\n<\/div>\n\n\n\n<p class=\"has-text-color has-large-font-size\" style=\"color:#626676\"><strong>&#8212; PhD <\/strong><\/p>\n\n\n\n<div class=\"wp-block-group hvr-float animate__animated animation-on-viewport viewport:fadeInDown is-layout-flex wp-block-group-is-layout-flex\">\n<p><a href=\"https:\/\/jobs.inria.fr\/public\/classic\/fr\/offres\/2024-07598\" data-type=\"URL\" data-id=\"https:\/\/jobs.inria.fr\/public\/classic\/fr\/offres\/2024-07598\">PhD position \u00ab\u00a0Orchestration d&rsquo;applications d\u00e9centralis\u00e9e et bas\u00e9e sur un march\u00e9 dans les environnements Fog et IoT\u00a0\u00bb<\/a><br><a href=\"https:\/\/pepr-cloud.fr\/files\/2025\/02\/PEPR_PhD_ACinCloud.pdf\" data-type=\"URL\" data-id=\"https:\/\/pepr-cloud.fr\/files\/2025\/02\/PEPR_PhD_ACinCloud.pdf\" target=\"_blank\" rel=\"noreferrer noopener\">PhD position \u00ab\u00a0Authorization specification and management in multi-cloud infrastructures\u00a0\u00bb<\/a><br><a href=\"https:\/\/www.irit.fr\/SEPIA\/open-positions\/post\/2025_phd_cloud-edge-faas\/\" target=\"_blank\" rel=\"noreferrer noopener\">PhD position \u00ab\u00a0Reactive scheduling on Cloud-Edge infrastructure in the FaaS paradigm\u00a0\u00bb<\/a><br><a href=\"https:\/\/www.irit.fr\/SEPIA\/open-positions\/post\/2023_phd_cloud_batsim\/\" target=\"_blank\" rel=\"noreferrer noopener\">PhD position \u00ab\u00a0Sustainable Simulation of Edge Services\u00a0\u00bb<\/a><br><a href=\"https:\/\/recrutement.inria.fr\/public\/classic\/fr\/offres\/2025-09315\" data-type=\"link\" data-id=\"https:\/\/recrutement.inria.fr\/public\/classic\/fr\/offres\/2025-09315\">PhD position \u00ab\u00a0Optimizing serverless computing in the edge-cloud continuum\u00a0\u00bb<\/a><\/p>\n<\/div>\n\n\n\n<p class=\"has-text-color has-large-font-size\" style=\"color:#626676\"><strong>&#8212; Stage<\/strong><\/p>\n\n\n\n<div class=\"wp-block-group hvr-float animate__animated animation-on-viewport viewport:fadeInDown is-layout-flex wp-block-group-is-layout-flex\">\n<p><a href=\"https:\/\/jobs.inria.fr\/public\/classic\/fr\/offres\/2024-08203\" data-type=\"URL\" data-id=\"https:\/\/jobs.inria.fr\/public\/classic\/fr\/offres\/2024-08203\" target=\"_blank\" rel=\"noreferrer noopener\"><\/a><a href=\"https:\/\/taranis-cloud.fr\/files\/2025\/11\/M2_Internship_Proposal_Concurrent_Autonomic_Control_MAPE-K.pdf\">M2 Internship \u00ab\u00a0Concurrent Autonomic Control for the Computing Continuum\u00a0\u00bb<\/a><\/p>\n<\/div>\n\n\n\n<p class=\"has-text-color has-large-font-size\" style=\"color:#626676\"><strong>&#8212; Ing\u00e9nieur<\/strong><\/p>\n\n\n\n<div class=\"wp-block-group hvr-float animate__animated animation-on-viewport viewport:fadeInDown is-layout-flex wp-block-group-is-layout-flex\">\n<p><a href=\"https:\/\/choisirleservicepublic.gouv.fr\/offre-emploi\/ingenieur-sysadmin---plateforme-de-recherche-slices-fr-fh-ref-scsi4-reference-2025-1818006\/\" data-type=\"URL\" data-id=\"https:\/\/choisirleservicepublic.gouv.fr\/offre-emploi\/ingenieur-sysadmin---plateforme-de-recherche-slices-fr-fh-ref-scsi4-reference-2025-1818006\/\">Ing\u00e9nieur SysAdmin \u2013 plateforme de recherche SLICES-FR<\/a><br><a href=\"https:\/\/emploi.cnrs.fr\/Offres\/CDD\/UMR5505-CHLBOU-097\/Default.aspx\">Ing\u00e9nieur de recherche H\/F &#8211; D\u00e9veloppement logiciel \/ administration syst\u00e8me<\/a><\/p>\n<\/div>","protected":false},"excerpt":{"rendered":"<p>&#8212; Management Technical manager \u2013 PEPR Cloud EvangelistSLICES-RI &#8211; Directeur\/Directrice technique par int\u00e9rim &#8212; Post-doctorat Post-Doctoral\/Junior researcher position \u2013 STACK Research Group &#8212; PhD PhD position \u00ab\u00a0Orchestration d&rsquo;applications d\u00e9centralis\u00e9e et bas\u00e9e sur un march\u00e9 dans les environnements Fog et IoT\u00a0\u00bbPhD position \u00ab\u00a0Authorization specification and management in multi-cloud infrastructures\u00a0\u00bbPhD position \u00ab\u00a0Reactive\u2026<\/p>\n<p> <a class=\"continue-reading-link\" href=\"https:\/\/pepr-cloud.fr\/fr\/recrutement\/\"><span>Continuer la lecture<\/span><i class=\"crycon-right-dir\"><\/i><\/a> <\/p>\n","protected":false},"author":2468,"featured_media":0,"parent":0,"menu_order":0,"comment_status":"closed","ping_status":"closed","template":"","meta":{"_mc_calendar":[],"footnotes":""},"class_list":["post-1232","page","type-page","status-publish","hentry"],"_links":{"self":[{"href":"https:\/\/pepr-cloud.fr\/fr\/wp-json\/wp\/v2\/pages\/1232","targetHints":{"allow":["GET"]}}],"collection":[{"href":"https:\/\/pepr-cloud.fr\/fr\/wp-json\/wp\/v2\/pages"}],"about":[{"href":"https:\/\/pepr-cloud.fr\/fr\/wp-json\/wp\/v2\/types\/page"}],"author":[{"embeddable":true,"href":"https:\/\/pepr-cloud.fr\/fr\/wp-json\/wp\/v2\/users\/2468"}],"replies":[{"embeddable":true,"href":"https:\/\/pepr-cloud.fr\/fr\/wp-json\/wp\/v2\/comments?post=1232"}],"version-history":[{"count":101,"href":"https:\/\/pepr-cloud.fr\/fr\/wp-json\/wp\/v2\/pages\/1232\/revisions"}],"predecessor-version":[{"id":6205,"href":"https:\/\/pepr-cloud.fr\/fr\/wp-json\/wp\/v2\/pages\/1232\/revisions\/6205"}],"wp:attachment":[{"href":"https:\/\/pepr-cloud.fr\/fr\/wp-json\/wp\/v2\/media?parent=1232"}],"curies":[{"name":"wp","href":"https:\/\/api.w.org\/{rel}","templated":true}]}}