


{"id":1998,"date":"2024-09-20T15:24:52","date_gmt":"2024-09-20T13:24:52","guid":{"rendered":"https:\/\/pepr-cloud.fr\/fr\/?page_id=1998"},"modified":"2025-02-19T11:14:52","modified_gmt":"2025-02-19T10:14:52","slug":"1998-2","status":"publish","type":"page","link":"https:\/\/pepr-cloud.fr\/en\/personal-data-protection\/","title":{"rendered":"(Fran\u00e7ais) Protection des donn\u00e9es personnelles"},"content":{"rendered":"<div class=\"wp-block-cover animate__animated animate__fadeInDown\"><span aria-hidden=\"true\" class=\"has-background-dim-0 wp-block-cover__gradient-background has-background-dim\"><\/span><img loading=\"lazy\" decoding=\"async\" width=\"3536\" height=\"1182\" class=\"wp-block-cover__image-background wp-image-2963\" alt=\"\" src=\"https:\/\/pepr-cloud.fr\/files\/2024\/10\/Banniere-data-protection.png\" data-object-fit=\"cover\" srcset=\"https:\/\/pepr-cloud.fr\/files\/2024\/10\/Banniere-data-protection.png 3536w, https:\/\/pepr-cloud.fr\/files\/2024\/10\/Banniere-data-protection-300x100.png 300w, https:\/\/pepr-cloud.fr\/files\/2024\/10\/Banniere-data-protection-1024x342.png 1024w, https:\/\/pepr-cloud.fr\/files\/2024\/10\/Banniere-data-protection-768x257.png 768w, https:\/\/pepr-cloud.fr\/files\/2024\/10\/Banniere-data-protection-1536x513.png 1536w, https:\/\/pepr-cloud.fr\/files\/2024\/10\/Banniere-data-protection-2048x685.png 2048w, https:\/\/pepr-cloud.fr\/files\/2024\/10\/Banniere-data-protection-150x50.png 150w\" sizes=\"auto, (max-width: 3536px) 100vw, 3536px\" \/><div class=\"wp-block-cover__inner-container is-layout-flow wp-block-cover-is-layout-flow\">\n<p class=\"has-text-align-center has-large-font-size\"><\/p>\n<\/div><\/div>\n\n\n\n<div style=\"height:50px\" aria-hidden=\"true\" class=\"wp-block-spacer\"><\/div>\n\n\n\n<p>Inria, located at Domaine de Voluceau, Le Chesnay Rocquencourt, B.P. 105 78153 Cedex \u2013 France, notifies you that personal data is being processed by the PEPR Cloud managers (CEA, Inria). When certain detail is mandatory to access specific features of the website, this mandatory character is indicated at the stage of data collection. If you refuse to provide mandatory detail, you may not have access to some services.<\/p>\n\n\n\n<h2 class=\"wp-block-heading\" style=\"font-size:30px\">&#8212; <strong><strong>Personal data processed<\/strong><\/strong><\/h2>\n\n\n\n<div style=\"height:20px\" aria-hidden=\"true\" class=\"wp-block-spacer\"><\/div>\n\n\n\n<p>Personal data may be collected by Inria, Domaine de Voluceau, Le Chesnay Rocquencourt, B.P. 105 78153 Cedex \u2013 France, for the PEPR Cloud.\u00a0<\/p>\n\n\n\n<p>The IP addresses collected for statistical purposes by MATOMO are anonymized : only the first two bytes of the IP address will be retained. This process prevents from traceing back to an actual person.<\/p>\n\n\n\n<p>Type of personal data\u00a0:<\/p>\n\n\n\n<ul class=\"wp-block-list\"><li>surname<\/li><li>first name<\/li><li>e-mail address<\/li><\/ul>\n\n\n\n<p>May be collected during :<br>&#8211; exchanges through the contact form<\/p>\n\n\n\n<h2 class=\"wp-block-heading\" style=\"font-size:30px\">&#8212; <strong><strong>Data Recipients<\/strong><\/strong><\/h2>\n\n\n\n<div style=\"height:20px\" aria-hidden=\"true\" class=\"wp-block-spacer\"><\/div>\n\n\n\n<p>Data is available to\u00a0:<\/p>\n\n\n\n<ul class=\"wp-block-list\"><li>Webmaters, website administrators<\/li><li>Website administrators (including external service providers) may consult this data for technical and operational reasons.<\/li><\/ul>\n\n\n\n<h2 class=\"wp-block-heading\" style=\"font-size:30px\">&#8212; <strong><strong>Data retention duration<\/strong><\/strong><\/h2>\n\n\n\n<div style=\"height:20px\" aria-hidden=\"true\" class=\"wp-block-spacer\"><\/div>\n\n\n\n<p>To ensure the processing of requests, collected data may be kept for a period of 1 year.<\/p>\n\n\n\n<h2 class=\"wp-block-heading\" style=\"font-size:30px\">&#8212; <strong><strong>Data transfer outside the European Union<\/strong><\/strong><\/h2>\n\n\n\n<div style=\"height:20px\" aria-hidden=\"true\" class=\"wp-block-spacer\"><\/div>\n\n\n\n<p>No data transfer is made outside the European Union.<\/p>\n\n\n\n<h2 class=\"wp-block-heading\" style=\"font-size:30px\">&#8212; <strong><strong>Personal rights<\/strong><\/strong><\/h2>\n\n\n\n<div style=\"height:20px\" aria-hidden=\"true\" class=\"wp-block-spacer\"><\/div>\n\n\n\n<p>Pursuant to the statutory and regulatory provisions applicable, in particular French Data Protection Law (Law no. 78-17 of 6 January) and&nbsp; Regulation (EU) no. 2016\/679 of 27 April 2016 (applicable since 25 May&nbsp; 2018), you have the following rights:<\/p>\n\n\n\n<ul class=\"wp-block-list\"><li>access, to know which of your personal data is processed;<\/li><li>update, if any data is incorrect;<\/li><li>portability or erasure of your data;<\/li><li>restriction of processing your data;<\/li><li>opposition, for legitimate reasons, to the processing of your data<\/li><li>withdrawal of your consent to the processing of your data.<\/li><\/ul>\n\n\n\n<h2 class=\"wp-block-heading\" style=\"font-size:30px\">&#8212; <strong><strong>To assert your rights<\/strong><\/strong><\/h2>\n\n\n\n<div style=\"height:20px\" aria-hidden=\"true\" class=\"wp-block-spacer\"><\/div>\n\n\n\n<p>Fill out the <a href=\"https:\/\/pepr-cloud.fr\/en\/contact\/\" data-type=\"URL\" data-id=\"https:\/\/pepr-cloud.fr\/en\/contact\/\">contact form<\/a> on this website<\/p>\n\n\n\n<p>Vous pouvez \u00e9galement contacter la d\u00e9l\u00e9gu\u00e9e \u00e0 la protection des donn\u00e9es (DPO) d\u2019Inria :<\/p>\n\n\n\n<ul class=\"wp-block-list\"><li>by e-mail : <a href=\"mailto:dpo@inria.fr\"><u>dpo@inria.fr<\/u><\/a><\/li><li>or by letter : La d\u00e9l\u00e9gu\u00e9e \u00e0 la protection des donn\u00e9es \u2013\u00a0 Inria, 2004 route des Lucioles, BP 93, 06902 Sophia-Antipolis Cedex<\/li><\/ul>\n\n\n\n<h2 class=\"wp-block-heading\" style=\"font-size:30px\">&#8212; <strong><strong>Right to file a claim<\/strong><\/strong><\/h2>\n\n\n\n<div style=\"height:21px\" aria-hidden=\"true\" class=\"wp-block-spacer\"><\/div>\n\n\n\n<p>If you believe, after contacting us, that your data protection rights are not been respected, you have the option of submitting a complaint online to the CNIL or by post. :<\/p>\n\n\n\n<p>Commission Nationale de l\u2019Informatique et des Libert\u00e9s (CNIL)<br>&nbsp;3 Place de Fontenoy<br>&nbsp;TSA 80715<br>&nbsp;75334 PARIS CEDEX 07<br>&nbsp;Website : <a href=\"https:\/\/www.cnil.fr\"><u>www.cnil.fr<\/u><\/a><\/p>","protected":false},"excerpt":{"rendered":"<p>Inria, located at Domaine de Voluceau, Le Chesnay Rocquencourt, B.P. 105 78153 Cedex \u2013 France, notifies you that personal data is being processed by the PEPR Cloud managers (CEA, Inria). When certain detail is mandatory to access specific features of the website, this mandatory character is indicated at the stage\u2026<\/p>\n<p> <a class=\"continue-reading-link\" href=\"https:\/\/pepr-cloud.fr\/en\/personal-data-protection\/\"><span>Continuer la lecture<\/span><i class=\"crycon-right-dir\"><\/i><\/a> <\/p>\n","protected":false},"author":2468,"featured_media":0,"parent":0,"menu_order":0,"comment_status":"closed","ping_status":"closed","template":"","meta":{"_mc_calendar":[],"footnotes":""},"class_list":["post-1998","page","type-page","status-publish","hentry"],"_links":{"self":[{"href":"https:\/\/pepr-cloud.fr\/en\/wp-json\/wp\/v2\/pages\/1998","targetHints":{"allow":["GET"]}}],"collection":[{"href":"https:\/\/pepr-cloud.fr\/en\/wp-json\/wp\/v2\/pages"}],"about":[{"href":"https:\/\/pepr-cloud.fr\/en\/wp-json\/wp\/v2\/types\/page"}],"author":[{"embeddable":true,"href":"https:\/\/pepr-cloud.fr\/en\/wp-json\/wp\/v2\/users\/2468"}],"replies":[{"embeddable":true,"href":"https:\/\/pepr-cloud.fr\/en\/wp-json\/wp\/v2\/comments?post=1998"}],"version-history":[{"count":21,"href":"https:\/\/pepr-cloud.fr\/en\/wp-json\/wp\/v2\/pages\/1998\/revisions"}],"predecessor-version":[{"id":4180,"href":"https:\/\/pepr-cloud.fr\/en\/wp-json\/wp\/v2\/pages\/1998\/revisions\/4180"}],"wp:attachment":[{"href":"https:\/\/pepr-cloud.fr\/en\/wp-json\/wp\/v2\/media?parent=1998"}],"curies":[{"name":"wp","href":"https:\/\/api.w.org\/{rel}","templated":true}]}}