


{"id":1584,"date":"2024-07-23T15:21:39","date_gmt":"2024-07-23T13:21:39","guid":{"rendered":"https:\/\/pepr-cloud.fr\/fr\/?page_id=1584"},"modified":"2024-10-14T11:26:58","modified_gmt":"2024-10-14T09:26:58","slug":"politique-utilisation-cookies-brouillon","status":"publish","type":"page","link":"https:\/\/pepr-cloud.fr\/en\/cookie-use-policy\/","title":{"rendered":"(Fran\u00e7ais) Politique utilisation cookies"},"content":{"rendered":"<div class=\"wp-block-cover animate__animated animate__fadeInDown\"><span aria-hidden=\"true\" class=\"has-background-dim-0 wp-block-cover__gradient-background has-background-dim\"><\/span><img loading=\"lazy\" decoding=\"async\" width=\"3542\" height=\"1186\" class=\"wp-block-cover__image-background wp-image-2845\" alt=\"\" src=\"https:\/\/pepr-cloud.fr\/files\/2024\/10\/Banniere-cookies.png\" data-object-fit=\"cover\" srcset=\"https:\/\/pepr-cloud.fr\/files\/2024\/10\/Banniere-cookies.png 3542w, https:\/\/pepr-cloud.fr\/files\/2024\/10\/Banniere-cookies-300x100.png 300w, https:\/\/pepr-cloud.fr\/files\/2024\/10\/Banniere-cookies-1024x343.png 1024w, https:\/\/pepr-cloud.fr\/files\/2024\/10\/Banniere-cookies-768x257.png 768w, https:\/\/pepr-cloud.fr\/files\/2024\/10\/Banniere-cookies-1536x514.png 1536w, https:\/\/pepr-cloud.fr\/files\/2024\/10\/Banniere-cookies-2048x686.png 2048w, https:\/\/pepr-cloud.fr\/files\/2024\/10\/Banniere-cookies-150x50.png 150w\" sizes=\"auto, (max-width: 3542px) 100vw, 3542px\" \/><div class=\"wp-block-cover__inner-container is-layout-flow wp-block-cover-is-layout-flow\">\n<p class=\"has-text-align-center has-large-font-size\"><\/p>\n<\/div><\/div>\n\n\n\n<div style=\"height:50px\" aria-hidden=\"true\" class=\"wp-block-spacer\"><\/div>\n\n\n\n<p><strong><strong>When you visit this website, information may be recorded in \u201ccookie\u201d files stored in the browser of your terminal (computer, tablet or cell phone). This page explains what a cookie is, what it is used for and how you can accept or reject those that are not essential to the operation and management of the site.<\/strong><\/strong><\/p>\n\n\n\n<h2 class=\"has-large-font-size wp-block-heading\">&#8212; What is a cookie?<\/h2>\n\n\n\n<div style=\"height:20px\" aria-hidden=\"true\" class=\"wp-block-spacer\"><\/div>\n\n\n\n<p>A <strong>cookie<\/strong> is a small text file containing small amounts of information (notably an identifier in the form of a number, (a session for example), a choice of language, a code designed to protect your browsing, the name of the server that deposited it and possibly an expiry date) and likely to be temporarily recorded, subject to your choices for cookies not necessary for the operation of the site, on the hard disk of your terminal when you consult a web site using your browser software. Cookies are managed by your web browser, and users can read them by right-clicking on the web page and \u201cInspect code\u201d.<\/p>\n\n\n\n<p>A cookie can be either a <strong>session cookie <\/strong>or a <strong>permanent<\/strong> (or persistent) <strong>cookie<\/strong>.<\/p>\n\n\n\n<p>A session cookie persists only during the browsing session, and is deleted when the browser is closed. A permanent cookie is set for a specific period of time. This type of cookie remains on the terminal until it expires, or until it is deleted from the computer via the browser settings or extensions.<\/p>\n\n\n\n<p>The cookie does not identify you personally, but only your terminal\u2019s browser. Some cookies require your prior consent before being installed on your terminal.<\/p>\n\n\n\n<h2 class=\"has-large-font-size wp-block-heading\">&#8212; What are cookies for?<\/h2>\n\n\n\n<h3 class=\"wp-block-heading\" style=\"font-size:30px\"><em><em>The different types of cookies<\/em><\/em><\/h3>\n\n\n\n<p><strong>Mandatory cookies\u00a0: <\/strong>These are cookies placed exclusively by the site editor. They are essential for navigation on the site. These cookies cannot be deactivated or configured, otherwise you may not be able to access the site or its services, and\/or their display may be altered. They enable you to use the site\u2019s main functions and secure your connection. Depositing these cookies does not require your prior consent. Their lifetime generally does not exceed the duration of the session.<\/p>\n\n\n\n<p><strong>Functional cookies<\/strong><strong>&nbsp;: <\/strong>These cookies are necessary for the operation of the site. The deposit of these cookies does not require your prior consent. These cookies enable :<\/p>\n\n\n\n<ul class=\"wp-block-list\"><li>To compile anonymous statistics on the number of visitors to and use of the various components of the site, in order to enable the publisher to administer and improve the site.<\/li><li>To adapt the presentation of the site to your terminal\u2019s display preferences (language used, display resolution, operating system used, etc.) during your visits to the site, depending on the hardware and viewing or reading software that your terminal is equipped with.<\/li><\/ul>\n\n\n\n<p>This site uses the web analytics tool Matomo (formerly Piwik) in compliance with RGPD specifications. The Matomo tool can deposit several cookies with a lifetime ranging from session time or a few tens of minutes to 11 months<\/p>\n\n\n\n<p>Functional cookies deposited :<\/p>\n\n\n\n<figure class=\"wp-block-table\"><table><tbody><tr><td><strong>Name<\/strong><\/td><td><strong>Service provided<\/strong><\/td><td><strong>Purpose<\/strong><\/td><td><strong>Shelf life<\/strong><\/td><\/tr><tr><td>FGT Server<\/td><td>&nbsp;<\/td><td>Security and content distribution<\/td><td>1 hour<\/td><\/tr><tr><td>_pk_ses<\/td><td>Statistics ; MATOMO (Piwik)<\/td><td>Session<\/td><td>30 minuts<\/td><\/tr><tr><td>_pk_id<\/td><td>Statistics ; MATOMO (Piwik)<\/td><td>Statistics on page views<\/td><td>11 months<\/td><\/tr><tr><td>_pk_testcookie<\/td><td>Statistics ; MATOMO (Piwik)<\/td><td>Checks whether the browser accepts cookie<\/td><td>During session<\/td><\/tr><tr><td>MATOMO_SESSID<\/td><td>Statistics ; MATOMO (Piwik)<\/td><td>Safety<\/td><td>During session<\/td><\/tr><\/tbody><\/table><\/figure>\n\n\n\n<p><strong>Third-party\u201d cookies <\/strong>Some sites may include third-party applications that place \u201csocial\u201d, advertising, targeting and tracking cookies. In particular the following services:<\/p>\n\n\n\n<ul class=\"wp-block-list\"><li>Consent or refusal to accept cookies from the Axeptio tool, published by the French company Agilitation, which manages cookies.<\/li><li>Viewing content on hosts such as YouTube, Dailymotion etc. for videos.<\/li><li>Information sharing on social networks that allow you to share site content with other people or to let these other people know your consultation or your opinion concerning content on our site.<\/li><\/ul>\n\n\n\n<p>The cookies placed by these third parties may remember the pages and websites you have visited, and may collect personal data such as IP address and share it with third parties. These cookies enable advertising agencies to present you with targeted, personalized advertising. Their lifespan is variable, ranging from session time or a few tens of minutes to several years. This site has no control over the process used by content hosts and social networks to collect information relating to your browsing habits, and associated with the personal data they hold. You can manage the placement of these cookies. To view certain content, you must first accept cookies from these third parties.<\/p>\n\n\n\n<h3 class=\"wp-block-heading\" style=\"font-size:30px\"><em><em>How do I manage cookies?<\/em><\/em><\/h3>\n\n\n\n<p>Cookies whose sole purpose is not to enable or facilitate communication by electronic means or which are not strictly necessary for the provision of an online communication service at the express request of the user require the prior consent of the Internet user.<\/p>\n\n\n\n<p>Tracers whose purpose is limited to measuring the anonymous audience of the site or application, in order to meet various needs necessary for the operation and day-to-day administration of a website are not subject to consent.<\/p>\n\n\n\n<p><strong>There are several complementary ways of managing cookies<\/strong> :<\/p>\n\n\n\n<ul class=\"wp-block-list\"><li><strong>Accept or refuse <\/strong>unnecessary or non-functional cookies using the Axeptio certified consent tool. A \u201cCookie management\u201d widget button allows you to accept or refuse cookies requiring consent, in particular those from third-party companies. The widget provides information on the purposes of these cookies and a link to their privacy protection policy via a \u201c?\u201d.<\/li><li><strong>Exercise your choices with third-party companies <\/strong>by consulting their privacy protection policy. You will find there the purposes of use, in particular advertising, the browsing information that they may collect thanks to the application buttons available on the site consulted, and you will be able to configure your user accounts to accept or refuse the tracers deposited by these companies.<\/li><li><strong>Control cookies using your browser settings. <\/strong>Most of these tracers can be deactivated by setting your browser so that it only accepts tracers from the sites visited (refuse \u201cthird-party sites\u201d, tick the Do not track me box on most browsers) in the preferences of your browser software. In \u201cPrivate Browsing\u201d mode, cookies will only disappear when you close your browser window.<\/li><\/ul>\n\n\n\n<h2 class=\"has-large-font-size wp-block-heading\">&#8212; How do I configure browsers?<\/h2>\n\n\n\n<h3 class=\"wp-block-heading\" style=\"font-size:30px\"><em><em>Browser settings<\/em><\/em><\/h3>\n\n\n\n<p>To manage cookies as closely as possible to your wishes, we invite you to configure your browser according to the purpose of the cookies:<\/p>\n\n\n\n<ul class=\"wp-block-list\"><li>Internet browsers can be configured to warn you before a cookie is installed.<\/li><li>The browser can also be set to refuse all types of cookies or only third-party cookies.<\/li><li>Any cookie already installed on the computer can be deleted.<\/li><li>Each browser must be configured separately to refuse cookies.<\/li><\/ul>\n\n\n\n<h3 class=\"wp-block-heading\" style=\"font-size:30px\"><em><em>Deactivate\/delete cookies on your browser<\/em><\/em><\/h3>\n\n\n\n<p>For <strong>Internet Explorer\u2122<\/strong> :<br><a href=\"http:\/\/windows.microsoft.com\/fr-FR\/windows-vista\/Block-or-allow-cookies\" target=\"_blank\" rel=\"noreferrer noopener\">http:\/\/windows.microsoft.com\/fr-FR\/windows-vista\/Block-or-allow-cookies<\/a><\/p>\n\n\n\n<p>For <strong>Safari\u2122<\/strong> :<br><a href=\"https:\/\/support.apple.com\/en-ie\/guide\/safari\/sfri11471\/mac\" target=\"_blank\" rel=\"noreferrer noopener\">https:\/\/support.apple.com\/en-ie\/guide\/safari\/sfri11471\/mac<\/a><\/p>\n\n\n\n<p>For <strong>Safari\u2122mobile<\/strong>&nbsp;:<br><a href=\"https:\/\/support.apple.com\/en-us\/HT201265\">https:\/\/support.apple.com\/en-us\/HT201265<\/a><\/p>\n\n\n\n<p>For <strong>Chrome\u2122<\/strong> :<br><a href=\"https:\/\/support.google.com\/chrome\/bin\/answer.py?hl=fr&amp;hlrm=en&amp;answer=95647\" target=\"_blank\" rel=\"noreferrer noopener\">http:\/\/support.google.com\/chrome\/bin\/answer.py?hl=fr&amp;hlrm=en&amp;answer=95647<\/a><\/p>\n\n\n\n<p>For <strong>Firefox\u2122<\/strong> :<br><a href=\"https:\/\/support.mozilla.org\/fr\/kb\/activer-desactiver-cookies\" target=\"_blank\" rel=\"noreferrer noopener\">http:\/\/support.mozilla.org\/fr\/kb\/activer-desactiver-cookies<\/a><\/p>\n\n\n\n<p>For <strong>Opera\u2122<\/strong> :<br><a href=\"http:\/\/help.opera.com\/Windows\/10.20\/fr\/cookies.html\" target=\"_blank\" rel=\"noreferrer noopener\">http:\/\/help.opera.com\/Windows\/10.20\/fr\/cookies.html<\/a><\/p>\n\n\n\n<p>For <strong>Microsoft&nbsp;Edge\u2122<\/strong> :<br><a href=\"https:\/\/privacy.microsoft.com\/fr-fr\/windows-10-microsoft-edge-and-privacy\" target=\"_blank\" rel=\"noreferrer noopener\">https:\/\/privacy.microsoft.com\/fr-fr\/windows-10-microsoft-edge-and-privacy<\/a><\/p>\n\n\n\n<p>Use cookie and other tracker <strong>blockers<\/strong>&nbsp;via browser extensions such as :<\/p>\n\n\n\n<ul class=\"wp-block-list\"><li>Privacy Badger from the Electronic Frontier Foundation for Edge, Chrome, Firefox, Opera, Firefox on Android <a href=\"https:\/\/privacybadger.org\/\"><u>https:\/\/privacybadger.org\/<\/u><\/a><\/li><li>\u2013 EditThisCookie for Chrome and Opera browsers<\/li><li><a href=\"http:\/\/www.editthiscookie.com\/\">http:\/\/www.editthiscookie.com\/<\/a><\/li><\/ul>\n\n\n\n<p><em>Warning: blocking mandatory or functional cookies may disrupt your browsing and restrict the services offered.<\/em><\/p>\n\n\n\n<p>Managing advertising cookies for certain advertisers on two professional platforms and at Google&nbsp;:<\/p>\n\n\n\n<ul class=\"wp-block-list\"><li><a href=\"https:\/\/www.networkadvertising.org\/choices\/\" target=\"_blank\" rel=\"noreferrer noopener\">http:\/\/www.networkadvertising.org\/choices\/<\/a>(NAI)<\/li><li><a href=\"http:\/\/www.youronlinechoices.com\/fr\/controler-ses-cookies\/\" target=\"_blank\" rel=\"noreferrer noopener\">http:\/\/www.youronlinechoices.com\/fr\/controler-ses-cookies\/<\/a>(EDAA)<\/li><li><a href=\"https:\/\/policies.google.com\/technologies\/ads\">https:\/\/policies.google.com\/technologies\/ads<\/a><\/li><\/ul>\n\n\n\n<h3 class=\"wp-block-heading\" style=\"font-size:30px\"><em><em>Deactivate social network cookies<\/em><\/em><\/h3>\n\n\n\n<div style=\"height:20px\" aria-hidden=\"true\" class=\"wp-block-spacer\"><\/div>\n\n\n\n<ul class=\"wp-block-list\"><li><strong><strong>Facebook<\/strong> : <a rel=\"noreferrer noopener\" href=\"https:\/\/www.facebook.com\/policies\/cookies\/\" target=\"_blank\">https:\/\/www.facebook.com\/policies\/cookies\/<\/a><\/strong><\/li><li><strong>T<strong>witter<\/strong> : <a rel=\"noreferrer noopener\" href=\"https:\/\/support.twitter.com\/articles\/20170518-utilisation-des-cookies-et-des-technologies-similaires-par-twitter\" target=\"_blank\">https:\/\/support.twitter.com\/articles\/20170518-utilisation-des-cookies-et-des-technologies-similaires-par-twitter<\/a><\/strong><\/li><li><strong><a rel=\"noreferrer noopener\" href=\"https:\/\/support.twitter.com\/articles\/20170518-utilisation-des-cookies-et-des-technologies-similaires-par-twitter\" target=\"_blank\">https:\/\/support.twitter.com\/articles\/20171379-twitter-prend-en-charge-la-desactivation-du-suivi-dnt#<\/a><\/strong><\/li><li><strong>L<strong>inkedIn<\/strong> : <a rel=\"noreferrer noopener\" href=\"http:\/\/www.linkedin.com\/legal\/cookie-policy\" target=\"_blank\">http:\/\/www.linkedin.com\/legal\/cookie-policy<\/a><\/strong><\/li><\/ul>\n\n\n\n<h3 class=\"wp-block-heading\" style=\"font-size:30px\"><em><em>Setting up your smartphone<\/em><\/em><\/h3>\n\n\n\n<p>For<strong> iOS\u2122<\/strong> :&nbsp;<a href=\"https:\/\/support.apple.com\/fr-fr\/HT201265\" target=\"_blank\" rel=\"noreferrer noopener\">https:\/\/support.apple.com\/fr-fr\/HT201265<\/a><\/p>\n\n\n\n<p>For <strong>Android\u2122<\/strong> :&nbsp;<a href=\"https:\/\/support.google.com\/accounts\/answer\/32050?hl=fr&amp;co=GENIE.Platform=Android\" target=\"_blank\" rel=\"noreferrer noopener\">https:\/\/support.google.com\/accounts\/answer\/32050?hl=fr&amp;co=GENIE.Platform%3DAndroid<\/a><\/p>\n\n\n\n<p><strong>Other browsers: <\/strong>For more information on how to manage cookies via other browsers, please consult your documentation or online help files.<\/p>\n\n\n\n<p>You can also visit the <a href=\"https:\/\/www.cnil.fr\/\"><strong>CNIL <\/strong><\/a>&nbsp;to learn how to configure your browser to control the placement of cookies on your terminal.<br><a href=\"https:\/\/www.cnil.fr\/fr\/les-conseils-de-la-cnil-pour-maitriser-votre-navigateur\" target=\"_blank\" rel=\"noreferrer noopener\">https:\/\/www.cnil.fr\/fr\/les-conseils-de-la-cnil-pour-maitriser-votre-navigateur<\/a><\/p>\n\n\n\n<p>Do you have any questions about cookies on this site?<\/p>\n\n\n\n<p>If you have any questions about our cookie management policy, please contact <strong>the Inria Data Protection Officer<\/strong>:<\/p>\n\n\n\n<ul class=\"wp-block-list\"><li>By e-mail : dpo@inria.fr<\/li><\/ul>\n\n\n\n<p>By post<a> : La d\u00e9l\u00e9gu\u00e9e \u00e0 la protection des donn\u00e9es \u2013&nbsp; Inria, 2004 route des Lucioles, BP 93, 06902 Sophia-Antipolis Cedex<\/a><\/p>","protected":false},"excerpt":{"rendered":"<p>When you visit this website, information may be recorded in \u201ccookie\u201d files stored in the browser of your terminal (computer, tablet or cell phone). This page explains what a cookie is, what it is used for and how you can accept or reject those that are not essential to the\u2026<\/p>\n<p> <a class=\"continue-reading-link\" href=\"https:\/\/pepr-cloud.fr\/en\/cookie-use-policy\/\"><span>Continuer la lecture<\/span><i class=\"crycon-right-dir\"><\/i><\/a> <\/p>\n","protected":false},"author":2468,"featured_media":0,"parent":0,"menu_order":0,"comment_status":"closed","ping_status":"closed","template":"","meta":{"_mc_calendar":[],"footnotes":""},"class_list":["post-1584","page","type-page","status-publish","hentry"],"_links":{"self":[{"href":"https:\/\/pepr-cloud.fr\/en\/wp-json\/wp\/v2\/pages\/1584","targetHints":{"allow":["GET"]}}],"collection":[{"href":"https:\/\/pepr-cloud.fr\/en\/wp-json\/wp\/v2\/pages"}],"about":[{"href":"https:\/\/pepr-cloud.fr\/en\/wp-json\/wp\/v2\/types\/page"}],"author":[{"embeddable":true,"href":"https:\/\/pepr-cloud.fr\/en\/wp-json\/wp\/v2\/users\/2468"}],"replies":[{"embeddable":true,"href":"https:\/\/pepr-cloud.fr\/en\/wp-json\/wp\/v2\/comments?post=1584"}],"version-history":[{"count":16,"href":"https:\/\/pepr-cloud.fr\/en\/wp-json\/wp\/v2\/pages\/1584\/revisions"}],"predecessor-version":[{"id":2848,"href":"https:\/\/pepr-cloud.fr\/en\/wp-json\/wp\/v2\/pages\/1584\/revisions\/2848"}],"wp:attachment":[{"href":"https:\/\/pepr-cloud.fr\/en\/wp-json\/wp\/v2\/media?parent=1584"}],"curies":[{"name":"wp","href":"https:\/\/api.w.org\/{rel}","templated":true}]}}