


{"id":1575,"date":"2024-07-23T15:28:09","date_gmt":"2024-07-23T13:28:09","guid":{"rendered":"https:\/\/pepr-cloud.fr\/fr\/?page_id=1575"},"modified":"2024-10-14T11:10:27","modified_gmt":"2024-10-14T09:10:27","slug":"accesibilite-brouillon","status":"publish","type":"page","link":"https:\/\/pepr-cloud.fr\/en\/accessibility\/","title":{"rendered":"(Fran\u00e7ais) Accessibilit\u00e9"},"content":{"rendered":"<div class=\"wp-block-cover animate__animated animate__fadeInDown\"><span aria-hidden=\"true\" class=\"has-background-dim-0 wp-block-cover__gradient-background has-background-dim\"><\/span><img loading=\"lazy\" decoding=\"async\" width=\"3552\" height=\"1182\" class=\"wp-block-cover__image-background wp-image-2840\" alt=\"\" src=\"https:\/\/pepr-cloud.fr\/files\/2024\/10\/Banniere-accessibility.png\" data-object-fit=\"cover\" srcset=\"https:\/\/pepr-cloud.fr\/files\/2024\/10\/Banniere-accessibility.png 3552w, https:\/\/pepr-cloud.fr\/files\/2024\/10\/Banniere-accessibility-300x100.png 300w, https:\/\/pepr-cloud.fr\/files\/2024\/10\/Banniere-accessibility-1024x341.png 1024w, https:\/\/pepr-cloud.fr\/files\/2024\/10\/Banniere-accessibility-768x256.png 768w, https:\/\/pepr-cloud.fr\/files\/2024\/10\/Banniere-accessibility-1536x511.png 1536w, https:\/\/pepr-cloud.fr\/files\/2024\/10\/Banniere-accessibility-2048x682.png 2048w, https:\/\/pepr-cloud.fr\/files\/2024\/10\/Banniere-accessibility-150x50.png 150w\" sizes=\"auto, (max-width: 3552px) 100vw, 3552px\" \/><div class=\"wp-block-cover__inner-container is-layout-flow wp-block-cover-is-layout-flow\">\n<p class=\"has-text-align-center has-large-font-size\"><\/p>\n<\/div><\/div>\n\n\n\n<div style=\"height:50px\" aria-hidden=\"true\" class=\"wp-block-spacer\"><\/div>\n\n\n\n<h2 class=\"has-large-font-size wp-block-heading\"><strong><strong>Compliance status<\/strong><\/strong><\/h2>\n\n\n\n<p>The PEPR Cloud website is not compliant with the RGAA <a rel=\"noreferrer noopener\" href=\"https:\/\/accessibilite.numerique.gouv.fr\/\" target=\"_blank\">r\u00e9f\u00e9rentiel g\u00e9n\u00e9ral d\u2019am\u00e9lioration de l\u2019accessibilit\u00e9 (RGAA)<\/a> and the <a rel=\"noreferrer noopener\" href=\"https:\/\/checklists.opquast.com\/fr\/assurance-qualite-web\/\" target=\"_blank\">checklist Opquast<\/a>.<br>The PEPR Cloud undertakes to make its site accessible in accordance with article 47 of law no. 2005-102 of February 11, 2005.<br>To this end, a digital accessibility plan and action plan must be drawn up.<\/p>\n\n\n\n<h2 class=\"has-large-font-size wp-block-heading\"><strong><strong>Feedback and contact<\/strong><\/strong><\/h2>\n\n\n\n<p>If you are unable to access any content or service, you may contact the website manager to be directed to an accessible alternative or to obtain the content in another form.<\/p>\n\n\n\n<ul class=\"wp-block-list\"><li>Contact us by post: : PEPR Cloud, Inria, 2004 route des Lucioles, BP 93, 06902 Sophia-Antipolis Cedex<\/li><li>Send a message using <a href=\"https:\/\/pepr-cloud.fr\/fr\/contact\/\" data-type=\"URL\" data-id=\"https:\/\/pepr-cloud.fr\/fr\/contact\/\">contact form<\/a>. <\/li><\/ul>\n\n\n\n<h3 class=\"has-large-font-size wp-block-heading\"><strong><strong>Review procedures<\/strong><\/strong><\/h3>\n\n\n\n<p>If you have notified the website manager of a lack of accessibility that prevents you from accessing content or services on the portal and you have not received a satisfactory response:<\/p>\n\n\n\n<ul class=\"wp-block-list\"><li>Write a message to <a href=\"https:\/\/formulaire.defenseurdesdroits.fr\/formulaire_saisine\/\" data-type=\"URL\" data-id=\"https:\/\/formulaire.defenseurdesdroits.fr\/formulaire_saisine\/\">D\u00e9fenseur des droits<\/a><\/li><li>Contact the rights defender&#8217;s delegate : <a href=\"https:\/\/www.defenseurdesdroits.fr\/saisir\/delegues\">D\u00e9fenseur des droits dans votre r\u00e9gion<\/a><\/li><li>Send a letter by post (free, do not use stamps): <br>D\u00e9fenseur des droits<br>Libre r\u00e9ponse 71120<br>75342 Paris CEDEX 07<\/li><\/ul>","protected":false},"excerpt":{"rendered":"<p>Compliance status The PEPR Cloud website is not compliant with the RGAA r\u00e9f\u00e9rentiel g\u00e9n\u00e9ral d\u2019am\u00e9lioration de l\u2019accessibilit\u00e9 (RGAA) and the checklist Opquast.The PEPR Cloud undertakes to make its site accessible in accordance with article 47 of law no. 2005-102 of February 11, 2005.To this end, a digital accessibility plan and\u2026<\/p>\n<p> <a class=\"continue-reading-link\" href=\"https:\/\/pepr-cloud.fr\/en\/accessibility\/\"><span>Continuer la lecture<\/span><i class=\"crycon-right-dir\"><\/i><\/a> <\/p>\n","protected":false},"author":2468,"featured_media":0,"parent":0,"menu_order":0,"comment_status":"closed","ping_status":"closed","template":"","meta":{"_mc_calendar":[],"footnotes":""},"class_list":["post-1575","page","type-page","status-publish","hentry"],"_links":{"self":[{"href":"https:\/\/pepr-cloud.fr\/en\/wp-json\/wp\/v2\/pages\/1575","targetHints":{"allow":["GET"]}}],"collection":[{"href":"https:\/\/pepr-cloud.fr\/en\/wp-json\/wp\/v2\/pages"}],"about":[{"href":"https:\/\/pepr-cloud.fr\/en\/wp-json\/wp\/v2\/types\/page"}],"author":[{"embeddable":true,"href":"https:\/\/pepr-cloud.fr\/en\/wp-json\/wp\/v2\/users\/2468"}],"replies":[{"embeddable":true,"href":"https:\/\/pepr-cloud.fr\/en\/wp-json\/wp\/v2\/comments?post=1575"}],"version-history":[{"count":12,"href":"https:\/\/pepr-cloud.fr\/en\/wp-json\/wp\/v2\/pages\/1575\/revisions"}],"predecessor-version":[{"id":2841,"href":"https:\/\/pepr-cloud.fr\/en\/wp-json\/wp\/v2\/pages\/1575\/revisions\/2841"}],"wp:attachment":[{"href":"https:\/\/pepr-cloud.fr\/en\/wp-json\/wp\/v2\/media?parent=1575"}],"curies":[{"name":"wp","href":"https:\/\/api.w.org\/{rel}","templated":true}]}}